{"id":19722,"date":"2022-06-20T18:00:10","date_gmt":"2022-06-20T18:00:10","guid":{"rendered":"https:\/\/grape-picking.com\/?page_id=19722"},"modified":"2022-06-20T18:09:27","modified_gmt":"2022-06-20T18:09:27","slug":"algemene-voorwaarden","status":"publish","type":"page","link":"https:\/\/grape-picking.com\/sv\/algemene-voorwaarden\/","title":{"rendered":"Allm\u00e4nna villkor och anvisningar"},"content":{"rendered":"<div data-elementor-type=\"wp-page\" data-elementor-id=\"19722\" class=\"elementor elementor-19722\" data-elementor-post-type=\"page\">\n\t\t\t\t\t\t<section class=\"elementor-section elementor-top-section elementor-element elementor-element-2cec084 elementor-section-boxed elementor-section-height-default elementor-section-height-default\" data-id=\"2cec084\" data-element_type=\"section\" data-e-type=\"section\">\n\t\t\t\t\t\t<div class=\"elementor-container elementor-column-gap-default\">\n\t\t\t\t\t<div class=\"elementor-column elementor-col-100 elementor-top-column elementor-element elementor-element-fbeeb53\" data-id=\"fbeeb53\" data-element_type=\"column\" data-e-type=\"column\">\n\t\t\t<div class=\"elementor-widget-wrap elementor-element-populated\">\n\t\t\t\t\t\t<div class=\"elementor-element elementor-element-6ca04d7 elementor-widget elementor-widget-heading\" data-id=\"6ca04d7\" data-element_type=\"widget\" data-e-type=\"widget\" data-widget_type=\"heading.default\">\n\t\t\t\t<div class=\"elementor-widget-container\">\n\t\t\t\t\t<h2 class=\"elementor-heading-title elementor-size-default\">L\u00e4gg till din rubrik h\u00e4r<\/h2>\t\t\t\t<\/div>\n\t\t\t\t<\/div>\n\t\t\t\t\t<\/div>\n\t\t<\/div>\n\t\t\t\t\t<\/div>\n\t\t<\/section>\n\t\t\t\t<section class=\"elementor-section elementor-top-section elementor-element elementor-element-b574b84 elementor-section-boxed elementor-section-height-default elementor-section-height-default\" data-id=\"b574b84\" data-element_type=\"section\" data-e-type=\"section\">\n\t\t\t\t\t\t<div class=\"elementor-container elementor-column-gap-default\">\n\t\t\t\t\t<div class=\"elementor-column elementor-col-100 elementor-top-column elementor-element elementor-element-276623f\" data-id=\"276623f\" data-element_type=\"column\" data-e-type=\"column\">\n\t\t\t<div class=\"elementor-widget-wrap elementor-element-populated\">\n\t\t\t\t\t\t<div class=\"elementor-element elementor-element-ace8e9d elementor-widget elementor-widget-heading\" data-id=\"ace8e9d\" data-element_type=\"widget\" data-e-type=\"widget\" data-widget_type=\"heading.default\">\n\t\t\t\t<div class=\"elementor-widget-container\">\n\t\t\t\t\t<h2 class=\"elementor-heading-title elementor-size-default\">jfhjff<\/h2>\t\t\t\t<\/div>\n\t\t\t\t<\/div>\n\t\t\t\t\t<\/div>\n\t\t<\/div>\n\t\t\t\t\t<\/div>\n\t\t<\/section>\n\t\t\t\t<section class=\"elementor-section elementor-top-section elementor-element elementor-element-715481b elementor-section-boxed elementor-section-height-default elementor-section-height-default\" data-id=\"715481b\" data-element_type=\"section\" data-e-type=\"section\">\n\t\t\t\t\t\t<div class=\"elementor-container elementor-column-gap-default\">\n\t\t\t\t\t<div class=\"elementor-column elementor-col-100 elementor-top-column elementor-element elementor-element-d50f90d\" data-id=\"d50f90d\" data-element_type=\"column\" data-e-type=\"column\">\n\t\t\t<div class=\"elementor-widget-wrap elementor-element-populated\">\n\t\t\t\t\t\t<div class=\"elementor-element elementor-element-aa62836 elementor-widget elementor-widget-spacer\" data-id=\"aa62836\" data-element_type=\"widget\" data-e-type=\"widget\" data-widget_type=\"spacer.default\">\n\t\t\t\t<div class=\"elementor-widget-container\">\n\t\t\t\t\t\t\t<div class=\"elementor-spacer\">\n\t\t\t<div class=\"elementor-spacer-inner\"><\/div>\n\t\t<\/div>\n\t\t\t\t\t\t<\/div>\n\t\t\t\t<\/div>\n\t\t\t\t\t<\/div>\n\t\t<\/div>\n\t\t\t\t\t<\/div>\n\t\t<\/section>\n\t\t\t\t<section class=\"elementor-section elementor-top-section elementor-element elementor-element-22bc020 elementor-section-boxed elementor-section-height-default elementor-section-height-default\" data-id=\"22bc020\" data-element_type=\"section\" data-e-type=\"section\">\n\t\t\t\t\t\t<div class=\"elementor-container elementor-column-gap-default\">\n\t\t\t\t\t<div class=\"elementor-column elementor-col-100 elementor-top-column elementor-element elementor-element-23cf028\" data-id=\"23cf028\" data-element_type=\"column\" data-e-type=\"column\">\n\t\t\t<div class=\"elementor-widget-wrap elementor-element-populated\">\n\t\t\t\t\t\t<div class=\"elementor-element elementor-element-7cfa94b elementor-widget elementor-widget-heading\" data-id=\"7cfa94b\" data-element_type=\"widget\" data-e-type=\"widget\" data-widget_type=\"heading.default\">\n\t\t\t\t<div class=\"elementor-widget-container\">\n\t\t\t\t\t<h2 class=\"elementor-heading-title elementor-size-default\">Allm\u00e4nna villkor och anvisningar<\/h2>\t\t\t\t<\/div>\n\t\t\t\t<\/div>\n\t\t\t\t\t<\/div>\n\t\t<\/div>\n\t\t\t\t\t<\/div>\n\t\t<\/section>\n\t\t\t\t<section class=\"elementor-section elementor-top-section elementor-element elementor-element-ce0adca elementor-section-boxed elementor-section-height-default elementor-section-height-default\" data-id=\"ce0adca\" data-element_type=\"section\" data-e-type=\"section\" data-settings=\"{&quot;background_background&quot;:&quot;classic&quot;}\">\n\t\t\t\t\t\t<div class=\"elementor-container elementor-column-gap-default\">\n\t\t\t\t\t<div class=\"elementor-column elementor-col-100 elementor-top-column elementor-element elementor-element-1752394\" data-id=\"1752394\" data-element_type=\"column\" data-e-type=\"column\">\n\t\t\t<div class=\"elementor-widget-wrap elementor-element-populated\">\n\t\t\t\t\t\t<div class=\"elementor-element elementor-element-babc99d elementor-widget elementor-widget-text-editor\" data-id=\"babc99d\" data-element_type=\"widget\" data-e-type=\"widget\" data-widget_type=\"text-editor.default\">\n\t\t\t\t<div class=\"elementor-widget-container\">\n\t\t\t\t\t\t\t\t\t<p><br \/>P\u00e5 denna sida hittar du APCONs allm\u00e4nna villkor. I dessa allm\u00e4nna<br \/>villkor, anger vi de villkor under vilka vi tillhandah\u00e5ller informationen p\u00e5 v\u00e5r webbplats.<br \/>webbplats till dig.<\/p><p><br \/><strong>Immateriella r\u00e4ttigheter<\/strong><\/p><p><br \/>Anv\u00e4ndningen av informationen p\u00e5 denna webbplats \u00e4r kostnadsfri s\u00e5 l\u00e4nge du inte<br \/>kopiera, distribuera eller p\u00e5 annat s\u00e4tt anv\u00e4nda eller missbruka den. Du f\u00e5r inte anv\u00e4nda<br \/>\u00e5teranv\u00e4nda information p\u00e5 denna webbplats endast i enlighet med best\u00e4mmelserna i<br \/>tvingande lag.<br \/>Utan uttryckligt skriftligt medgivande fr\u00e5n,<br \/>\u00e5teranv\u00e4nda fotografiskt eller annat material p\u00e5 denna webbplats. Den<br \/>immateriella r\u00e4ttigheter tillh\u00f6r .<\/p><p><br \/><strong>Om till\u00e4mpligt:<\/strong><\/p><p><br \/>F\u00f6r de priser som anges p\u00e5 v\u00e5r webbplats str\u00e4var vi efter att vara s\u00e5<br \/>noggrann \u00e5tergivning av verkligheten och avsedda priser. Felaktigheter som<br \/>som uppst\u00e5r till f\u00f6ljd av detta och som kan identifieras som programmerings- eller skrivfel, utg\u00f6r<br \/>aldrig en anledning att h\u00e4vda ett kontrakt eller avtal med<br \/>eller att anta.<br \/>\u00a0str\u00e4var efter att h\u00e5lla sin webbplats s\u00e5 aktuell som m\u00f6jligt. Skulle, trots dessa anstr\u00e4ngningar<br \/>informationen om eller inneh\u00e5llet i \u00e4r ofullst\u00e4ndigt och eller felaktigt, kan vi<br \/>accepterar inget ansvar f\u00f6r detta.<br \/>Informationen och\/eller produkterna p\u00e5 denna webbplats erbjuds utan n\u00e5gon<br \/>form av garanti och eller krav p\u00e5 riktighet. Vi f\u00f6rbeh\u00e5ller oss r\u00e4tten att<br \/>modifiera, ta bort eller \u00e5terpublicera detta material utan n\u00e5gon<br \/>Vi tar inget ansvar f\u00f6r n\u00e5gon information eller n\u00e5gra<br \/>som finns p\u00e5 webbplatser som vi l\u00e4nkar till via hyperl\u00e4nkar.<\/p><p><br \/><strong>F\u00f6r\u00e4ndringar<\/strong><\/p><p>Om dessa villkor \u00e4ndras, hittar du den senaste versionen<br \/>av ansvarsfriskrivningen p\u00e5 denna sida.<\/p>\t\t\t\t\t\t\t\t<\/div>\n\t\t\t\t<\/div>\n\t\t\t\t\t<\/div>\n\t\t<\/div>\n\t\t\t\t\t<\/div>\n\t\t<\/section>\n\t\t\t\t<\/div>","protected":false},"excerpt":{"rendered":"<p>Voeg je header hier toe jfhjff Algemene Voorwaarden Op deze pagina vindt u de algemene voorwaarden van\u00a0APCON. In deze algemenevoorwaarden geven wij aan onder welk voorbehoud wij de informatie op onzewebsite aan u aanbieden. Intellectueel eigendom Het gebruik van de informatie op deze website is gratis zolang u deze informatie [&hellip;]<\/p>\n","protected":false},"author":1,"featured_media":0,"parent":0,"menu_order":0,"comment_status":"closed","ping_status":"closed","template":"","meta":{"_glsr_average":0,"_glsr_ranking":0,"_glsr_reviews":0,"footnotes":""},"class_list":["post-19722","page","type-page","status-publish","hentry"],"_links":{"self":[{"href":"https:\/\/grape-picking.com\/sv\/wp-json\/wp\/v2\/pages\/19722","targetHints":{"allow":["GET"]}}],"collection":[{"href":"https:\/\/grape-picking.com\/sv\/wp-json\/wp\/v2\/pages"}],"about":[{"href":"https:\/\/grape-picking.com\/sv\/wp-json\/wp\/v2\/types\/page"}],"author":[{"embeddable":true,"href":"https:\/\/grape-picking.com\/sv\/wp-json\/wp\/v2\/users\/1"}],"replies":[{"embeddable":true,"href":"https:\/\/grape-picking.com\/sv\/wp-json\/wp\/v2\/comments?post=19722"}],"version-history":[{"count":4,"href":"https:\/\/grape-picking.com\/sv\/wp-json\/wp\/v2\/pages\/19722\/revisions"}],"predecessor-version":[{"id":19726,"href":"https:\/\/grape-picking.com\/sv\/wp-json\/wp\/v2\/pages\/19722\/revisions\/19726"}],"wp:attachment":[{"href":"https:\/\/grape-picking.com\/sv\/wp-json\/wp\/v2\/media?parent=19722"}],"curies":[{"name":"wp","href":"https:\/\/api.w.org\/{rel}","templated":true}]}}