{"id":16013,"date":"2020-07-26T14:32:39","date_gmt":"2020-07-26T14:32:39","guid":{"rendered":"http:\/\/www.dipjeweg.nl\/?page_id=3"},"modified":"2022-06-07T20:44:37","modified_gmt":"2022-06-07T20:44:37","slug":"privacypolicy","status":"publish","type":"page","link":"https:\/\/grape-picking.com\/sv\/privacypolicy\/","title":{"rendered":"Privacybeleid"},"content":{"rendered":"<div data-elementor-type=\"wp-page\" data-elementor-id=\"16013\" class=\"elementor elementor-16013\" data-elementor-post-type=\"page\">\n\t\t\t\t\t\t<section class=\"elementor-section elementor-top-section elementor-element elementor-element-6dbb9d88 elementor-section-boxed elementor-section-height-default elementor-section-height-default\" data-id=\"6dbb9d88\" data-element_type=\"section\" data-e-type=\"section\">\n\t\t\t\t\t\t<div class=\"elementor-container elementor-column-gap-default\">\n\t\t\t\t\t<div class=\"elementor-column elementor-col-100 elementor-top-column elementor-element elementor-element-3c00ffa6\" data-id=\"3c00ffa6\" data-element_type=\"column\" data-e-type=\"column\">\n\t\t\t<div class=\"elementor-widget-wrap elementor-element-populated\">\n\t\t\t\t\t\t\t<\/div>\n\t\t<\/div>\n\t\t\t\t\t<\/div>\n\t\t<\/section>\n\t\t\t\t<section class=\"elementor-section elementor-top-section elementor-element elementor-element-08db7c9 elementor-section-boxed elementor-section-height-default elementor-section-height-default\" data-id=\"08db7c9\" data-element_type=\"section\" data-e-type=\"section\">\n\t\t\t\t\t\t<div class=\"elementor-container elementor-column-gap-default\">\n\t\t\t\t\t<div class=\"elementor-column elementor-col-100 elementor-top-column elementor-element elementor-element-dc99fe9\" data-id=\"dc99fe9\" data-element_type=\"column\" data-e-type=\"column\">\n\t\t\t<div class=\"elementor-widget-wrap elementor-element-populated\">\n\t\t\t\t\t\t<div class=\"elementor-element elementor-element-c8582a3 elementor-widget elementor-widget-heading\" data-id=\"c8582a3\" data-element_type=\"widget\" data-e-type=\"widget\" data-widget_type=\"heading.default\">\n\t\t\t\t<div class=\"elementor-widget-container\">\n\t\t\t\t\t<h2 class=\"elementor-heading-title elementor-size-default\">Integritetspolicy<\/h2>\t\t\t\t<\/div>\n\t\t\t\t<\/div>\n\t\t\t\t\t<\/div>\n\t\t<\/div>\n\t\t\t\t\t<\/div>\n\t\t<\/section>\n\t\t\t\t<section class=\"elementor-section elementor-top-section elementor-element elementor-element-e03159e elementor-section-boxed elementor-section-height-default elementor-section-height-default\" data-id=\"e03159e\" data-element_type=\"section\" data-e-type=\"section\">\n\t\t\t\t\t\t<div class=\"elementor-container elementor-column-gap-default\">\n\t\t\t\t\t<div class=\"elementor-column elementor-col-100 elementor-top-column elementor-element elementor-element-bebc9df\" data-id=\"bebc9df\" data-element_type=\"column\" data-e-type=\"column\">\n\t\t\t<div class=\"elementor-widget-wrap\">\n\t\t\t\t\t\t\t<\/div>\n\t\t<\/div>\n\t\t\t\t\t<\/div>\n\t\t<\/section>\n\t\t\t\t<section class=\"elementor-section elementor-top-section elementor-element elementor-element-35122bd1 elementor-section-full_width elementor-section-height-min-height elementor-section-height-default elementor-section-items-middle\" data-id=\"35122bd1\" data-element_type=\"section\" data-e-type=\"section\" data-settings=\"{&quot;background_background&quot;:&quot;classic&quot;}\">\n\t\t\t\t\t\t\t<div class=\"elementor-background-overlay\"><\/div>\n\t\t\t\t\t\t\t<div class=\"elementor-container elementor-column-gap-default\">\n\t\t\t\t\t<div class=\"elementor-column elementor-col-33 elementor-top-column elementor-element elementor-element-5b38e396\" data-id=\"5b38e396\" data-element_type=\"column\" data-e-type=\"column\">\n\t\t\t<div class=\"elementor-widget-wrap\">\n\t\t\t\t\t\t\t<\/div>\n\t\t<\/div>\n\t\t\t\t<div class=\"elementor-column elementor-col-33 elementor-top-column elementor-element elementor-element-20aa2c63\" data-id=\"20aa2c63\" data-element_type=\"column\" data-e-type=\"column\">\n\t\t\t<div class=\"elementor-widget-wrap elementor-element-populated\">\n\t\t\t\t\t\t<div class=\"elementor-element elementor-element-381609f1 elementor-widget elementor-widget-heading\" data-id=\"381609f1\" data-element_type=\"widget\" data-e-type=\"widget\" data-widget_type=\"heading.default\">\n\t\t\t\t<div class=\"elementor-widget-container\">\n\t\t\t\t\t<h2 class=\"elementor-heading-title elementor-size-default\">Integritetspolicy<\/h2>\t\t\t\t<\/div>\n\t\t\t\t<\/div>\n\t\t\t\t\t<\/div>\n\t\t<\/div>\n\t\t\t\t<div class=\"elementor-column elementor-col-33 elementor-top-column elementor-element elementor-element-165af53e\" data-id=\"165af53e\" data-element_type=\"column\" data-e-type=\"column\">\n\t\t\t<div class=\"elementor-widget-wrap\">\n\t\t\t\t\t\t\t<\/div>\n\t\t<\/div>\n\t\t\t\t\t<\/div>\n\t\t<\/section>\n\t\t\t\t<section class=\"elementor-section elementor-top-section elementor-element elementor-element-eef85e6 elementor-section-boxed elementor-section-height-default elementor-section-height-default\" data-id=\"eef85e6\" data-element_type=\"section\" data-e-type=\"section\" data-settings=\"{&quot;background_background&quot;:&quot;classic&quot;}\">\n\t\t\t\t\t\t<div class=\"elementor-container elementor-column-gap-default\">\n\t\t\t\t\t<div class=\"elementor-column elementor-col-100 elementor-top-column elementor-element elementor-element-352d98c\" data-id=\"352d98c\" data-element_type=\"column\" data-e-type=\"column\">\n\t\t\t<div class=\"elementor-widget-wrap elementor-element-populated\">\n\t\t\t\t\t\t<div class=\"elementor-element elementor-element-7c36d67 elementor-widget elementor-widget-spacer\" data-id=\"7c36d67\" data-element_type=\"widget\" data-e-type=\"widget\" data-widget_type=\"spacer.default\">\n\t\t\t\t<div class=\"elementor-widget-container\">\n\t\t\t\t\t\t\t<div class=\"elementor-spacer\">\n\t\t\t<div class=\"elementor-spacer-inner\"><\/div>\n\t\t<\/div>\n\t\t\t\t\t\t<\/div>\n\t\t\t\t<\/div>\n\t\t\t\t\t<\/div>\n\t\t<\/div>\n\t\t\t\t\t<\/div>\n\t\t<\/section>\n\t\t\t\t<section class=\"elementor-section elementor-top-section elementor-element elementor-element-d1ed651 elementor-section-boxed elementor-section-height-default elementor-section-height-default\" data-id=\"d1ed651\" data-element_type=\"section\" data-e-type=\"section\" data-settings=\"{&quot;background_background&quot;:&quot;classic&quot;}\">\n\t\t\t\t\t\t<div class=\"elementor-container elementor-column-gap-default\">\n\t\t\t\t\t<div class=\"elementor-column elementor-col-100 elementor-top-column elementor-element elementor-element-09c500f elementor-hidden-mobile\" data-id=\"09c500f\" data-element_type=\"column\" data-e-type=\"column\">\n\t\t\t<div class=\"elementor-widget-wrap elementor-element-populated\">\n\t\t\t\t\t\t<div class=\"elementor-element elementor-element-ae2f7e1 elementor-hidden-mobile elementor-widget elementor-widget-text-editor\" data-id=\"ae2f7e1\" data-element_type=\"widget\" data-e-type=\"widget\" data-widget_type=\"text-editor.default\">\n\t\t\t\t<div class=\"elementor-widget-container\">\n\t\t\t\t\t\t\t\t\t<p><span style=\"color: var( --e-global-color-text ); font-family: var( --e-global-typography-text-font-family ), Sans-serif; font-weight: var( --e-global-typography-text-font-weight );\">APCON respekterar sina bes\u00f6kares integritet, i synnerhet deras r\u00e4ttigheter n\u00e4r det g\u00e4ller automatisk behandling av personuppgifter. Vi har d\u00e4rf\u00f6r formulerat och implementerat en policy om fullst\u00e4ndig \u00f6ppenhet gentemot v\u00e5ra kunder n\u00e4r det g\u00e4ller behandlingen av personuppgifter, dess syfte(n) och m\u00f6jligheterna att ut\u00f6va dina lagliga r\u00e4ttigheter p\u00e5 b\u00e4sta m\u00f6jliga s\u00e4tt.<\/span><\/p><p>\u00a0<\/p><p>Om du beh\u00f6ver ytterligare information om skyddet av personuppgifter kan du bes\u00f6ka webbplatsen f\u00f6r den nederl\u00e4ndska dataskyddsmyndigheten (Autoriteit Persoonsgegevens) <a href=\"https:\/\/autoriteitpersoonsgegevens.nl\/nl\">https:\/\/autoriteitpersoonsgegevens.nl\/nl<\/a><\/p><p>\u00a0<\/p><p>Innan du godk\u00e4nner anv\u00e4ndningen av cookies och andra sp\u00e5rningsenheter kommer vi inte att placera n\u00e5gra icke-anonymiserade analytiska cookies och\/eller sp\u00e5rningscookies p\u00e5 din dator, mobiltelefon eller surfplatta.<\/p><p>Genom att forts\u00e4tta bes\u00f6ka denna webbplats godk\u00e4nner du dessa anv\u00e4ndarvillkor och du godk\u00e4nner anv\u00e4ndningen av cookies och andra sp\u00e5rningssystem, s\u00e5vida vi inte har angett en annan metod f\u00f6r att acceptera cookies p\u00e5 v\u00e5r webbplats.<\/p><p>\u00a0<\/p><p>Den f\u00f6r n\u00e4rvarande tillg\u00e4ngliga versionen av denna integritetspolicy \u00e4r den enda version som g\u00e4ller n\u00e4r du bes\u00f6ker v\u00e5r webbplats tills en ny version ers\u00e4tter den nuvarande versionen.<\/p><p>\u00a0<\/p><p>Artikel 1 - Definitioner<\/p><p>\u00a0<\/p><ol><li>Webbplats Grape-picking.com<\/li><\/ol><ol start=\"2\"><li>Ansvarig f\u00f6r behandlingen av personuppgifterna: APCON, med s\u00e4te p\u00e5 Neutronstraat 10, 9743AM Groningen, Nederl\u00e4nderna, handelskammarens nummer: 7737952.<\/li><\/ol><p>Artikel 2 - Tillg\u00e5ng till webbplatsen<\/p><p>\u00a0<\/p><p>Tillg\u00e5ng till och anv\u00e4ndning av webbplatsen \u00e4r strikt personlig. Du ska avst\u00e5 fr\u00e5n att anv\u00e4nda data och information p\u00e5 denna webbplats f\u00f6r dina egna kommersiella, politiska eller reklam\u00e4ndam\u00e5l, liksom alla kommersiella erbjudanden, i synnerhet o\u00f6nskade elektroniska erbjudanden.<\/p><p>\u00a0<\/p><p>Artikel 3 - Webbplatsens inneh\u00e5ll<\/p><p>\u00a0<\/p><p>Alla varum\u00e4rken, bilder, texter, kommentarer, illustrationer (animerade bilder), videobilder, ljud och alla tekniska till\u00e4mpningar som kan anv\u00e4ndas f\u00f6r att driva denna webbplats, och mer allm\u00e4nt alla komponenter som anv\u00e4nds p\u00e5 denna webbplats, skyddas av immaterialr\u00e4ttsliga lagar. All reproduktion, upprepning, anv\u00e4ndning eller \u00e4ndring, p\u00e5 vilket s\u00e4tt som helst, av hela eller delar av denna webbplats, inklusive tekniska till\u00e4mpningar, utan f\u00f6reg\u00e5ende skriftligt tillst\u00e5nd fr\u00e5n den personuppgiftsansvarige, \u00e4r str\u00e4ngt f\u00f6rbjuden. Det faktum att den personuppgiftsansvarige inte omedelbart vidtar \u00e5tg\u00e4rder mot ett eventuellt intr\u00e5ng kan inte betraktas som ett tyst medgivande eller som ett avst\u00e5ende fr\u00e5n r\u00e4tten att v\u00e4cka \u00e5tal mot den part som gjort sig skyldig till intr\u00e5ng.<\/p><p>Artikel 4 - Hantering av webbplatsen<\/p><p>\u00a0<\/p><p>F\u00f6r att webbplatsen ska kunna sk\u00f6tas p\u00e5 ett korrekt s\u00e4tt kan den personuppgiftsansvarige n\u00e4r som helst<\/p><p>\u00a0<\/p><ul><li>St\u00e4nga av, avbryta, minska eller neka \u00e5tkomst till webbplatsen f\u00f6r en viss kategori av bes\u00f6kare.<\/li><li>Ta bort all information som kan st\u00f6ra webbplatsens funktion eller strider mot nationella eller internationella lagar eller strider mot internetetiketten.<\/li><li>G\u00f6r webbplatsen tillf\u00e4lligt otillg\u00e4nglig f\u00f6r att utf\u00f6ra uppdateringar.<\/li><\/ul><p>Artikel 5 - Ansvarsomr\u00e5den<\/p><p>\u00a0<\/p><ol><li>Den personuppgiftsansvarige \u00e4r inte ansvarig f\u00f6r eventuella fel, st\u00f6rningar, sv\u00e5righeter eller avbrott i webbplatsens funktion som g\u00f6r att webbplatsen eller n\u00e5gon av dess funktioner (tillf\u00e4lligt) inte \u00e4r tillg\u00e4ngliga. Du \u00e4r sj\u00e4lv ansvarig f\u00f6r hur du s\u00f6ker anslutning till v\u00e5r webbplats. Du m\u00e5ste vidta alla l\u00e4mpliga \u00e5tg\u00e4rder f\u00f6r att skydda din utrustning och dina data mot faror som virusattacker p\u00e5 Internet. Du \u00e4r dessutom ansvarig f\u00f6r vilka webbplatser du bes\u00f6ker och vilken information du s\u00f6ker.<\/li><li>Den personuppgiftsansvarige \u00e4r inte ansvarig f\u00f6r eventuella r\u00e4ttsliga \u00e5tg\u00e4rder som vidtas mot dig:<\/li><\/ol><ul><li>P\u00e5 grund av anv\u00e4ndningen av webbplatsen eller tj\u00e4nster som \u00e4r tillg\u00e4ngliga via Internet<\/li><li>F\u00f6r brott mot best\u00e4mmelserna i denna integritetspolicy<\/li><\/ul><ol start=\"3\"><li>Den personuppgiftsansvarige \u00e4r inte ansvarig f\u00f6r eventuella skador som drabbar dig eller tredje part eller din utrustning till f\u00f6ljd av din anslutning till eller anv\u00e4ndning av webbplatsen och du ska avst\u00e5 fr\u00e5n alla efterf\u00f6ljande (r\u00e4ttsliga) \u00e5tg\u00e4rder mot den personuppgiftsansvarige.<\/li><li>Om den personuppgiftsansvarige \u00e4r inblandad i en tvist p\u00e5 grund av din (miss)anv\u00e4ndning av denna webbplats, har han r\u00e4tt att (\u00e5ter)kr\u00e4va alla efterf\u00f6ljande skador fr\u00e5n dig.<\/li><\/ol><p>Artikel 6 - Insamling av uppgifter<\/p><p>\u00a0<\/p><ol><li>Dina personuppgifter kommer att samlas in av APCON.<\/li><li>Personuppgifter \u00e4r all information som r\u00f6r en identifierbar fysisk person.<\/li><li>En identifierbar fysisk person \u00e4r en person som kan identifieras, direkt eller indirekt, s\u00e4rskilt med h\u00e4nvisning till en identifierare som ett namn, ett identifikationsnummer, lokaliseringsuppgifter, en onlineidentifierare eller en eller flera faktorer som \u00e4r specifika f\u00f6r den fysiska personens fysiska, fysiologiska, genetiska, psykiska, ekonomiska, kulturella eller sociala identitet.<\/li><li>De personuppgifter som samlas in p\u00e5 webbplatsen anv\u00e4nds huvudsakligen av den personuppgiftsansvarige f\u00f6r att uppr\u00e4tth\u00e5lla en relation med dig och med jordbrukarna f\u00f6r att kunna genomf\u00f6ra din resa. De registreras i ett (elektroniskt) register.<\/li><\/ol><p>Artikel 7 - Dina r\u00e4ttigheter avseende information<\/p><p>\u00a0<\/p><ol><li>I enlighet med artikel 13.2 b i GDPR har varje registrerad r\u00e4tt till information om tillg\u00e5ng till och r\u00e4ttelse, radering och begr\u00e4nsning av behandlingen av sina personuppgifter, samt r\u00e4tt att inv\u00e4nda mot behandlingen och r\u00e4tt till dataportabilitet.<\/li><li>Du kan ut\u00f6va dessa r\u00e4ttigheter genom att kontakta oss p\u00e5 <a href=\"mailto:info@apcon.nl\">info@apcon.nl<\/a><\/li><li>Varje beg\u00e4ran m\u00e5ste \u00e5tf\u00f6ljas av en kopia av giltig legitimation, d\u00e4r du skriver din namnteckning och anger den adress d\u00e4r vi kan kontakta dig.<\/li><li>Inom en m\u00e5nad fr\u00e5n det att du skickat in din beg\u00e4ran f\u00e5r du ett svar fr\u00e5n oss.<\/li><li>Beroende p\u00e5 komplexiteten och antalet f\u00f6rfr\u00e5gningar kan denna period f\u00f6rl\u00e4ngas till tv\u00e5 m\u00e5nader.<\/li><\/ol><p>Artikel 8 - R\u00e4ttsliga skyldigheter<\/p><p>\u00a0<\/p><ol><li>I h\u00e4ndelse av \u00f6vertr\u00e4delse av n\u00e5gon lag eller f\u00f6rordning, som en bes\u00f6kare misst\u00e4nks f\u00f6r och f\u00f6r vilken myndigheterna kr\u00e4ver de personuppgifter som samlas in av den registeransvarige, kommer de att tillhandah\u00e5llas efter en uttrycklig och motiverad beg\u00e4ran fr\u00e5n dessa myndigheter, varefter dessa personuppgifter inte l\u00e4ngre faller under skyddet av best\u00e4mmelserna i denna sekretesspolicy.<\/li><li>Om n\u00e5gon information \u00e4r n\u00f6dv\u00e4ndig f\u00f6r att f\u00e5 tillg\u00e5ng till vissa funktioner p\u00e5 webbplatsen, kommer den personuppgiftsansvarige att ange att denna information \u00e4r obligatorisk n\u00e4r dessa uppgifter beg\u00e4rs.<\/li><\/ol><p>Artikel 9 - Insamlade uppgifter och kommersiella erbjudanden<\/p><p>\u00a0<\/p><ol><li>Du kan komma att f\u00e5 kommersiella erbjudanden fr\u00e5n den personuppgiftsansvarige. Om du inte (l\u00e4ngre) vill ta emot dem kan du skicka ett e-postmeddelande till f\u00f6ljande adress: <a href=\"mailto:info@apcon.nl\">info@apcon.nl<\/a><\/li><li>Dina personuppgifter kommer inte att anv\u00e4ndas av v\u00e5ra partners f\u00f6r kommersiella \u00e4ndam\u00e5l.<\/li><li>Om du st\u00f6ter p\u00e5 personuppgifter fr\u00e5n andra registrerade n\u00e4r du bes\u00f6ker v\u00e5r webbplats, ska du avst\u00e5 fr\u00e5n insamling, obeh\u00f6rig anv\u00e4ndning eller annan handling som utg\u00f6r ett intr\u00e5ng i den eller de registrerades integritet. Den personuppgiftsansvarige \u00e4r inte ansvarig under dessa omst\u00e4ndigheter.<\/li><\/ol><p>Artikel 10 - Lagring av uppgifter<\/p><p>\u00a0<\/p><p>\u00a0\u00a0\u00a0\u00a0\u00a0\u00a0\u00a0\u00a0\u00a0\u00a0\u00a0 De insamlade uppgifterna anv\u00e4nds och lagras under den tid som fastst\u00e4lls i lag.<\/p><p>\u00a0<\/p><p>Artikel 11 - Cookies<\/p><p>\u00a0<\/p><ol><li>N\u00e4r du bes\u00f6ker v\u00e5r webbplats kan cookies fr\u00e5n den personuppgiftsansvarige och\/eller tredje part komma att installeras p\u00e5 din utrustning.<\/li><li>F\u00f6r mer information om hur du anv\u00e4nder, hanterar och raderar cookies f\u00f6r varje elektronisk enhet, h\u00e4nvisar vi dig till f\u00f6ljande l\u00e4nk: <a href=\"https:\/\/autoriteitpersoonsgegevens.nl\/nl\/onderwerpen\/internet-telefoon-tv-en-post\/cookies#faq\">https:\/\/autoriteitpersoonsgegevens.nl\/nl\/onderwerpen\/internet-telefoon-tv-en-post\/cookies#faq<\/a><\/li><\/ol><p>Artikel 12 - Bilder och produkter som erbjuds<\/p><p>\u00a0<\/p><p>Du kan inte h\u00e4rleda n\u00e5gra r\u00e4ttigheter fr\u00e5n de bilder som medf\u00f6ljer n\u00e5gon produkt som erbjuds p\u00e5 v\u00e5r webbplats.<\/p><p>\u00a0<\/p><p>Artikel 13. - Till\u00e4mplig lag<\/p><p>\u00a0<\/p><p>Dessa villkor styrs av nederl\u00e4ndsk lag. Domstolen i det distrikt d\u00e4r den personuppgiftsansvarige har sitt s\u00e4te har ensam jurisdiktion om n\u00e5gon tvist ang\u00e5ende dessa villkor kan uppst\u00e5, utom n\u00e4r lagligt undantag g\u00e4ller.<\/p><p>\u00a0<\/p><p>Artikel 14 - Kontakt<\/p><p>\u00a0<\/p><p>F\u00f6r fr\u00e5gor, produktinformation eller information om webbplatsen i sig, v\u00e4nligen kontakta: Team APCON, <a href=\"mailto:info@apcon.nl\">info@apcon.nl<\/a><\/p><p>\u00a0<\/p><p>Denna integritetspolicy g\u00e4ller fr\u00e5n och med 2022 och tills vidare.<\/p><p>\u00a0<\/p>\t\t\t\t\t\t\t\t<\/div>\n\t\t\t\t<\/div>\n\t\t\t\t\t<\/div>\n\t\t<\/div>\n\t\t\t\t\t<\/div>\n\t\t<\/section>\n\t\t\t\t<\/div>","protected":false},"excerpt":{"rendered":"<p>Privacy Policy Privacy policy APCON respects the privacy of its visitors, in particular their rights regarding the automatic processing of personal data. We have therefore formulated and implemented a policy on complete transparency with our costumers regarding the processing of personal data, its purpose(s) and the possibilities to exercise your [&hellip;]<\/p>\n","protected":false},"author":1,"featured_media":0,"parent":0,"menu_order":0,"comment_status":"closed","ping_status":"open","template":"","meta":{"_glsr_average":0,"_glsr_ranking":0,"_glsr_reviews":0,"footnotes":""},"class_list":["post-16013","page","type-page","status-publish","hentry"],"_links":{"self":[{"href":"https:\/\/grape-picking.com\/sv\/wp-json\/wp\/v2\/pages\/16013","targetHints":{"allow":["GET"]}}],"collection":[{"href":"https:\/\/grape-picking.com\/sv\/wp-json\/wp\/v2\/pages"}],"about":[{"href":"https:\/\/grape-picking.com\/sv\/wp-json\/wp\/v2\/types\/page"}],"author":[{"embeddable":true,"href":"https:\/\/grape-picking.com\/sv\/wp-json\/wp\/v2\/users\/1"}],"replies":[{"embeddable":true,"href":"https:\/\/grape-picking.com\/sv\/wp-json\/wp\/v2\/comments?post=16013"}],"version-history":[{"count":10,"href":"https:\/\/grape-picking.com\/sv\/wp-json\/wp\/v2\/pages\/16013\/revisions"}],"predecessor-version":[{"id":19690,"href":"https:\/\/grape-picking.com\/sv\/wp-json\/wp\/v2\/pages\/16013\/revisions\/19690"}],"wp:attachment":[{"href":"https:\/\/grape-picking.com\/sv\/wp-json\/wp\/v2\/media?parent=16013"}],"curies":[{"name":"wp","href":"https:\/\/api.w.org\/{rel}","templated":true}]}}