{"id":19722,"date":"2022-06-20T18:00:10","date_gmt":"2022-06-20T18:00:10","guid":{"rendered":"https:\/\/grape-picking.com\/?page_id=19722"},"modified":"2022-06-20T18:09:27","modified_gmt":"2022-06-20T18:09:27","slug":"algemene-voorwaarden","status":"publish","type":"page","link":"https:\/\/grape-picking.com\/pt\/algemene-voorwaarden\/","title":{"rendered":"Termos e condi\u00e7\u00f5es gerais"},"content":{"rendered":"<div data-elementor-type=\"wp-page\" data-elementor-id=\"19722\" class=\"elementor elementor-19722\" data-elementor-post-type=\"page\">\n\t\t\t\t\t\t<section class=\"elementor-section elementor-top-section elementor-element elementor-element-2cec084 elementor-section-boxed elementor-section-height-default elementor-section-height-default\" data-id=\"2cec084\" data-element_type=\"section\" data-e-type=\"section\">\n\t\t\t\t\t\t<div class=\"elementor-container elementor-column-gap-default\">\n\t\t\t\t\t<div class=\"elementor-column elementor-col-100 elementor-top-column elementor-element elementor-element-fbeeb53\" data-id=\"fbeeb53\" data-element_type=\"column\" data-e-type=\"column\">\n\t\t\t<div class=\"elementor-widget-wrap elementor-element-populated\">\n\t\t\t\t\t\t<div class=\"elementor-element elementor-element-6ca04d7 elementor-widget elementor-widget-heading\" data-id=\"6ca04d7\" data-element_type=\"widget\" data-e-type=\"widget\" data-widget_type=\"heading.default\">\n\t\t\t\t<div class=\"elementor-widget-container\">\n\t\t\t\t\t<h2 class=\"elementor-heading-title elementor-size-default\">Adicione o seu cabe\u00e7alho aqui<\/h2>\t\t\t\t<\/div>\n\t\t\t\t<\/div>\n\t\t\t\t\t<\/div>\n\t\t<\/div>\n\t\t\t\t\t<\/div>\n\t\t<\/section>\n\t\t\t\t<section class=\"elementor-section elementor-top-section elementor-element elementor-element-b574b84 elementor-section-boxed elementor-section-height-default elementor-section-height-default\" data-id=\"b574b84\" data-element_type=\"section\" data-e-type=\"section\">\n\t\t\t\t\t\t<div class=\"elementor-container elementor-column-gap-default\">\n\t\t\t\t\t<div class=\"elementor-column elementor-col-100 elementor-top-column elementor-element elementor-element-276623f\" data-id=\"276623f\" data-element_type=\"column\" data-e-type=\"column\">\n\t\t\t<div class=\"elementor-widget-wrap elementor-element-populated\">\n\t\t\t\t\t\t<div class=\"elementor-element elementor-element-ace8e9d elementor-widget elementor-widget-heading\" data-id=\"ace8e9d\" data-element_type=\"widget\" data-e-type=\"widget\" data-widget_type=\"heading.default\">\n\t\t\t\t<div class=\"elementor-widget-container\">\n\t\t\t\t\t<h2 class=\"elementor-heading-title elementor-size-default\">jfhjff<\/h2>\t\t\t\t<\/div>\n\t\t\t\t<\/div>\n\t\t\t\t\t<\/div>\n\t\t<\/div>\n\t\t\t\t\t<\/div>\n\t\t<\/section>\n\t\t\t\t<section class=\"elementor-section elementor-top-section elementor-element elementor-element-715481b elementor-section-boxed elementor-section-height-default elementor-section-height-default\" data-id=\"715481b\" data-element_type=\"section\" data-e-type=\"section\">\n\t\t\t\t\t\t<div class=\"elementor-container elementor-column-gap-default\">\n\t\t\t\t\t<div class=\"elementor-column elementor-col-100 elementor-top-column elementor-element elementor-element-d50f90d\" data-id=\"d50f90d\" data-element_type=\"column\" data-e-type=\"column\">\n\t\t\t<div class=\"elementor-widget-wrap elementor-element-populated\">\n\t\t\t\t\t\t<div class=\"elementor-element elementor-element-aa62836 elementor-widget elementor-widget-spacer\" data-id=\"aa62836\" data-element_type=\"widget\" data-e-type=\"widget\" data-widget_type=\"spacer.default\">\n\t\t\t\t<div class=\"elementor-widget-container\">\n\t\t\t\t\t\t\t<div class=\"elementor-spacer\">\n\t\t\t<div class=\"elementor-spacer-inner\"><\/div>\n\t\t<\/div>\n\t\t\t\t\t\t<\/div>\n\t\t\t\t<\/div>\n\t\t\t\t\t<\/div>\n\t\t<\/div>\n\t\t\t\t\t<\/div>\n\t\t<\/section>\n\t\t\t\t<section class=\"elementor-section elementor-top-section elementor-element elementor-element-22bc020 elementor-section-boxed elementor-section-height-default elementor-section-height-default\" data-id=\"22bc020\" data-element_type=\"section\" data-e-type=\"section\">\n\t\t\t\t\t\t<div class=\"elementor-container elementor-column-gap-default\">\n\t\t\t\t\t<div class=\"elementor-column elementor-col-100 elementor-top-column elementor-element elementor-element-23cf028\" data-id=\"23cf028\" data-element_type=\"column\" data-e-type=\"column\">\n\t\t\t<div class=\"elementor-widget-wrap elementor-element-populated\">\n\t\t\t\t\t\t<div class=\"elementor-element elementor-element-7cfa94b elementor-widget elementor-widget-heading\" data-id=\"7cfa94b\" data-element_type=\"widget\" data-e-type=\"widget\" data-widget_type=\"heading.default\">\n\t\t\t\t<div class=\"elementor-widget-container\">\n\t\t\t\t\t<h2 class=\"elementor-heading-title elementor-size-default\">Termos e condi\u00e7\u00f5es gerais<\/h2>\t\t\t\t<\/div>\n\t\t\t\t<\/div>\n\t\t\t\t\t<\/div>\n\t\t<\/div>\n\t\t\t\t\t<\/div>\n\t\t<\/section>\n\t\t\t\t<section class=\"elementor-section elementor-top-section elementor-element elementor-element-ce0adca elementor-section-boxed elementor-section-height-default elementor-section-height-default\" data-id=\"ce0adca\" data-element_type=\"section\" data-e-type=\"section\" data-settings=\"{&quot;background_background&quot;:&quot;classic&quot;}\">\n\t\t\t\t\t\t<div class=\"elementor-container elementor-column-gap-default\">\n\t\t\t\t\t<div class=\"elementor-column elementor-col-100 elementor-top-column elementor-element elementor-element-1752394\" data-id=\"1752394\" data-element_type=\"column\" data-e-type=\"column\">\n\t\t\t<div class=\"elementor-widget-wrap elementor-element-populated\">\n\t\t\t\t\t\t<div class=\"elementor-element elementor-element-babc99d elementor-widget elementor-widget-text-editor\" data-id=\"babc99d\" data-element_type=\"widget\" data-e-type=\"widget\" data-widget_type=\"text-editor.default\">\n\t\t\t\t<div class=\"elementor-widget-container\">\n\t\t\t\t\t\t\t\t\t<p><br \/>Nesta p\u00e1gina, encontrar\u00e1 as condi\u00e7\u00f5es gerais de venda da APCON. Nestas condi\u00e7\u00f5es gerais<br \/>condi\u00e7\u00f5es, indicamos as condi\u00e7\u00f5es em que fornecemos as informa\u00e7\u00f5es na nossa<br \/>website para si.<\/p><p><br \/><strong>Propriedade intelectual<\/strong><\/p><p><br \/>A utiliza\u00e7\u00e3o das informa\u00e7\u00f5es contidas neste s\u00edtio Web \u00e9 gratuita, desde que o utilizador n\u00e3o<br \/>copiar, distribuir ou de outra forma utilizar ou fazer uma utiliza\u00e7\u00e3o incorrecta. O utilizador n\u00e3o pode utilizar o<br \/>reutilizar as informa\u00e7\u00f5es contidas neste s\u00edtio Web apenas em conformidade com os regulamentos da<br \/>lei obrigat\u00f3ria.<br \/>Sem o consentimento expresso por escrito de,<br \/>reutilizar fotografias ou outros materiais deste s\u00edtio Web. Os<br \/>a propriedade intelectual pertence a .<\/p><p><br \/><strong>Se aplic\u00e1vel:<\/strong><\/p><p><br \/>Para os pre\u00e7os indicados no nosso s\u00edtio Web, pretendemos ser t\u00e3o<br \/>representa\u00e7\u00e3o cuidadosa da realidade e dos pre\u00e7os pretendidos. Erros que<br \/>da\u00ed decorrentes e que sejam identific\u00e1veis como erros de programa\u00e7\u00e3o ou de dactilografia, constituem<br \/>nunca uma raz\u00e3o para reivindicar um contrato ou acordo com<br \/>ou assumir.<br \/>\u00a0esfor\u00e7a-se por manter o seu s\u00edtio Web t\u00e3o atualizado quanto poss\u00edvel. Se, apesar destes esfor\u00e7os<br \/>as informa\u00e7\u00f5es ou o conte\u00fado estiverem incompletos ou incorrectos, poderemos<br \/>n\u00e3o assumimos qualquer responsabilidade por este facto.<br \/>As informa\u00e7\u00f5es e\/ou produtos contidos neste s\u00edtio Web s\u00e3o oferecidos sem qualquer<br \/>forma de garantia e ou reivindica\u00e7\u00e3o de exatid\u00e3o. Reservamo-nos o direito de<br \/>modificar, remover ou reenviar estes materiais sem qualquer<br \/>n\u00e3o assume qualquer responsabilidade por qualquer informa\u00e7\u00e3o<br \/>contidas em s\u00edtios Web para os quais remetemos atrav\u00e9s de hiperliga\u00e7\u00f5es.<\/p><p><br \/><strong>Altera\u00e7\u00f5es<\/strong><\/p><p>Se estas condi\u00e7\u00f5es gerais forem alteradas, encontrar\u00e1 a vers\u00e3o mais recente<br \/>da declara\u00e7\u00e3o de exonera\u00e7\u00e3o de responsabilidade desta p\u00e1gina.<\/p>\t\t\t\t\t\t\t\t<\/div>\n\t\t\t\t<\/div>\n\t\t\t\t\t<\/div>\n\t\t<\/div>\n\t\t\t\t\t<\/div>\n\t\t<\/section>\n\t\t\t\t<\/div>","protected":false},"excerpt":{"rendered":"<p>Voeg je header hier toe jfhjff Algemene Voorwaarden Op deze pagina vindt u de algemene voorwaarden van\u00a0APCON. In deze algemenevoorwaarden geven wij aan onder welk voorbehoud wij de informatie op onzewebsite aan u aanbieden. Intellectueel eigendom Het gebruik van de informatie op deze website is gratis zolang u deze informatie [&hellip;]<\/p>\n","protected":false},"author":1,"featured_media":0,"parent":0,"menu_order":0,"comment_status":"closed","ping_status":"closed","template":"","meta":{"_glsr_average":0,"_glsr_ranking":0,"_glsr_reviews":0,"footnotes":""},"class_list":["post-19722","page","type-page","status-publish","hentry"],"_links":{"self":[{"href":"https:\/\/grape-picking.com\/pt\/wp-json\/wp\/v2\/pages\/19722","targetHints":{"allow":["GET"]}}],"collection":[{"href":"https:\/\/grape-picking.com\/pt\/wp-json\/wp\/v2\/pages"}],"about":[{"href":"https:\/\/grape-picking.com\/pt\/wp-json\/wp\/v2\/types\/page"}],"author":[{"embeddable":true,"href":"https:\/\/grape-picking.com\/pt\/wp-json\/wp\/v2\/users\/1"}],"replies":[{"embeddable":true,"href":"https:\/\/grape-picking.com\/pt\/wp-json\/wp\/v2\/comments?post=19722"}],"version-history":[{"count":4,"href":"https:\/\/grape-picking.com\/pt\/wp-json\/wp\/v2\/pages\/19722\/revisions"}],"predecessor-version":[{"id":19726,"href":"https:\/\/grape-picking.com\/pt\/wp-json\/wp\/v2\/pages\/19722\/revisions\/19726"}],"wp:attachment":[{"href":"https:\/\/grape-picking.com\/pt\/wp-json\/wp\/v2\/media?parent=19722"}],"curies":[{"name":"wp","href":"https:\/\/api.w.org\/{rel}","templated":true}]}}