{"id":16013,"date":"2020-07-26T14:32:39","date_gmt":"2020-07-26T14:32:39","guid":{"rendered":"http:\/\/www.dipjeweg.nl\/?page_id=3"},"modified":"2022-06-07T20:44:37","modified_gmt":"2022-06-07T20:44:37","slug":"privacypolicy","status":"publish","type":"page","link":"https:\/\/grape-picking.com\/pt\/privacypolicy\/","title":{"rendered":"Privacybeleid"},"content":{"rendered":"<div data-elementor-type=\"wp-page\" data-elementor-id=\"16013\" class=\"elementor elementor-16013\" data-elementor-post-type=\"page\">\n\t\t\t\t\t\t<section class=\"elementor-section elementor-top-section elementor-element elementor-element-6dbb9d88 elementor-section-boxed elementor-section-height-default elementor-section-height-default\" data-id=\"6dbb9d88\" data-element_type=\"section\" data-e-type=\"section\">\n\t\t\t\t\t\t<div class=\"elementor-container elementor-column-gap-default\">\n\t\t\t\t\t<div class=\"elementor-column elementor-col-100 elementor-top-column elementor-element elementor-element-3c00ffa6\" data-id=\"3c00ffa6\" data-element_type=\"column\" data-e-type=\"column\">\n\t\t\t<div class=\"elementor-widget-wrap elementor-element-populated\">\n\t\t\t\t\t\t\t<\/div>\n\t\t<\/div>\n\t\t\t\t\t<\/div>\n\t\t<\/section>\n\t\t\t\t<section class=\"elementor-section elementor-top-section elementor-element elementor-element-08db7c9 elementor-section-boxed elementor-section-height-default elementor-section-height-default\" data-id=\"08db7c9\" data-element_type=\"section\" data-e-type=\"section\">\n\t\t\t\t\t\t<div class=\"elementor-container elementor-column-gap-default\">\n\t\t\t\t\t<div class=\"elementor-column elementor-col-100 elementor-top-column elementor-element elementor-element-dc99fe9\" data-id=\"dc99fe9\" data-element_type=\"column\" data-e-type=\"column\">\n\t\t\t<div class=\"elementor-widget-wrap elementor-element-populated\">\n\t\t\t\t\t\t<div class=\"elementor-element elementor-element-c8582a3 elementor-widget elementor-widget-heading\" data-id=\"c8582a3\" data-element_type=\"widget\" data-e-type=\"widget\" data-widget_type=\"heading.default\">\n\t\t\t\t<div class=\"elementor-widget-container\">\n\t\t\t\t\t<h2 class=\"elementor-heading-title elementor-size-default\">Pol\u00edtica de privacidade<\/h2>\t\t\t\t<\/div>\n\t\t\t\t<\/div>\n\t\t\t\t\t<\/div>\n\t\t<\/div>\n\t\t\t\t\t<\/div>\n\t\t<\/section>\n\t\t\t\t<section class=\"elementor-section elementor-top-section elementor-element elementor-element-e03159e elementor-section-boxed elementor-section-height-default elementor-section-height-default\" data-id=\"e03159e\" data-element_type=\"section\" data-e-type=\"section\">\n\t\t\t\t\t\t<div class=\"elementor-container elementor-column-gap-default\">\n\t\t\t\t\t<div class=\"elementor-column elementor-col-100 elementor-top-column elementor-element elementor-element-bebc9df\" data-id=\"bebc9df\" data-element_type=\"column\" data-e-type=\"column\">\n\t\t\t<div class=\"elementor-widget-wrap\">\n\t\t\t\t\t\t\t<\/div>\n\t\t<\/div>\n\t\t\t\t\t<\/div>\n\t\t<\/section>\n\t\t\t\t<section class=\"elementor-section elementor-top-section elementor-element elementor-element-35122bd1 elementor-section-full_width elementor-section-height-min-height elementor-section-height-default elementor-section-items-middle\" data-id=\"35122bd1\" data-element_type=\"section\" data-e-type=\"section\" data-settings=\"{&quot;background_background&quot;:&quot;classic&quot;}\">\n\t\t\t\t\t\t\t<div class=\"elementor-background-overlay\"><\/div>\n\t\t\t\t\t\t\t<div class=\"elementor-container elementor-column-gap-default\">\n\t\t\t\t\t<div class=\"elementor-column elementor-col-33 elementor-top-column elementor-element elementor-element-5b38e396\" data-id=\"5b38e396\" data-element_type=\"column\" data-e-type=\"column\">\n\t\t\t<div class=\"elementor-widget-wrap\">\n\t\t\t\t\t\t\t<\/div>\n\t\t<\/div>\n\t\t\t\t<div class=\"elementor-column elementor-col-33 elementor-top-column elementor-element elementor-element-20aa2c63\" data-id=\"20aa2c63\" data-element_type=\"column\" data-e-type=\"column\">\n\t\t\t<div class=\"elementor-widget-wrap elementor-element-populated\">\n\t\t\t\t\t\t<div class=\"elementor-element elementor-element-381609f1 elementor-widget elementor-widget-heading\" data-id=\"381609f1\" data-element_type=\"widget\" data-e-type=\"widget\" data-widget_type=\"heading.default\">\n\t\t\t\t<div class=\"elementor-widget-container\">\n\t\t\t\t\t<h2 class=\"elementor-heading-title elementor-size-default\">Pol\u00edtica de privacidade<\/h2>\t\t\t\t<\/div>\n\t\t\t\t<\/div>\n\t\t\t\t\t<\/div>\n\t\t<\/div>\n\t\t\t\t<div class=\"elementor-column elementor-col-33 elementor-top-column elementor-element elementor-element-165af53e\" data-id=\"165af53e\" data-element_type=\"column\" data-e-type=\"column\">\n\t\t\t<div class=\"elementor-widget-wrap\">\n\t\t\t\t\t\t\t<\/div>\n\t\t<\/div>\n\t\t\t\t\t<\/div>\n\t\t<\/section>\n\t\t\t\t<section class=\"elementor-section elementor-top-section elementor-element elementor-element-eef85e6 elementor-section-boxed elementor-section-height-default elementor-section-height-default\" data-id=\"eef85e6\" data-element_type=\"section\" data-e-type=\"section\" data-settings=\"{&quot;background_background&quot;:&quot;classic&quot;}\">\n\t\t\t\t\t\t<div class=\"elementor-container elementor-column-gap-default\">\n\t\t\t\t\t<div class=\"elementor-column elementor-col-100 elementor-top-column elementor-element elementor-element-352d98c\" data-id=\"352d98c\" data-element_type=\"column\" data-e-type=\"column\">\n\t\t\t<div class=\"elementor-widget-wrap elementor-element-populated\">\n\t\t\t\t\t\t<div class=\"elementor-element elementor-element-7c36d67 elementor-widget elementor-widget-spacer\" data-id=\"7c36d67\" data-element_type=\"widget\" data-e-type=\"widget\" data-widget_type=\"spacer.default\">\n\t\t\t\t<div class=\"elementor-widget-container\">\n\t\t\t\t\t\t\t<div class=\"elementor-spacer\">\n\t\t\t<div class=\"elementor-spacer-inner\"><\/div>\n\t\t<\/div>\n\t\t\t\t\t\t<\/div>\n\t\t\t\t<\/div>\n\t\t\t\t\t<\/div>\n\t\t<\/div>\n\t\t\t\t\t<\/div>\n\t\t<\/section>\n\t\t\t\t<section class=\"elementor-section elementor-top-section elementor-element elementor-element-d1ed651 elementor-section-boxed elementor-section-height-default elementor-section-height-default\" data-id=\"d1ed651\" data-element_type=\"section\" data-e-type=\"section\" data-settings=\"{&quot;background_background&quot;:&quot;classic&quot;}\">\n\t\t\t\t\t\t<div class=\"elementor-container elementor-column-gap-default\">\n\t\t\t\t\t<div class=\"elementor-column elementor-col-100 elementor-top-column elementor-element elementor-element-09c500f elementor-hidden-mobile\" data-id=\"09c500f\" data-element_type=\"column\" data-e-type=\"column\">\n\t\t\t<div class=\"elementor-widget-wrap elementor-element-populated\">\n\t\t\t\t\t\t<div class=\"elementor-element elementor-element-ae2f7e1 elementor-hidden-mobile elementor-widget elementor-widget-text-editor\" data-id=\"ae2f7e1\" data-element_type=\"widget\" data-e-type=\"widget\" data-widget_type=\"text-editor.default\">\n\t\t\t\t<div class=\"elementor-widget-container\">\n\t\t\t\t\t\t\t\t\t<p><span style=\"color: var( --e-global-color-text ); font-family: var( --e-global-typography-text-font-family ), Sans-serif; font-weight: var( --e-global-typography-text-font-weight );\">A APCON respeita a privacidade dos seus visitantes, nomeadamente os seus direitos relativamente ao tratamento automatizado de dados pessoais. Por isso, formul\u00e1mos e implement\u00e1mos uma pol\u00edtica de total transpar\u00eancia com os nossos clientes relativamente ao tratamento de dados pessoais, \u00e0(s) sua(s) finalidade(s) e \u00e0s possibilidades de exercer os seus direitos legais da melhor forma poss\u00edvel.<\/span><\/p><p>\u00a0<\/p><p>Se necessitar de informa\u00e7\u00f5es adicionais sobre a prote\u00e7\u00e3o de dados pessoais, visite o s\u00edtio Web da Autoridade Neerlandesa para a Prote\u00e7\u00e3o de Dados (Autoriteit Persoonsgegevens) <a href=\"https:\/\/autoriteitpersoonsgegevens.nl\/nl\">https:\/\/autoriteitpersoonsgegevens.nl\/nl<\/a><\/p><p>\u00a0<\/p><p>At\u00e9 aceitar a utiliza\u00e7\u00e3o de cookies e outros dispositivos de rastreio, n\u00e3o colocaremos quaisquer cookies anal\u00edticos n\u00e3o an\u00f3nimos e\/ou cookies de rastreio no seu computador, telem\u00f3vel ou tablet.<\/p><p>Ao continuar a visitar este s\u00edtio Web, o utilizador aceita estas condi\u00e7\u00f5es de utiliza\u00e7\u00e3o e aceita a utiliza\u00e7\u00e3o de cookies e outros sistemas de rastreio, exceto se tivermos previsto outro m\u00e9todo de aceita\u00e7\u00e3o de cookies no nosso s\u00edtio Web.<\/p><p>\u00a0<\/p><p>A vers\u00e3o atualmente dispon\u00edvel desta privacidade \u00e9 a \u00fanica vers\u00e3o que se aplica ao visitar o nosso s\u00edtio Web at\u00e9 que uma nova vers\u00e3o substitua a vers\u00e3o atual.<\/p><p>\u00a0<\/p><p>Artigo 1.\u00ba - Defini\u00e7\u00f5es<\/p><p>\u00a0<\/p><ol><li>Website Apanha de uvas.com<\/li><\/ol><ol start=\"2\"><li>Respons\u00e1vel pelo tratamento dos dados pessoais: APCON, com sede em Neutronstraat 10, 9743AM Groningen, Pa\u00edses Baixos, n\u00famero da C\u00e2mara de Com\u00e9rcio: 7737952.<\/li><\/ol><p>Artigo 2.\u00ba - Acesso ao s\u00edtio Web<\/p><p>\u00a0<\/p><p>O acesso e a utiliza\u00e7\u00e3o do s\u00edtio Web s\u00e3o estritamente pessoais. O utilizador deve abster-se de utilizar os dados e as informa\u00e7\u00f5es deste s\u00edtio Web para fins comerciais, pol\u00edticos ou publicit\u00e1rios pr\u00f3prios, bem como para quaisquer ofertas comerciais, em especial ofertas electr\u00f3nicas n\u00e3o solicitadas.<\/p><p>\u00a0<\/p><p>Artigo 3.\u00ba - Conte\u00fado do s\u00edtio Web<\/p><p>\u00a0<\/p><p>Todas as marcas, imagens, textos, coment\u00e1rios, ilustra\u00e7\u00f5es (animadas), imagens de v\u00eddeo, sons e todas as aplica\u00e7\u00f5es t\u00e9cnicas que podem ser utilizadas para operar este s\u00edtio Web e, de um modo mais geral, todos os componentes utilizados neste s\u00edtio Web, est\u00e3o protegidos por leis de propriedade intelectual. \u00c9 estritamente proibida qualquer reprodu\u00e7\u00e3o, repeti\u00e7\u00e3o, utiliza\u00e7\u00e3o ou modifica\u00e7\u00e3o, por qualquer meio, da totalidade ou de parte do s\u00edtio, incluindo as aplica\u00e7\u00f5es t\u00e9cnicas, sem a autoriza\u00e7\u00e3o pr\u00e9via por escrito do respons\u00e1vel pelo tratamento. O facto de o controlador n\u00e3o poder tomar medidas imediatas contra qualquer infra\u00e7\u00e3o n\u00e3o pode ser considerado como um consentimento t\u00e1cito, nem como uma ren\u00fancia a qualquer direito de processar a parte infratora.<\/p><p>Artigo 4.\u00ba - Gest\u00e3o do s\u00edtio Web<\/p><p>\u00a0<\/p><p>Para efeitos de uma gest\u00e3o adequada do s\u00edtio, o respons\u00e1vel pelo tratamento pode, a qualquer momento:<\/p><p>\u00a0<\/p><ul><li>Suspender, interromper, reduzir ou recusar o acesso ao s\u00edtio Web a uma determinada categoria de visitantes.<\/li><li>Eliminar todas as informa\u00e7\u00f5es que possam perturbar o funcionamento do s\u00edtio Web ou que entrem em conflito com a legisla\u00e7\u00e3o nacional ou internacional ou que sejam contr\u00e1rias \u00e0 etiqueta da Internet.<\/li><li>Tornar o s\u00edtio Web temporariamente indispon\u00edvel para efetuar actualiza\u00e7\u00f5es.<\/li><\/ul><p>Artigo 5.\u00ba - Responsabilidades<\/p><p>\u00a0<\/p><ol><li>O respons\u00e1vel pelo tratamento n\u00e3o \u00e9 respons\u00e1vel por quaisquer falhas, perturba\u00e7\u00f5es, dificuldades ou interrup\u00e7\u00f5es no funcionamento do s\u00edtio Web, que provoquem a inacessibilidade (tempor\u00e1ria) do s\u00edtio Web ou de qualquer das suas funcionalidades. O utilizador \u00e9 respons\u00e1vel pela forma como procura ligar-se ao nosso s\u00edtio Web. O utilizador deve tomar todas as medidas adequadas para proteger o seu equipamento e os seus dados contra riscos como ataques de v\u00edrus na Internet. Al\u00e9m disso, o utilizador \u00e9 respons\u00e1vel pelos s\u00edtios Web que visita e pelas informa\u00e7\u00f5es que procura.<\/li><li>O respons\u00e1vel pelo tratamento n\u00e3o \u00e9 respons\u00e1vel por quaisquer ac\u00e7\u00f5es judiciais intentadas contra o utilizador:<\/li><\/ol><ul><li>Devido \u00e0 utiliza\u00e7\u00e3o do s\u00edtio Web ou dos servi\u00e7os acess\u00edveis atrav\u00e9s da Internet<\/li><li>Por violar os termos da presente pol\u00edtica de privacidade<\/li><\/ul><ol start=\"3\"><li>O respons\u00e1vel pelo tratamento n\u00e3o \u00e9 respons\u00e1vel por quaisquer danos sofridos por si ou por terceiros ou pelo seu equipamento, em resultado da sua liga\u00e7\u00e3o ou utiliza\u00e7\u00e3o do s\u00edtio Web e abster-se-\u00e1 de qualquer a\u00e7\u00e3o (legal) subsequente contra o respons\u00e1vel pelo tratamento.<\/li><li>Se o respons\u00e1vel pelo tratamento de dados estiver envolvido num lit\u00edgio devido \u00e0 (ab)utiliza\u00e7\u00e3o deste s\u00edtio Web, tem o direito de (re)exigir ao utilizador todos os danos subsequentes.<\/li><\/ol><p>Artigo 6.\u00ba - Recolha de dados<\/p><p>\u00a0<\/p><ol><li>Os seus dados pessoais ser\u00e3o recolhidos pela APCON.<\/li><li>Por dados pessoais entende-se qualquer informa\u00e7\u00e3o relativa a uma pessoa singular identific\u00e1vel.<\/li><li>Uma pessoa singular identific\u00e1vel \u00e9 aquela que pode ser identificada, direta ou indiretamente, em especial por refer\u00eancia a um identificador como o nome, um n\u00famero de identifica\u00e7\u00e3o, dados de localiza\u00e7\u00e3o, um identificador em linha ou a um ou mais elementos espec\u00edficos da identidade f\u00edsica, fisiol\u00f3gica, gen\u00e9tica, mental, econ\u00f3mica, cultural ou social dessa pessoa singular.<\/li><li>Os dados pessoais recolhidos no s\u00edtio Web s\u00e3o utilizados principalmente pelo respons\u00e1vel pelo tratamento para manter uma rela\u00e7\u00e3o consigo e com os agricultores, a fim de processar a sua viagem. S\u00e3o registados num registo (eletr\u00f3nico).<\/li><\/ol><p>Artigo 7.\u00ba - Os seus direitos em mat\u00e9ria de informa\u00e7\u00e3o<\/p><p>\u00a0<\/p><ol><li>Nos termos do artigo 13.\u00ba, n.\u00ba 2, al\u00ednea b), do RGPD, cada titular de dados tem o direito de obter informa\u00e7\u00f5es sobre o acesso, a retifica\u00e7\u00e3o, o apagamento e a limita\u00e7\u00e3o do tratamento dos seus dados pessoais, bem como o direito de se opor ao tratamento e o direito \u00e0 portabilidade dos dados.<\/li><li>Pode exercer estes direitos contactando-nos atrav\u00e9s de <a href=\"mailto:info@apcon.nl\">info@apcon.nl<\/a><\/li><li>Cada pedido deve ser acompanhado de uma c\u00f3pia de um documento de identifica\u00e7\u00e3o v\u00e1lido, no qual deve apor a sua assinatura e indicar o endere\u00e7o onde o podemos contactar.<\/li><li>No prazo de um m\u00eas ap\u00f3s a apresenta\u00e7\u00e3o do pedido, receber\u00e1 uma resposta da nossa parte.<\/li><li>Consoante a complexidade e o n\u00famero de pedidos, este per\u00edodo pode ser alargado para dois meses.<\/li><\/ol><p>Artigo 8.\u00ba - Obriga\u00e7\u00f5es jur\u00eddicas<\/p><p>\u00a0<\/p><ol><li>Em caso de viola\u00e7\u00e3o de qualquer lei ou regulamento, de que um visitante seja suspeito e para o qual as autoridades exijam os dados pessoais recolhidos pelo respons\u00e1vel pelo tratamento, estes ser\u00e3o fornecidos ap\u00f3s um pedido expl\u00edcito e fundamentado dessas autoridades, ap\u00f3s o que esses dados pessoais deixam de estar abrangidos pela prote\u00e7\u00e3o das disposi\u00e7\u00f5es da presente pol\u00edtica de privacidade.<\/li><li>Se for necess\u00e1ria alguma informa\u00e7\u00e3o para obter acesso a determinadas funcionalidades do s\u00edtio Web, o respons\u00e1vel pelo tratamento indicar\u00e1 a natureza obrigat\u00f3ria dessa informa\u00e7\u00e3o quando solicitar esses dados.<\/li><\/ol><p>Artigo 9.\u00ba - Dados recolhidos e ofertas comerciais<\/p><p>\u00a0<\/p><ol><li>O utilizador pode receber ofertas comerciais do respons\u00e1vel pelo tratamento. Se n\u00e3o desejar receb\u00ea-las (mais), envie-nos uma mensagem de correio eletr\u00f3nico para o seguinte endere\u00e7o: <a href=\"mailto:info@apcon.nl\">info@apcon.nl<\/a><\/li><li>Os seus dados pessoais n\u00e3o ser\u00e3o utilizados pelos nossos parceiros para fins comerciais.<\/li><li>Se encontrar dados pessoais de outros titulares de dados ao visitar o nosso s\u00edtio Web, deve abster-se de os recolher, de os utilizar sem autoriza\u00e7\u00e3o ou de praticar qualquer outro ato que constitua uma viola\u00e7\u00e3o da privacidade do(s) titular(es) dos dados em quest\u00e3o. O respons\u00e1vel pelo tratamento n\u00e3o \u00e9 respons\u00e1vel nestas circunst\u00e2ncias.<\/li><\/ol><p>Artigo 10\u00ba - Conserva\u00e7\u00e3o dos dados<\/p><p>\u00a0<\/p><p>\u00a0\u00a0\u00a0\u00a0\u00a0\u00a0\u00a0\u00a0\u00a0\u00a0\u00a0 Os dados recolhidos s\u00e3o utilizados e conservados durante o per\u00edodo determinado por lei.<\/p><p>\u00a0<\/p><p>Artigo 11\u00ba - Cookies<\/p><p>\u00a0<\/p><ol><li>Quando o utilizador visita o nosso s\u00edtio Web, podem ser instalados no seu equipamento cookies do respons\u00e1vel pelo tratamento e\/ou de terceiros.<\/li><li>Para mais informa\u00e7\u00f5es sobre a utiliza\u00e7\u00e3o, gest\u00e3o e elimina\u00e7\u00e3o de cookies para cada dispositivo eletr\u00f3nico, convidamo-lo a consultar a seguinte liga\u00e7\u00e3o: <a href=\"https:\/\/autoriteitpersoonsgegevens.nl\/nl\/onderwerpen\/internet-telefoon-tv-en-post\/cookies#faq\">https:\/\/autoriteitpersoonsgegevens.nl\/nl\/onderwerpen\/internet-telefoon-tv-en-post\/cookies#faq<\/a><\/li><\/ol><p>Artigo 12\u00ba - Imagens e produtos propostos<\/p><p>\u00a0<\/p><p>O utilizador n\u00e3o pode obter quaisquer direitos das imagens que acompanham qualquer produto oferecido no nosso s\u00edtio Web.<\/p><p>\u00a0<\/p><p>Artigo 13. - Direito aplic\u00e1vel<\/p><p>\u00a0<\/p><p>Estas condi\u00e7\u00f5es s\u00e3o regidas pela lei neerlandesa. O tribunal da comarca onde o respons\u00e1vel pelo tratamento tem o seu local de atividade \u00e9 o \u00fanico competente em caso de lit\u00edgio relacionado com estas condi\u00e7\u00f5es, salvo exce\u00e7\u00e3o legal.<\/p><p>\u00a0<\/p><p>Artigo 14\u00ba - Contactos<\/p><p>\u00a0<\/p><p>Para quest\u00f5es, informa\u00e7\u00f5es sobre produtos ou informa\u00e7\u00f5es sobre o pr\u00f3prio s\u00edtio Web, contactar: Equipa APCON, <a href=\"mailto:info@apcon.nl\">info@apcon.nl<\/a><\/p><p>\u00a0<\/p><p>A presente declara\u00e7\u00e3o de privacidade aplica-se desde 2022 at\u00e9 nova ordem.<\/p><p>\u00a0<\/p>\t\t\t\t\t\t\t\t<\/div>\n\t\t\t\t<\/div>\n\t\t\t\t\t<\/div>\n\t\t<\/div>\n\t\t\t\t\t<\/div>\n\t\t<\/section>\n\t\t\t\t<\/div>","protected":false},"excerpt":{"rendered":"<p>Privacy Policy Privacy policy APCON respects the privacy of its visitors, in particular their rights regarding the automatic processing of personal data. We have therefore formulated and implemented a policy on complete transparency with our costumers regarding the processing of personal data, its purpose(s) and the possibilities to exercise your [&hellip;]<\/p>\n","protected":false},"author":1,"featured_media":0,"parent":0,"menu_order":0,"comment_status":"closed","ping_status":"open","template":"","meta":{"_glsr_average":0,"_glsr_ranking":0,"_glsr_reviews":0,"footnotes":""},"class_list":["post-16013","page","type-page","status-publish","hentry"],"_links":{"self":[{"href":"https:\/\/grape-picking.com\/pt\/wp-json\/wp\/v2\/pages\/16013","targetHints":{"allow":["GET"]}}],"collection":[{"href":"https:\/\/grape-picking.com\/pt\/wp-json\/wp\/v2\/pages"}],"about":[{"href":"https:\/\/grape-picking.com\/pt\/wp-json\/wp\/v2\/types\/page"}],"author":[{"embeddable":true,"href":"https:\/\/grape-picking.com\/pt\/wp-json\/wp\/v2\/users\/1"}],"replies":[{"embeddable":true,"href":"https:\/\/grape-picking.com\/pt\/wp-json\/wp\/v2\/comments?post=16013"}],"version-history":[{"count":10,"href":"https:\/\/grape-picking.com\/pt\/wp-json\/wp\/v2\/pages\/16013\/revisions"}],"predecessor-version":[{"id":19690,"href":"https:\/\/grape-picking.com\/pt\/wp-json\/wp\/v2\/pages\/16013\/revisions\/19690"}],"wp:attachment":[{"href":"https:\/\/grape-picking.com\/pt\/wp-json\/wp\/v2\/media?parent=16013"}],"curies":[{"name":"wp","href":"https:\/\/api.w.org\/{rel}","templated":true}]}}