{"id":16951,"date":"2022-02-12T00:05:24","date_gmt":"2022-02-12T00:05:24","guid":{"rendered":"https:\/\/grape-picking.com\/apconwp\/?page_id=16951"},"modified":"2025-08-19T14:01:19","modified_gmt":"2025-08-19T14:01:19","slug":"faq","status":"publish","type":"page","link":"https:\/\/grape-picking.com\/pl\/faq\/","title":{"rendered":"FAQ"},"content":{"rendered":"<div data-elementor-type=\"wp-page\" data-elementor-id=\"16951\" class=\"elementor elementor-16951\" data-elementor-post-type=\"page\">\n\t\t\t\t\t\t<section class=\"elementor-section elementor-top-section elementor-element elementor-element-6ea40595 elementor-section-height-min-height elementor-section-items-stretch elementor-section-full_width elementor-section-height-default\" data-id=\"6ea40595\" data-element_type=\"section\" data-e-type=\"section\">\n\t\t\t\t\t\t<div class=\"elementor-container elementor-column-gap-default\">\n\t\t\t\t\t<div class=\"elementor-column elementor-col-100 elementor-top-column elementor-element elementor-element-26e375ee\" data-id=\"26e375ee\" data-element_type=\"column\" data-e-type=\"column\" data-settings=\"{&quot;background_background&quot;:&quot;classic&quot;}\">\n\t\t\t<div class=\"elementor-widget-wrap elementor-element-populated\">\n\t\t\t\t\t<div class=\"elementor-background-overlay\"><\/div>\n\t\t\t\t\t\t<div class=\"elementor-element elementor-element-1d715e8 elementor-align-start elementor-widget__width-auto elementor-absolute elementor-hidden-phone elementor-icon-list--layout-traditional elementor-list-item-link-full_width elementor-widget elementor-widget-icon-list\" data-id=\"1d715e8\" data-element_type=\"widget\" data-e-type=\"widget\" data-settings=\"{&quot;_position&quot;:&quot;absolute&quot;}\" data-widget_type=\"icon-list.default\">\n\t\t\t\t<div class=\"elementor-widget-container\">\n\t\t\t\t\t\t\t<ul class=\"elementor-icon-list-items\">\n\t\t\t\t\t\t\t<li class=\"elementor-icon-list-item\">\n\t\t\t\t\t\t\t\t\t\t\t<span class=\"elementor-icon-list-icon\">\n\t\t\t\t\t\t\t<i aria-hidden=\"true\" class=\"fab fa-facebook-f\"><\/i>\t\t\t\t\t\t<\/span>\n\t\t\t\t\t\t\t\t\t\t<span class=\"elementor-icon-list-text\"><\/span>\n\t\t\t\t\t\t\t\t\t<\/li>\n\t\t\t\t\t\t\t\t<li class=\"elementor-icon-list-item\">\n\t\t\t\t\t\t\t\t\t\t\t<span class=\"elementor-icon-list-icon\">\n\t\t\t\t\t\t\t<i aria-hidden=\"true\" class=\"fab fa-instagram\"><\/i>\t\t\t\t\t\t<\/span>\n\t\t\t\t\t\t\t\t\t\t<span class=\"elementor-icon-list-text\"><\/span>\n\t\t\t\t\t\t\t\t\t<\/li>\n\t\t\t\t\t\t\t\t<li class=\"elementor-icon-list-item\">\n\t\t\t\t\t\t\t\t\t\t\t<span class=\"elementor-icon-list-icon\">\n\t\t\t\t\t\t\t<i aria-hidden=\"true\" class=\"fab fa-linkedin-in\"><\/i>\t\t\t\t\t\t<\/span>\n\t\t\t\t\t\t\t\t\t\t<span class=\"elementor-icon-list-text\"><\/span>\n\t\t\t\t\t\t\t\t\t<\/li>\n\t\t\t\t\t\t<\/ul>\n\t\t\t\t\t\t<\/div>\n\t\t\t\t<\/div>\n\t\t\t\t<div class=\"elementor-element elementor-element-c9e0bec elementor-widget elementor-widget-spacer\" data-id=\"c9e0bec\" data-element_type=\"widget\" data-e-type=\"widget\" data-widget_type=\"spacer.default\">\n\t\t\t\t<div class=\"elementor-widget-container\">\n\t\t\t\t\t\t\t<div class=\"elementor-spacer\">\n\t\t\t<div class=\"elementor-spacer-inner\"><\/div>\n\t\t<\/div>\n\t\t\t\t\t\t<\/div>\n\t\t\t\t<\/div>\n\t\t\t\t<div class=\"elementor-element elementor-element-9f42968 elementor-widget elementor-widget-spacer\" data-id=\"9f42968\" data-element_type=\"widget\" data-e-type=\"widget\" data-widget_type=\"spacer.default\">\n\t\t\t\t<div class=\"elementor-widget-container\">\n\t\t\t\t\t\t\t<div class=\"elementor-spacer\">\n\t\t\t<div class=\"elementor-spacer-inner\"><\/div>\n\t\t<\/div>\n\t\t\t\t\t\t<\/div>\n\t\t\t\t<\/div>\n\t\t\t\t<div class=\"elementor-element elementor-element-7ebcdef elementor-widget elementor-widget-heading\" data-id=\"7ebcdef\" data-element_type=\"widget\" data-e-type=\"widget\" data-widget_type=\"heading.default\">\n\t\t\t\t<div class=\"elementor-widget-container\">\n\t\t\t\t\t<h2 class=\"elementor-heading-title elementor-size-default\">Cz\u0119sto zadawane pytania<\/h2>\t\t\t\t<\/div>\n\t\t\t\t<\/div>\n\t\t\t\t\t<\/div>\n\t\t<\/div>\n\t\t\t\t\t<\/div>\n\t\t<\/section>\n\t\t\t\t<section class=\"elementor-section elementor-top-section elementor-element elementor-element-43751a2f elementor-section-content-space-between elementor-section-boxed elementor-section-height-default elementor-section-height-default\" data-id=\"43751a2f\" data-element_type=\"section\" data-e-type=\"section\" data-settings=\"{&quot;background_background&quot;:&quot;classic&quot;}\">\n\t\t\t\t\t\t<div class=\"elementor-container elementor-column-gap-no\">\n\t\t\t\t\t<div class=\"elementor-column elementor-col-100 elementor-top-column elementor-element elementor-element-645ed4cc\" data-id=\"645ed4cc\" data-element_type=\"column\" data-e-type=\"column\">\n\t\t\t<div class=\"elementor-widget-wrap elementor-element-populated\">\n\t\t\t\t\t\t<div class=\"elementor-element elementor-element-96025b5 elementor-widget elementor-widget-spacer\" data-id=\"96025b5\" data-element_type=\"widget\" data-e-type=\"widget\" data-widget_type=\"spacer.default\">\n\t\t\t\t<div class=\"elementor-widget-container\">\n\t\t\t\t\t\t\t<div class=\"elementor-spacer\">\n\t\t\t<div class=\"elementor-spacer-inner\"><\/div>\n\t\t<\/div>\n\t\t\t\t\t\t<\/div>\n\t\t\t\t<\/div>\n\t\t\t\t<div class=\"elementor-element elementor-element-1980ddca elementor-widget elementor-widget-toggle\" data-id=\"1980ddca\" data-element_type=\"widget\" data-e-type=\"widget\" data-widget_type=\"toggle.default\">\n\t\t\t\t<div class=\"elementor-widget-container\">\n\t\t\t\t\t\t\t<div class=\"elementor-toggle\">\n\t\t\t\t\t\t\t<div class=\"elementor-toggle-item\">\n\t\t\t\t\t<div id=\"elementor-tab-title-4271\" class=\"elementor-tab-title\" data-tab=\"1\" role=\"button\" aria-controls=\"elementor-tab-content-4271\" aria-expanded=\"false\">\n\t\t\t\t\t\t\t\t\t\t\t\t<span class=\"elementor-toggle-icon elementor-toggle-icon-right\" aria-hidden=\"true\">\n\t\t\t\t\t\t\t\t\t\t\t\t\t\t\t<span class=\"elementor-toggle-icon-closed\"><i class=\"fas fa-caret-right\"><\/i><\/span>\n\t\t\t\t\t\t\t\t<span class=\"elementor-toggle-icon-opened\"><i class=\"elementor-toggle-icon-opened fas fa-caret-up\"><\/i><\/span>\n\t\t\t\t\t\t\t\t\t\t\t\t\t<\/span>\n\t\t\t\t\t\t\t\t\t\t\t\t<a class=\"elementor-toggle-title\" tabindex=\"0\">Czy powinienem m\u00f3wi\u0107 j\u0119zykiem rolnika? <\/a>\n\t\t\t\t\t<\/div>\n\n\t\t\t\t\t<div id=\"elementor-tab-content-4271\" class=\"elementor-tab-content elementor-clearfix\" data-tab=\"1\" role=\"region\" aria-labelledby=\"elementor-tab-title-4271\"><p>Nie trzeba dobrze zna\u0107 j\u0119zyka rolnika, aby zrozumie\u0107, co nale\u017cy zrobi\u0107. Poza tym zawsze znajdzie si\u0119 kolega m\u00f3wi\u0105cy po francusku lub Francuz m\u00f3wi\u0105cy po angielsku.<\/p><\/div>\n\t\t\t\t<\/div>\n\t\t\t\t\t\t\t<div class=\"elementor-toggle-item\">\n\t\t\t\t\t<div id=\"elementor-tab-title-4272\" class=\"elementor-tab-title\" data-tab=\"2\" role=\"button\" aria-controls=\"elementor-tab-content-4272\" aria-expanded=\"false\">\n\t\t\t\t\t\t\t\t\t\t\t\t<span class=\"elementor-toggle-icon elementor-toggle-icon-right\" aria-hidden=\"true\">\n\t\t\t\t\t\t\t\t\t\t\t\t\t\t\t<span class=\"elementor-toggle-icon-closed\"><i class=\"fas fa-caret-right\"><\/i><\/span>\n\t\t\t\t\t\t\t\t<span class=\"elementor-toggle-icon-opened\"><i class=\"elementor-toggle-icon-opened fas fa-caret-up\"><\/i><\/span>\n\t\t\t\t\t\t\t\t\t\t\t\t\t<\/span>\n\t\t\t\t\t\t\t\t\t\t\t\t<a class=\"elementor-toggle-title\" tabindex=\"0\">Ile dni mog\u0119 wybra\u0107? <\/a>\n\t\t\t\t\t<\/div>\n\n\t\t\t\t\t<div id=\"elementor-tab-content-4272\" class=\"elementor-tab-content elementor-clearfix\" data-tab=\"2\" role=\"region\" aria-labelledby=\"elementor-tab-title-4272\"><p>Wi\u0119kszo\u015b\u0107 zbior\u00f3w trwa tydzie\u0144, pracuje si\u0119 r\u00f3wnie\u017c w weekendy. R\u00f3\u017cni si\u0119 to jednak w zale\u017cno\u015bci od rolnika; s\u0105 te\u017c duzi rolnicy, kt\u00f3rzy na przyk\u0142ad zbieraj\u0105 plony przez 14 dni. Oczekuje si\u0119, \u017ce b\u0119dziesz pracowa\u0107 dla rolnika przez ca\u0142y okres zbior\u00f3w. Mo\u017cesz w pe\u0142ni okre\u015bli\u0107 swoje preferencje, a my do\u0142o\u017cymy wszelkich stara\u0144, aby znale\u017a\u0107 dla Ciebie idealne miejsce.<\/p><\/div>\n\t\t\t\t<\/div>\n\t\t\t\t\t\t\t<div class=\"elementor-toggle-item\">\n\t\t\t\t\t<div id=\"elementor-tab-title-4273\" class=\"elementor-tab-title\" data-tab=\"3\" role=\"button\" aria-controls=\"elementor-tab-content-4273\" aria-expanded=\"false\">\n\t\t\t\t\t\t\t\t\t\t\t\t<span class=\"elementor-toggle-icon elementor-toggle-icon-right\" aria-hidden=\"true\">\n\t\t\t\t\t\t\t\t\t\t\t\t\t\t\t<span class=\"elementor-toggle-icon-closed\"><i class=\"fas fa-caret-right\"><\/i><\/span>\n\t\t\t\t\t\t\t\t<span class=\"elementor-toggle-icon-opened\"><i class=\"elementor-toggle-icon-opened fas fa-caret-up\"><\/i><\/span>\n\t\t\t\t\t\t\t\t\t\t\t\t\t<\/span>\n\t\t\t\t\t\t\t\t\t\t\t\t<a class=\"elementor-toggle-title\" tabindex=\"0\">Jaki okres mog\u0119 wybra\u0107?<\/a>\n\t\t\t\t\t<\/div>\n\n\t\t\t\t\t<div id=\"elementor-tab-content-4273\" class=\"elementor-tab-content elementor-clearfix\" data-tab=\"3\" role=\"region\" aria-labelledby=\"elementor-tab-title-4273\"><p>Zbi\u00f3r winogron przypada na okres wrzesie\u0144-sierpie\u0144. To wci\u0105\u017c natura, wi\u0119c dopiero na pocz\u0105tku sierpnia b\u0119dziemy mogli powiedzie\u0107 z wi\u0119ksz\u0105 pewno\u015bci\u0105, jakie b\u0119d\u0105 dok\u0142adne daty zbior\u00f3w. Ale nie stresuj si\u0119, jeste\u015bmy tutaj, aby zorganizowa\u0107 dla Ciebie zbiory. Je\u015bli wolne tygodnie w og\u00f3le nie pokryj\u0105 si\u0119 ze zbiorami, zapewnimy zwrot got\u00f3wki.\u00a0<\/p><\/div>\n\t\t\t\t<\/div>\n\t\t\t\t\t\t\t\t<\/div>\n\t\t\t\t\t\t<\/div>\n\t\t\t\t<\/div>\n\t\t\t\t<div class=\"elementor-element elementor-element-6a63225a elementor-widget elementor-widget-toggle\" data-id=\"6a63225a\" data-element_type=\"widget\" data-e-type=\"widget\" data-widget_type=\"toggle.default\">\n\t\t\t\t<div class=\"elementor-widget-container\">\n\t\t\t\t\t\t\t<div class=\"elementor-toggle\">\n\t\t\t\t\t\t\t<div class=\"elementor-toggle-item\">\n\t\t\t\t\t<div id=\"elementor-tab-title-1781\" class=\"elementor-tab-title\" data-tab=\"1\" role=\"button\" aria-controls=\"elementor-tab-content-1781\" aria-expanded=\"false\">\n\t\t\t\t\t\t\t\t\t\t\t\t<span class=\"elementor-toggle-icon elementor-toggle-icon-right\" aria-hidden=\"true\">\n\t\t\t\t\t\t\t\t\t\t\t\t\t\t\t<span class=\"elementor-toggle-icon-closed\"><i class=\"fas fa-caret-right\"><\/i><\/span>\n\t\t\t\t\t\t\t\t<span class=\"elementor-toggle-icon-opened\"><i class=\"elementor-toggle-icon-opened fas fa-caret-up\"><\/i><\/span>\n\t\t\t\t\t\t\t\t\t\t\t\t\t<\/span>\n\t\t\t\t\t\t\t\t\t\t\t\t<a class=\"elementor-toggle-title\" tabindex=\"0\">Ile p\u0142ac\u0119 firmie Apcon?<\/a>\n\t\t\t\t\t<\/div>\n\n\t\t\t\t\t<div id=\"elementor-tab-content-1781\" class=\"elementor-tab-content elementor-clearfix\" data-tab=\"1\" role=\"region\" aria-labelledby=\"elementor-tab-title-1781\"><p>Op\u0142ata za udzia\u0142 w programie kompletacji wynosi 99 euro.<\/p><\/div>\n\t\t\t\t<\/div>\n\t\t\t\t\t\t\t\t<\/div>\n\t\t\t\t\t\t<\/div>\n\t\t\t\t<\/div>\n\t\t\t\t<div class=\"elementor-element elementor-element-703d3355 elementor-widget elementor-widget-toggle\" data-id=\"703d3355\" data-element_type=\"widget\" data-e-type=\"widget\" data-widget_type=\"toggle.default\">\n\t\t\t\t<div class=\"elementor-widget-container\">\n\t\t\t\t\t\t\t<div class=\"elementor-toggle\">\n\t\t\t\t\t\t\t<div class=\"elementor-toggle-item\">\n\t\t\t\t\t<div id=\"elementor-tab-title-1881\" class=\"elementor-tab-title\" data-tab=\"1\" role=\"button\" aria-controls=\"elementor-tab-content-1881\" aria-expanded=\"false\">\n\t\t\t\t\t\t\t\t\t\t\t\t<span class=\"elementor-toggle-icon elementor-toggle-icon-right\" aria-hidden=\"true\">\n\t\t\t\t\t\t\t\t\t\t\t\t\t\t\t<span class=\"elementor-toggle-icon-closed\"><i class=\"fas fa-caret-right\"><\/i><\/span>\n\t\t\t\t\t\t\t\t<span class=\"elementor-toggle-icon-opened\"><i class=\"elementor-toggle-icon-opened fas fa-caret-up\"><\/i><\/span>\n\t\t\t\t\t\t\t\t\t\t\t\t\t<\/span>\n\t\t\t\t\t\t\t\t\t\t\t\t<a class=\"elementor-toggle-title\" tabindex=\"0\">Ile zarabiam we Francji?<\/a>\n\t\t\t\t\t<\/div>\n\n\t\t\t\t\t<div id=\"elementor-tab-content-1881\" class=\"elementor-tab-content elementor-clearfix\" data-tab=\"1\" role=\"region\" aria-labelledby=\"elementor-tab-title-1881\"><p>We Francji wynagrodzenie wyp\u0142acane jest za ka\u017cdy dzie\u0144 pracy, niezale\u017cnie od tempa pracy. Ka\u017cdego roku wynagrodzenie jest obliczane zgodnie ze stawkami okre\u015blonymi przez prawo. W ubieg\u0142ym roku wynagrodzenie netto wynosi\u0142o oko\u0142o 60 euro za 8-godzinny dzie\u0144 pracy (w tym wy\u017cywienie i zakwaterowanie). Kwota ta b\u0119dzie si\u0119 nieznacznie zmienia\u0107 ka\u017cdego roku. Tragarze zarabiaj\u0105 wi\u0119cej ni\u017c zbieracze, ale nie ma du\u017cej r\u00f3\u017cnicy.<\/p><p><span style=\"background-color: rgba(0, 0, 0, 0);\">Opr\u00f3cz wynagrodzenia otrzymasz wy\u017cywienie i zakwaterowanie (patrz strona informacyjna). W dni wolne od pracy, spowodowane pogod\u0105 lub chorob\u0105, wynagrodzenie nie jest wyp\u0142acane. Pod koniec zbior\u00f3w wynagrodzenie jest wyp\u0142acane got\u00f3wk\u0105 lub czekiem. Poinformuj rolnika, \u017ce wolisz otrzyma\u0107 wynagrodzenie w got\u00f3wce; w ten spos\u00f3b unikniesz koszt\u00f3w realizacji czeku. W przypadku otrzymania czeku zaleca si\u0119 jego natychmiastow\u0105 realizacj\u0119 we Francji.<\/span><\/p><\/div>\n\t\t\t\t<\/div>\n\t\t\t\t\t\t\t\t<\/div>\n\t\t\t\t\t\t<\/div>\n\t\t\t\t<\/div>\n\t\t\t\t<div class=\"elementor-element elementor-element-6c555aa5 elementor-widget elementor-widget-toggle\" data-id=\"6c555aa5\" data-element_type=\"widget\" data-e-type=\"widget\" data-widget_type=\"toggle.default\">\n\t\t\t\t<div class=\"elementor-widget-container\">\n\t\t\t\t\t\t\t<div class=\"elementor-toggle\">\n\t\t\t\t\t\t\t<div class=\"elementor-toggle-item\">\n\t\t\t\t\t<div id=\"elementor-tab-title-1811\" class=\"elementor-tab-title\" data-tab=\"1\" role=\"button\" aria-controls=\"elementor-tab-content-1811\" aria-expanded=\"false\">\n\t\t\t\t\t\t\t\t\t\t\t\t<span class=\"elementor-toggle-icon elementor-toggle-icon-right\" aria-hidden=\"true\">\n\t\t\t\t\t\t\t\t\t\t\t\t\t\t\t<span class=\"elementor-toggle-icon-closed\"><i class=\"fas fa-caret-right\"><\/i><\/span>\n\t\t\t\t\t\t\t\t<span class=\"elementor-toggle-icon-opened\"><i class=\"elementor-toggle-icon-opened fas fa-caret-up\"><\/i><\/span>\n\t\t\t\t\t\t\t\t\t\t\t\t\t<\/span>\n\t\t\t\t\t\t\t\t\t\t\t\t<a class=\"elementor-toggle-title\" tabindex=\"0\">Gdzie mam spa\u0107?<\/a>\n\t\t\t\t\t<\/div>\n\n\t\t\t\t\t<div id=\"elementor-tab-content-1811\" class=\"elementor-tab-content elementor-clearfix\" data-tab=\"1\" role=\"region\" aria-labelledby=\"elementor-tab-title-1811\"><p>\u015apisz u tego farmera. Kt\u00f3ry cz\u0119sto ma dodatkowy dom lub pokoje w swojej posiad\u0142o\u015bci, zawsze z prysznicem i toalet\u0105. Od wiek\u00f3w s\u0105 one przeznaczone dla zbieraczy podczas corocznych zbior\u00f3w. Cz\u0119sto s\u0105 to pokoje wieloosobowe, ale mog\u0105 to by\u0107 r\u00f3wnie\u017c ma\u0142e pokoje. Cz\u0119sto istnieje r\u00f3wnie\u017c mo\u017cliwo\u015b\u0107 postawienia furgonetki lub namiotu gdzie\u015b na podw\u00f3rku i sp\u0119dzenia tam nocy.<\/p><\/div>\n\t\t\t\t<\/div>\n\t\t\t\t\t\t\t<div class=\"elementor-toggle-item\">\n\t\t\t\t\t<div id=\"elementor-tab-title-1812\" class=\"elementor-tab-title\" data-tab=\"2\" role=\"button\" aria-controls=\"elementor-tab-content-1812\" aria-expanded=\"false\">\n\t\t\t\t\t\t\t\t\t\t\t\t<span class=\"elementor-toggle-icon elementor-toggle-icon-right\" aria-hidden=\"true\">\n\t\t\t\t\t\t\t\t\t\t\t\t\t\t\t<span class=\"elementor-toggle-icon-closed\"><i class=\"fas fa-caret-right\"><\/i><\/span>\n\t\t\t\t\t\t\t\t<span class=\"elementor-toggle-icon-opened\"><i class=\"elementor-toggle-icon-opened fas fa-caret-up\"><\/i><\/span>\n\t\t\t\t\t\t\t\t\t\t\t\t\t<\/span>\n\t\t\t\t\t\t\t\t\t\t\t\t<a class=\"elementor-toggle-title\" tabindex=\"0\">Co dostan\u0119 do jedzenia?<\/a>\n\t\t\t\t\t<\/div>\n\n\t\t\t\t\t<div id=\"elementor-tab-content-1812\" class=\"elementor-tab-content elementor-clearfix\" data-tab=\"2\" role=\"region\" aria-labelledby=\"elementor-tab-title-1812\"><p>Jedzenie z rolnikiem i \u017con\u0105 rolnika jest nie lada prze\u017cyciem, wi\u0119kszo\u015b\u0107 rolnik\u00f3w serwuje 3 posi\u0142ki, wszystkie klasyczne francuskie. \u015aniadanie obejmuje chleb, sery, kie\u0142baski, a czasem nawet czekolad\u0119 i wino (tak, naprawd\u0119). Lunch jest bardzo wyszukany we Francji, wi\u0119c cz\u0119sto jest podawany na gor\u0105co w gospodarstwie, cz\u0119sto trwaj\u0105c 1,5 godziny. I wreszcie kolacja, kt\u00f3ra cz\u0119sto sk\u0142ada si\u0119 z sa\u0142atki, typowego francuskiego dania i wreszcie sera \ud83d\ude09<\/p><\/div>\n\t\t\t\t<\/div>\n\t\t\t\t\t\t\t<div class=\"elementor-toggle-item\">\n\t\t\t\t\t<div id=\"elementor-tab-title-1813\" class=\"elementor-tab-title\" data-tab=\"3\" role=\"button\" aria-controls=\"elementor-tab-content-1813\" aria-expanded=\"false\">\n\t\t\t\t\t\t\t\t\t\t\t\t<span class=\"elementor-toggle-icon elementor-toggle-icon-right\" aria-hidden=\"true\">\n\t\t\t\t\t\t\t\t\t\t\t\t\t\t\t<span class=\"elementor-toggle-icon-closed\"><i class=\"fas fa-caret-right\"><\/i><\/span>\n\t\t\t\t\t\t\t\t<span class=\"elementor-toggle-icon-opened\"><i class=\"elementor-toggle-icon-opened fas fa-caret-up\"><\/i><\/span>\n\t\t\t\t\t\t\t\t\t\t\t\t\t<\/span>\n\t\t\t\t\t\t\t\t\t\t\t\t<a class=\"elementor-toggle-title\" tabindex=\"0\">Czy jestem ubezpieczony?<\/a>\n\t\t\t\t\t<\/div>\n\n\t\t\t\t\t<div id=\"elementor-tab-content-1813\" class=\"elementor-tab-content elementor-clearfix\" data-tab=\"3\" role=\"region\" aria-labelledby=\"elementor-tab-title-1813\"><p>Rolnik jest prawnie zobowi\u0105zany do ubezpieczenia u\u017cytkownika od wypadk\u00f3w w godzinach pracy. Ubezpieczenie to nie obejmuje szk\u00f3d spowodowanych kradzie\u017c\u0105 itp. Dlatego zalecane jest ubezpieczenie podr\u00f3\u017cne.<\/p><\/div>\n\t\t\t\t<\/div>\n\t\t\t\t\t\t\t<div class=\"elementor-toggle-item\">\n\t\t\t\t\t<div id=\"elementor-tab-title-1814\" class=\"elementor-tab-title\" data-tab=\"4\" role=\"button\" aria-controls=\"elementor-tab-content-1814\" aria-expanded=\"false\">\n\t\t\t\t\t\t\t\t\t\t\t\t<span class=\"elementor-toggle-icon elementor-toggle-icon-right\" aria-hidden=\"true\">\n\t\t\t\t\t\t\t\t\t\t\t\t\t\t\t<span class=\"elementor-toggle-icon-closed\"><i class=\"fas fa-caret-right\"><\/i><\/span>\n\t\t\t\t\t\t\t\t<span class=\"elementor-toggle-icon-opened\"><i class=\"elementor-toggle-icon-opened fas fa-caret-up\"><\/i><\/span>\n\t\t\t\t\t\t\t\t\t\t\t\t\t<\/span>\n\t\t\t\t\t\t\t\t\t\t\t\t<a class=\"elementor-toggle-title\" tabindex=\"0\">Czy otrzymam zwrot pieni\u0119dzy, je\u015bli nie uda mi si\u0119 przyjecha\u0107 w odpowiednim terminie?<\/a>\n\t\t\t\t\t<\/div>\n\n\t\t\t\t\t<div id=\"elementor-tab-content-1814\" class=\"elementor-tab-content elementor-clearfix\" data-tab=\"4\" role=\"region\" aria-labelledby=\"elementor-tab-title-1814\"><p>W przypadku anulowania rezerwacji na miesi\u0105c lub wi\u0119cej przed rozpocz\u0119ciem zbior\u00f3w na przypisanej farmie, zwr\u00f3cimy 50% p\u0142atno\u015bci. Anulowanie do dw\u00f3ch tygodni przed rozpocz\u0119ciem: zwrot 25%; p\u00f3\u017aniejsze anulowanie: brak zwrotu.<\/p><p><span style=\"background-color: rgba(0, 0, 0, 0);\">Relacje mi\u0119dzy zbieraczami a rolnikiem (pracodawc\u0105) nie nale\u017c\u0105 do naszych obowi\u0105zk\u00f3w. Pracodawca ma prawo odes\u0142a\u0107 zbieracza (pracownika), je\u015bli ma ku temu uzasadniony pow\u00f3d. Apcon nie ponosi odpowiedzialno\u015bci za jakiekolwiek szkody lub utracone dochody.<\/span><\/p><\/div>\n\t\t\t\t<\/div>\n\t\t\t\t\t\t\t<div class=\"elementor-toggle-item\">\n\t\t\t\t\t<div id=\"elementor-tab-title-1815\" class=\"elementor-tab-title\" data-tab=\"5\" role=\"button\" aria-controls=\"elementor-tab-content-1815\" aria-expanded=\"false\">\n\t\t\t\t\t\t\t\t\t\t\t\t<span class=\"elementor-toggle-icon elementor-toggle-icon-right\" aria-hidden=\"true\">\n\t\t\t\t\t\t\t\t\t\t\t\t\t\t\t<span class=\"elementor-toggle-icon-closed\"><i class=\"fas fa-caret-right\"><\/i><\/span>\n\t\t\t\t\t\t\t\t<span class=\"elementor-toggle-icon-opened\"><i class=\"elementor-toggle-icon-opened fas fa-caret-up\"><\/i><\/span>\n\t\t\t\t\t\t\t\t\t\t\t\t\t<\/span>\n\t\t\t\t\t\t\t\t\t\t\t\t<a class=\"elementor-toggle-title\" tabindex=\"0\">Lista pakowania<\/a>\n\t\t\t\t\t<\/div>\n\n\t\t\t\t\t<div id=\"elementor-tab-content-1815\" class=\"elementor-tab-content elementor-clearfix\" data-tab=\"5\" role=\"region\" aria-labelledby=\"elementor-tab-title-1815\"><p><img decoding=\"async\" class=\"alignnone size-medium wp-image-19866\" src=\"https:\/\/grape-picking.com\/wp-content\/uploads\/2024\/05\/PACKING-LIST-APCON-1-5-120x300.png\" alt=\"\" width=\"120\" height=\"300\" srcset=\"https:\/\/grape-picking.com\/wp-content\/uploads\/2024\/05\/PACKING-LIST-APCON-1-5-120x300.png 120w, https:\/\/grape-picking.com\/wp-content\/uploads\/2024\/05\/PACKING-LIST-APCON-1-5-410x1024.png 410w, https:\/\/grape-picking.com\/wp-content\/uploads\/2024\/05\/PACKING-LIST-APCON-1-5-768x1920.png 768w, https:\/\/grape-picking.com\/wp-content\/uploads\/2024\/05\/PACKING-LIST-APCON-1-5-614x1536.png 614w, https:\/\/grape-picking.com\/wp-content\/uploads\/2024\/05\/PACKING-LIST-APCON-1-5-5x12.png 5w, https:\/\/grape-picking.com\/wp-content\/uploads\/2024\/05\/PACKING-LIST-APCON-1-5-600x1500.png 600w, https:\/\/grape-picking.com\/wp-content\/uploads\/2024\/05\/PACKING-LIST-APCON-1-5.png 800w\" sizes=\"(max-width: 120px) 100vw, 120px\" \/><\/p><\/div>\n\t\t\t\t<\/div>\n\t\t\t\t\t\t\t\t<\/div>\n\t\t\t\t\t\t<\/div>\n\t\t\t\t<\/div>\n\t\t\t\t<div class=\"elementor-element elementor-element-84518cb elementor-widget elementor-widget-spacer\" data-id=\"84518cb\" data-element_type=\"widget\" data-e-type=\"widget\" data-widget_type=\"spacer.default\">\n\t\t\t\t<div class=\"elementor-widget-container\">\n\t\t\t\t\t\t\t<div class=\"elementor-spacer\">\n\t\t\t<div class=\"elementor-spacer-inner\"><\/div>\n\t\t<\/div>\n\t\t\t\t\t\t<\/div>\n\t\t\t\t<\/div>\n\t\t\t\t\t<\/div>\n\t\t<\/div>\n\t\t\t\t\t<\/div>\n\t\t<\/section>\n\t\t\t\t<section class=\"elementor-section elementor-top-section elementor-element elementor-element-70ec7a8 elementor-section-boxed elementor-section-height-default elementor-section-height-default\" data-id=\"70ec7a8\" data-element_type=\"section\" data-e-type=\"section\" data-settings=\"{&quot;background_background&quot;:&quot;classic&quot;}\">\n\t\t\t\t\t\t<div class=\"elementor-container elementor-column-gap-default\">\n\t\t\t\t\t<div class=\"elementor-column elementor-col-100 elementor-top-column elementor-element elementor-element-01eda84\" data-id=\"01eda84\" data-element_type=\"column\" data-e-type=\"column\">\n\t\t\t<div class=\"elementor-widget-wrap elementor-element-populated\">\n\t\t\t\t\t\t<div class=\"elementor-element elementor-element-173d140 elementor-widget elementor-widget-spacer\" data-id=\"173d140\" data-element_type=\"widget\" data-e-type=\"widget\" data-widget_type=\"spacer.default\">\n\t\t\t\t<div class=\"elementor-widget-container\">\n\t\t\t\t\t\t\t<div class=\"elementor-spacer\">\n\t\t\t<div class=\"elementor-spacer-inner\"><\/div>\n\t\t<\/div>\n\t\t\t\t\t\t<\/div>\n\t\t\t\t<\/div>\n\t\t\t\t\t<\/div>\n\t\t<\/div>\n\t\t\t\t\t<\/div>\n\t\t<\/section>\n\t\t\t\t<\/div>","protected":false},"excerpt":{"rendered":"<p>Frequently asked questions Moet ik de taal van de boer spreken? Het is niet nodig om de taal van de boer goed te spreken om te begrijpen wat je moet doen. Bovendien zal er altijd wel een collega zijn die Frans spreekt, of een Fransman die Engels spreekt. Hoeveel dagen [&hellip;]<\/p>\n","protected":false},"author":1,"featured_media":0,"parent":0,"menu_order":0,"comment_status":"closed","ping_status":"closed","template":"elementor_header_footer","meta":{"_glsr_average":0,"_glsr_ranking":0,"_glsr_reviews":0,"footnotes":""},"class_list":["post-16951","page","type-page","status-publish","hentry"],"_links":{"self":[{"href":"https:\/\/grape-picking.com\/pl\/wp-json\/wp\/v2\/pages\/16951","targetHints":{"allow":["GET"]}}],"collection":[{"href":"https:\/\/grape-picking.com\/pl\/wp-json\/wp\/v2\/pages"}],"about":[{"href":"https:\/\/grape-picking.com\/pl\/wp-json\/wp\/v2\/types\/page"}],"author":[{"embeddable":true,"href":"https:\/\/grape-picking.com\/pl\/wp-json\/wp\/v2\/users\/1"}],"replies":[{"embeddable":true,"href":"https:\/\/grape-picking.com\/pl\/wp-json\/wp\/v2\/comments?post=16951"}],"version-history":[{"count":98,"href":"https:\/\/grape-picking.com\/pl\/wp-json\/wp\/v2\/pages\/16951\/revisions"}],"predecessor-version":[{"id":19934,"href":"https:\/\/grape-picking.com\/pl\/wp-json\/wp\/v2\/pages\/16951\/revisions\/19934"}],"wp:attachment":[{"href":"https:\/\/grape-picking.com\/pl\/wp-json\/wp\/v2\/media?parent=16951"}],"curies":[{"name":"wp","href":"https:\/\/api.w.org\/{rel}","templated":true}]}}