{"id":16013,"date":"2020-07-26T14:32:39","date_gmt":"2020-07-26T14:32:39","guid":{"rendered":"http:\/\/www.dipjeweg.nl\/?page_id=3"},"modified":"2022-06-07T20:44:37","modified_gmt":"2022-06-07T20:44:37","slug":"privacypolicy","status":"publish","type":"page","link":"https:\/\/grape-picking.com\/pl\/privacypolicy\/","title":{"rendered":"Privacybeleid"},"content":{"rendered":"<div data-elementor-type=\"wp-page\" data-elementor-id=\"16013\" class=\"elementor elementor-16013\" data-elementor-post-type=\"page\">\n\t\t\t\t\t\t<section class=\"elementor-section elementor-top-section elementor-element elementor-element-6dbb9d88 elementor-section-boxed elementor-section-height-default elementor-section-height-default\" data-id=\"6dbb9d88\" data-element_type=\"section\" data-e-type=\"section\">\n\t\t\t\t\t\t<div class=\"elementor-container elementor-column-gap-default\">\n\t\t\t\t\t<div class=\"elementor-column elementor-col-100 elementor-top-column elementor-element elementor-element-3c00ffa6\" data-id=\"3c00ffa6\" data-element_type=\"column\" data-e-type=\"column\">\n\t\t\t<div class=\"elementor-widget-wrap elementor-element-populated\">\n\t\t\t\t\t\t\t<\/div>\n\t\t<\/div>\n\t\t\t\t\t<\/div>\n\t\t<\/section>\n\t\t\t\t<section class=\"elementor-section elementor-top-section elementor-element elementor-element-08db7c9 elementor-section-boxed elementor-section-height-default elementor-section-height-default\" data-id=\"08db7c9\" data-element_type=\"section\" data-e-type=\"section\">\n\t\t\t\t\t\t<div class=\"elementor-container elementor-column-gap-default\">\n\t\t\t\t\t<div class=\"elementor-column elementor-col-100 elementor-top-column elementor-element elementor-element-dc99fe9\" data-id=\"dc99fe9\" data-element_type=\"column\" data-e-type=\"column\">\n\t\t\t<div class=\"elementor-widget-wrap elementor-element-populated\">\n\t\t\t\t\t\t<div class=\"elementor-element elementor-element-c8582a3 elementor-widget elementor-widget-heading\" data-id=\"c8582a3\" data-element_type=\"widget\" data-e-type=\"widget\" data-widget_type=\"heading.default\">\n\t\t\t\t<div class=\"elementor-widget-container\">\n\t\t\t\t\t<h2 class=\"elementor-heading-title elementor-size-default\">Polityka prywatno\u015bci<\/h2>\t\t\t\t<\/div>\n\t\t\t\t<\/div>\n\t\t\t\t\t<\/div>\n\t\t<\/div>\n\t\t\t\t\t<\/div>\n\t\t<\/section>\n\t\t\t\t<section class=\"elementor-section elementor-top-section elementor-element elementor-element-e03159e elementor-section-boxed elementor-section-height-default elementor-section-height-default\" data-id=\"e03159e\" data-element_type=\"section\" data-e-type=\"section\">\n\t\t\t\t\t\t<div class=\"elementor-container elementor-column-gap-default\">\n\t\t\t\t\t<div class=\"elementor-column elementor-col-100 elementor-top-column elementor-element elementor-element-bebc9df\" data-id=\"bebc9df\" data-element_type=\"column\" data-e-type=\"column\">\n\t\t\t<div class=\"elementor-widget-wrap\">\n\t\t\t\t\t\t\t<\/div>\n\t\t<\/div>\n\t\t\t\t\t<\/div>\n\t\t<\/section>\n\t\t\t\t<section class=\"elementor-section elementor-top-section elementor-element elementor-element-35122bd1 elementor-section-full_width elementor-section-height-min-height elementor-section-height-default elementor-section-items-middle\" data-id=\"35122bd1\" data-element_type=\"section\" data-e-type=\"section\" data-settings=\"{&quot;background_background&quot;:&quot;classic&quot;}\">\n\t\t\t\t\t\t\t<div class=\"elementor-background-overlay\"><\/div>\n\t\t\t\t\t\t\t<div class=\"elementor-container elementor-column-gap-default\">\n\t\t\t\t\t<div class=\"elementor-column elementor-col-33 elementor-top-column elementor-element elementor-element-5b38e396\" data-id=\"5b38e396\" data-element_type=\"column\" data-e-type=\"column\">\n\t\t\t<div class=\"elementor-widget-wrap\">\n\t\t\t\t\t\t\t<\/div>\n\t\t<\/div>\n\t\t\t\t<div class=\"elementor-column elementor-col-33 elementor-top-column elementor-element elementor-element-20aa2c63\" data-id=\"20aa2c63\" data-element_type=\"column\" data-e-type=\"column\">\n\t\t\t<div class=\"elementor-widget-wrap elementor-element-populated\">\n\t\t\t\t\t\t<div class=\"elementor-element elementor-element-381609f1 elementor-widget elementor-widget-heading\" data-id=\"381609f1\" data-element_type=\"widget\" data-e-type=\"widget\" data-widget_type=\"heading.default\">\n\t\t\t\t<div class=\"elementor-widget-container\">\n\t\t\t\t\t<h2 class=\"elementor-heading-title elementor-size-default\">Polityka prywatno\u015bci<\/h2>\t\t\t\t<\/div>\n\t\t\t\t<\/div>\n\t\t\t\t\t<\/div>\n\t\t<\/div>\n\t\t\t\t<div class=\"elementor-column elementor-col-33 elementor-top-column elementor-element elementor-element-165af53e\" data-id=\"165af53e\" data-element_type=\"column\" data-e-type=\"column\">\n\t\t\t<div class=\"elementor-widget-wrap\">\n\t\t\t\t\t\t\t<\/div>\n\t\t<\/div>\n\t\t\t\t\t<\/div>\n\t\t<\/section>\n\t\t\t\t<section class=\"elementor-section elementor-top-section elementor-element elementor-element-eef85e6 elementor-section-boxed elementor-section-height-default elementor-section-height-default\" data-id=\"eef85e6\" data-element_type=\"section\" data-e-type=\"section\" data-settings=\"{&quot;background_background&quot;:&quot;classic&quot;}\">\n\t\t\t\t\t\t<div class=\"elementor-container elementor-column-gap-default\">\n\t\t\t\t\t<div class=\"elementor-column elementor-col-100 elementor-top-column elementor-element elementor-element-352d98c\" data-id=\"352d98c\" data-element_type=\"column\" data-e-type=\"column\">\n\t\t\t<div class=\"elementor-widget-wrap elementor-element-populated\">\n\t\t\t\t\t\t<div class=\"elementor-element elementor-element-7c36d67 elementor-widget elementor-widget-spacer\" data-id=\"7c36d67\" data-element_type=\"widget\" data-e-type=\"widget\" data-widget_type=\"spacer.default\">\n\t\t\t\t<div class=\"elementor-widget-container\">\n\t\t\t\t\t\t\t<div class=\"elementor-spacer\">\n\t\t\t<div class=\"elementor-spacer-inner\"><\/div>\n\t\t<\/div>\n\t\t\t\t\t\t<\/div>\n\t\t\t\t<\/div>\n\t\t\t\t\t<\/div>\n\t\t<\/div>\n\t\t\t\t\t<\/div>\n\t\t<\/section>\n\t\t\t\t<section class=\"elementor-section elementor-top-section elementor-element elementor-element-d1ed651 elementor-section-boxed elementor-section-height-default elementor-section-height-default\" data-id=\"d1ed651\" data-element_type=\"section\" data-e-type=\"section\" data-settings=\"{&quot;background_background&quot;:&quot;classic&quot;}\">\n\t\t\t\t\t\t<div class=\"elementor-container elementor-column-gap-default\">\n\t\t\t\t\t<div class=\"elementor-column elementor-col-100 elementor-top-column elementor-element elementor-element-09c500f elementor-hidden-mobile\" data-id=\"09c500f\" data-element_type=\"column\" data-e-type=\"column\">\n\t\t\t<div class=\"elementor-widget-wrap elementor-element-populated\">\n\t\t\t\t\t\t<div class=\"elementor-element elementor-element-ae2f7e1 elementor-hidden-mobile elementor-widget elementor-widget-text-editor\" data-id=\"ae2f7e1\" data-element_type=\"widget\" data-e-type=\"widget\" data-widget_type=\"text-editor.default\">\n\t\t\t\t<div class=\"elementor-widget-container\">\n\t\t\t\t\t\t\t\t\t<p><span style=\"color: var( --e-global-color-text ); font-family: var( --e-global-typography-text-font-family ), Sans-serif; font-weight: var( --e-global-typography-text-font-weight );\">APCON szanuje prywatno\u015b\u0107 swoich u\u017cytkownik\u00f3w, w szczeg\u00f3lno\u015bci ich prawa dotycz\u0105ce automatycznego przetwarzania danych osobowych. W zwi\u0105zku z tym sformu\u0142owali\u015bmy i wdro\u017cyli\u015bmy polityk\u0119 pe\u0142nej przejrzysto\u015bci wobec naszych klient\u00f3w w zakresie przetwarzania danych osobowych, jego cel\u00f3w i mo\u017cliwo\u015bci korzystania z praw w najlepszy mo\u017cliwy spos\u00f3b.<\/span><\/p><p>\u00a0<\/p><p>Je\u015bli potrzebujesz dodatkowych informacji na temat ochrony danych osobowych, odwied\u017a stron\u0119 internetow\u0105 holenderskiego organu ochrony danych (Autoriteit Persoonsgegevens) <a href=\"https:\/\/autoriteitpersoonsgegevens.nl\/nl\">https:\/\/autoriteitpersoonsgegevens.nl\/nl<\/a><\/p><p>\u00a0<\/p><p>Dop\u00f3ki u\u017cytkownik nie zaakceptuje korzystania z plik\u00f3w cookie i innych urz\u0105dze\u0144 \u015bledz\u0105cych, nie b\u0119dziemy umieszcza\u0107 \u017cadnych niezanonimizowanych analitycznych plik\u00f3w cookie i\/lub \u015bledz\u0105cych plik\u00f3w cookie na jego komputerze, telefonie kom\u00f3rkowym lub tablecie.<\/p><p>Kontynuuj\u0105c odwiedzanie tej witryny, u\u017cytkownik akceptuje niniejsze warunki u\u017cytkowania i akceptuje korzystanie z plik\u00f3w cookie i innych system\u00f3w \u015bledzenia, chyba \u017ce udost\u0119pnili\u015bmy inn\u0105 metod\u0119 akceptowania plik\u00f3w cookie na naszej stronie internetowej.<\/p><p>\u00a0<\/p><p>Aktualnie dost\u0119pna wersja niniejszej polityki prywatno\u015bci jest jedyn\u0105 wersj\u0105, kt\u00f3ra ma zastosowanie podczas odwiedzania naszej strony internetowej, dop\u00f3ki nowa wersja nie zast\u0105pi obecnej wersji.<\/p><p>\u00a0<\/p><p>Artyku\u0142 1 - Definicje<\/p><p>\u00a0<\/p><ol><li>Strona internetowa Grape-picking.com<\/li><\/ol><ol start=\"2\"><li>Podmiot odpowiedzialny za przetwarzanie danych osobowych: APCON, z siedzib\u0105 pod adresem Neutronstraat 10, 9743AM Groningen, Holandia, numer Izby Handlowej: 7737952.<\/li><\/ol><p>Artyku\u0142 2 - Dost\u0119p do strony internetowej<\/p><p>\u00a0<\/p><p>Dost\u0119p do strony internetowej i korzystanie z niej maj\u0105 charakter wy\u0142\u0105cznie osobisty. U\u017cytkownik powstrzyma si\u0119 od wykorzystywania danych i informacji zawartych na tej stronie internetowej do w\u0142asnych cel\u00f3w handlowych, politycznych lub reklamowych, a tak\u017ce wszelkich ofert handlowych, w szczeg\u00f3lno\u015bci niezam\u00f3wionych ofert elektronicznych.<\/p><p>\u00a0<\/p><p>Artyku\u0142 3 - Zawarto\u015b\u0107 strony internetowej<\/p><p>\u00a0<\/p><p>Wszystkie marki, obrazy, teksty, komentarze, ilustracje (animowane) obrazy, obrazy wideo, d\u017awi\u0119ki i wszystkie aplikacje techniczne, kt\u00f3re mog\u0105 by\u0107 u\u017cywane do obs\u0142ugi tej witryny, a bardziej og\u00f3lnie wszystkie komponenty u\u017cywane na tej stronie, s\u0105 chronione prawem w\u0142asno\u015bci intelektualnej. Jakiekolwiek powielanie, powtarzanie, wykorzystywanie lub modyfikowanie, w jakikolwiek spos\u00f3b, ca\u0142o\u015bci lub tylko cz\u0119\u015bci, w tym aplikacji technicznych, bez uprzedniej pisemnej zgody administratora, jest surowo zabronione. Fakt, \u017ce administrator nie mo\u017ce podj\u0105\u0107 natychmiastowych dzia\u0142a\u0144 przeciwko jakiemukolwiek naruszeniu, nie mo\u017ce by\u0107 uwa\u017cany za milcz\u0105c\u0105 zgod\u0119 ani zrzeczenie si\u0119 jakiegokolwiek prawa do \u015bcigania strony naruszaj\u0105cej.<\/p><p>Artyku\u0142 4 - Zarz\u0105dzanie stron\u0105 internetow\u0105<\/p><p>\u00a0<\/p><p>W celu prawid\u0142owego zarz\u0105dzania witryn\u0105 administrator mo\u017ce w dowolnym momencie:<\/p><p>\u00a0<\/p><ul><li>Zawiesza\u0107, przerywa\u0107, ogranicza\u0107 lub odmawia\u0107 dost\u0119pu do strony internetowej okre\u015blonej kategorii odwiedzaj\u0105cych.<\/li><li>Usun\u0105\u0107 wszystkie informacje, kt\u00f3re mog\u0105 zak\u0142\u00f3ci\u0107 funkcjonowanie strony internetowej lub s\u0105 sprzeczne z prawem krajowym lub mi\u0119dzynarodowym lub s\u0105 sprzeczne z etykiet\u0105 internetow\u0105.<\/li><li>Tymczasowa niedost\u0119pno\u015b\u0107 witryny w celu przeprowadzenia aktualizacji.<\/li><\/ul><p>Artyku\u0142 5 - Obowi\u0105zki<\/p><p>\u00a0<\/p><ol><li>Administrator nie ponosi odpowiedzialno\u015bci za jakiekolwiek awarie, zak\u0142\u00f3cenia, trudno\u015bci lub przerwy w funkcjonowaniu strony internetowej, powoduj\u0105ce (tymczasow\u0105) niedost\u0119pno\u015b\u0107 strony internetowej lub kt\u00f3rejkolwiek z jej funkcji. U\u017cytkownik sam ponosi odpowiedzialno\u015b\u0107 za spos\u00f3b, w jaki szuka po\u0142\u0105czenia z nasz\u0105 witryn\u0105. U\u017cytkownik musi podj\u0105\u0107 wszelkie odpowiednie kroki w celu ochrony swojego sprz\u0119tu i danych przed zagro\u017ceniami, takimi jak ataki wirus\u00f3w w Internecie. Ponadto u\u017cytkownik ponosi odpowiedzialno\u015b\u0107 za to, kt\u00f3re strony internetowe odwiedza i jakich informacji poszukuje.<\/li><li>Administrator danych nie ponosi odpowiedzialno\u015bci za jakiekolwiek post\u0119powania prawne wszcz\u0119te przeciwko u\u017cytkownikowi:<\/li><\/ol><ul><li>Z powodu korzystania ze strony internetowej lub us\u0142ug dost\u0119pnych przez Internet<\/li><li>Za naruszenie warunk\u00f3w niniejszej polityki prywatno\u015bci<\/li><\/ul><ol start=\"3\"><li>Administrator nie ponosi odpowiedzialno\u015bci za jakiekolwiek szkody poniesione przez u\u017cytkownika, osoby trzecie lub sprz\u0119t u\u017cytkownika w wyniku po\u0142\u0105czenia z witryn\u0105 lub korzystania z niej, a u\u017cytkownik powstrzyma si\u0119 od jakichkolwiek dalszych (prawnych) dzia\u0142a\u0144 przeciwko administratorowi.<\/li><li>Je\u015bli administrator jest zaanga\u017cowany w sp\u00f3r z powodu (nie)korzystania z tej strony internetowej przez u\u017cytkownika, jest on uprawniony do (ponownego) dochodzenia od u\u017cytkownika wszelkich p\u00f3\u017aniejszych szk\u00f3d.<\/li><\/ol><p>Artyku\u0142 6 - Gromadzenie danych<\/p><p>\u00a0<\/p><ol><li>Dane osobowe u\u017cytkownika b\u0119d\u0105 gromadzone przez APCON.<\/li><li>Dane osobowe oznaczaj\u0105 wszelkie informacje dotycz\u0105ce mo\u017cliwej do zidentyfikowania osoby fizycznej.<\/li><li>Mo\u017cliwa do zidentyfikowania osoba fizyczna to osoba, kt\u00f3r\u0105 mo\u017cna bezpo\u015brednio lub po\u015brednio zidentyfikowa\u0107, w szczeg\u00f3lno\u015bci na podstawie identyfikatora takiego jak imi\u0119 i nazwisko, numer identyfikacyjny, dane o lokalizacji, identyfikator internetowy lub jeden b\u0105d\u017a kilka szczeg\u00f3lnych czynnik\u00f3w okre\u015blaj\u0105cych fizyczn\u0105, fizjologiczn\u0105, genetyczn\u0105, psychiczn\u0105, ekonomiczn\u0105, kulturow\u0105 lub spo\u0142eczn\u0105 to\u017csamo\u015b\u0107 osoby fizycznej.<\/li><li>Dane osobowe gromadzone na stronie internetowej s\u0105 wykorzystywane g\u0142\u00f3wnie przez administratora danych w celu utrzymania relacji z u\u017cytkownikiem i rolnikami w celu przetworzenia jego podr\u00f3\u017cy. S\u0105 one zapisywane w (elektronicznym) rejestrze.<\/li><\/ol><p>Artyku\u0142 7 - Prawa u\u017cytkownika dotycz\u0105ce informacji<\/p><p>\u00a0<\/p><ol><li>Zgodnie z art. 13 ust. 2 lit. b RODO ka\u017cda osoba, kt\u00f3rej dane dotycz\u0105, ma prawo do informacji o dost\u0119pie do swoich danych osobowych oraz do ich sprostowania, usuni\u0119cia lub ograniczenia przetwarzania, a tak\u017ce prawo do wniesienia sprzeciwu wobec przetwarzania oraz prawo do przenoszenia danych.<\/li><li>U\u017cytkownik mo\u017ce skorzysta\u0107 z tych praw, kontaktuj\u0105c si\u0119 z nami pod adresem <a href=\"mailto:info@apcon.nl\">info@apcon.nl<\/a><\/li><li>Do ka\u017cdego wniosku nale\u017cy do\u0142\u0105czy\u0107 kopi\u0119 wa\u017cnego dokumentu to\u017csamo\u015bci, na kt\u00f3rym nale\u017cy z\u0142o\u017cy\u0107 podpis i poda\u0107 adres, pod kt\u00f3rym mo\u017cemy si\u0119 z Tob\u0105 skontaktowa\u0107.<\/li><li>W ci\u0105gu miesi\u0105ca od z\u0142o\u017cenia wniosku otrzymasz od nas odpowied\u017a.<\/li><li>W zale\u017cno\u015bci od z\u0142o\u017cono\u015bci i liczby wniosk\u00f3w okres ten mo\u017ce zosta\u0107 przed\u0142u\u017cony do dw\u00f3ch miesi\u0119cy.<\/li><\/ol><p>Artyku\u0142 8 - Zobowi\u0105zania prawne<\/p><p>\u00a0<\/p><ol><li>W przypadku naruszenia jakichkolwiek przepis\u00f3w prawa lub regulacji, co do kt\u00f3rych istnieje podejrzenie, \u017ce odwiedzaj\u0105cy potrzebuje danych osobowych zebranych przez administratora, zostan\u0105 one przekazane na wyra\u017ane i uzasadnione \u017c\u0105danie tych organ\u00f3w, po czym te dane osobowe nie b\u0119d\u0105 ju\u017c podlega\u0107 ochronie zgodnie z postanowieniami niniejszej Polityki prywatno\u015bci.<\/li><li>Je\u015bli jakiekolwiek informacje s\u0105 niezb\u0119dne do uzyskania dost\u0119pu do niekt\u00f3rych funkcji strony internetowej, administrator wska\u017ce obowi\u0105zkowy charakter tych informacji podczas \u017c\u0105dania tych danych.<\/li><\/ol><p>Artyku\u0142 9 - Gromadzone dane i oferty handlowe<\/p><p>\u00a0<\/p><ol><li>U\u017cytkownik mo\u017ce otrzymywa\u0107 oferty handlowe od administratora. Je\u015bli nie chcesz ich otrzymywa\u0107 (wi\u0119cej), wy\u015blij nam wiadomo\u015b\u0107 e-mail na nast\u0119puj\u0105cy adres: <a href=\"mailto:info@apcon.nl\">info@apcon.nl<\/a><\/li><li>Dane osobowe u\u017cytkownika nie b\u0119d\u0105 wykorzystywane przez naszych partner\u00f3w do cel\u00f3w komercyjnych.<\/li><li>W przypadku napotkania danych osobowych innych os\u00f3b, kt\u00f3rych dane dotycz\u0105, podczas odwiedzania naszej strony internetowej, nale\u017cy powstrzyma\u0107 si\u0119 od ich gromadzenia, nieuprawnionego wykorzystywania lub innych dzia\u0142a\u0144 stanowi\u0105cych naruszenie prywatno\u015bci os\u00f3b, kt\u00f3rych dane dotycz\u0105. Administrator nie ponosi odpowiedzialno\u015bci w takich okoliczno\u015bciach.<\/li><\/ol><p>Artyku\u0142 10 - Zatrzymywanie danych<\/p><p>\u00a0<\/p><p>\u00a0\u00a0\u00a0\u00a0\u00a0\u00a0\u00a0\u00a0\u00a0\u00a0\u00a0 Zebrane dane s\u0105 wykorzystywane i przechowywane przez okres okre\u015blony przez prawo.<\/p><p>\u00a0<\/p><p>Artyku\u0142 11 - Pliki cookie<\/p><p>\u00a0<\/p><ol><li>Gdy u\u017cytkownik odwiedza nasz\u0105 witryn\u0119 internetow\u0105, na jego urz\u0105dzeniu mog\u0105 zosta\u0107 zainstalowane pliki cookie administratora i\/lub stron trzecich.<\/li><li>Aby uzyska\u0107 wi\u0119cej informacji na temat u\u017cywania, zarz\u0105dzania i usuwania plik\u00f3w cookie dla ka\u017cdego urz\u0105dzenia elektronicznego, zapraszamy do zapoznania si\u0119 z poni\u017cszym linkiem: <a href=\"https:\/\/autoriteitpersoonsgegevens.nl\/nl\/onderwerpen\/internet-telefoon-tv-en-post\/cookies#faq\">https:\/\/autoriteitpersoonsgegevens.nl\/nl\/onderwerpen\/internet-telefoon-tv-en-post\/cookies#faq<\/a><\/li><\/ol><p>Artyku\u0142 12 - Zdj\u0119cia i oferowane produkty<\/p><p>\u00a0<\/p><p>U\u017cytkownik nie mo\u017ce czerpa\u0107 \u017cadnych praw ze zdj\u0119\u0107, kt\u00f3re towarzysz\u0105 jakiemukolwiek produktowi oferowanemu na naszej stronie internetowej.<\/p><p>\u00a0<\/p><p>Artyku\u0142 13. - Prawo w\u0142a\u015bciwe<\/p><p>\u00a0<\/p><p>Niniejsze warunki podlegaj\u0105 prawu holenderskiemu. S\u0105d w okr\u0119gu, w kt\u00f3rym administrator ma swoje miejsce prowadzenia dzia\u0142alno\u015bci, ma wy\u0142\u0105czn\u0105 jurysdykcj\u0119 w przypadku powstania jakiegokolwiek sporu dotycz\u0105cego niniejszych warunk\u00f3w, z wyj\u0105tkiem sytuacji, gdy zastosowanie ma wyj\u0105tek prawny.<\/p><p>\u00a0<\/p><p>Artyku\u0142 14 - Kontakt<\/p><p>\u00a0<\/p><p>W przypadku pyta\u0144, informacji o produktach lub informacji o samej witrynie prosimy o kontakt: Team APCON, <a href=\"mailto:info@apcon.nl\">info@apcon.nl<\/a><\/p><p>\u00a0<\/p><p>Niniejsze o\u015bwiadczenie o ochronie prywatno\u015bci obowi\u0105zuje od 2022 r. do odwo\u0142ania.<\/p><p>\u00a0<\/p>\t\t\t\t\t\t\t\t<\/div>\n\t\t\t\t<\/div>\n\t\t\t\t\t<\/div>\n\t\t<\/div>\n\t\t\t\t\t<\/div>\n\t\t<\/section>\n\t\t\t\t<\/div>","protected":false},"excerpt":{"rendered":"<p>Privacy Policy Privacy policy APCON respects the privacy of its visitors, in particular their rights regarding the automatic processing of personal data. We have therefore formulated and implemented a policy on complete transparency with our costumers regarding the processing of personal data, its purpose(s) and the possibilities to exercise your [&hellip;]<\/p>\n","protected":false},"author":1,"featured_media":0,"parent":0,"menu_order":0,"comment_status":"closed","ping_status":"open","template":"","meta":{"_glsr_average":0,"_glsr_ranking":0,"_glsr_reviews":0,"footnotes":""},"class_list":["post-16013","page","type-page","status-publish","hentry"],"_links":{"self":[{"href":"https:\/\/grape-picking.com\/pl\/wp-json\/wp\/v2\/pages\/16013","targetHints":{"allow":["GET"]}}],"collection":[{"href":"https:\/\/grape-picking.com\/pl\/wp-json\/wp\/v2\/pages"}],"about":[{"href":"https:\/\/grape-picking.com\/pl\/wp-json\/wp\/v2\/types\/page"}],"author":[{"embeddable":true,"href":"https:\/\/grape-picking.com\/pl\/wp-json\/wp\/v2\/users\/1"}],"replies":[{"embeddable":true,"href":"https:\/\/grape-picking.com\/pl\/wp-json\/wp\/v2\/comments?post=16013"}],"version-history":[{"count":10,"href":"https:\/\/grape-picking.com\/pl\/wp-json\/wp\/v2\/pages\/16013\/revisions"}],"predecessor-version":[{"id":19690,"href":"https:\/\/grape-picking.com\/pl\/wp-json\/wp\/v2\/pages\/16013\/revisions\/19690"}],"wp:attachment":[{"href":"https:\/\/grape-picking.com\/pl\/wp-json\/wp\/v2\/media?parent=16013"}],"curies":[{"name":"wp","href":"https:\/\/api.w.org\/{rel}","templated":true}]}}