{"id":16013,"date":"2020-07-26T14:32:39","date_gmt":"2020-07-26T14:32:39","guid":{"rendered":"http:\/\/www.dipjeweg.nl\/?page_id=3"},"modified":"2022-06-07T20:44:37","modified_gmt":"2022-06-07T20:44:37","slug":"privacypolicy","status":"publish","type":"page","link":"https:\/\/grape-picking.com\/it\/privacypolicy\/","title":{"rendered":"Privacybeleid"},"content":{"rendered":"<div data-elementor-type=\"wp-page\" data-elementor-id=\"16013\" class=\"elementor elementor-16013\" data-elementor-post-type=\"page\">\n\t\t\t\t\t\t<section class=\"elementor-section elementor-top-section elementor-element elementor-element-6dbb9d88 elementor-section-boxed elementor-section-height-default elementor-section-height-default\" data-id=\"6dbb9d88\" data-element_type=\"section\" data-e-type=\"section\">\n\t\t\t\t\t\t<div class=\"elementor-container elementor-column-gap-default\">\n\t\t\t\t\t<div class=\"elementor-column elementor-col-100 elementor-top-column elementor-element elementor-element-3c00ffa6\" data-id=\"3c00ffa6\" data-element_type=\"column\" data-e-type=\"column\">\n\t\t\t<div class=\"elementor-widget-wrap elementor-element-populated\">\n\t\t\t\t\t\t\t<\/div>\n\t\t<\/div>\n\t\t\t\t\t<\/div>\n\t\t<\/section>\n\t\t\t\t<section class=\"elementor-section elementor-top-section elementor-element elementor-element-08db7c9 elementor-section-boxed elementor-section-height-default elementor-section-height-default\" data-id=\"08db7c9\" data-element_type=\"section\" data-e-type=\"section\">\n\t\t\t\t\t\t<div class=\"elementor-container elementor-column-gap-default\">\n\t\t\t\t\t<div class=\"elementor-column elementor-col-100 elementor-top-column elementor-element elementor-element-dc99fe9\" data-id=\"dc99fe9\" data-element_type=\"column\" data-e-type=\"column\">\n\t\t\t<div class=\"elementor-widget-wrap elementor-element-populated\">\n\t\t\t\t\t\t<div class=\"elementor-element elementor-element-c8582a3 elementor-widget elementor-widget-heading\" data-id=\"c8582a3\" data-element_type=\"widget\" data-e-type=\"widget\" data-widget_type=\"heading.default\">\n\t\t\t\t<div class=\"elementor-widget-container\">\n\t\t\t\t\t<h2 class=\"elementor-heading-title elementor-size-default\">Informativa sulla privacy<\/h2>\t\t\t\t<\/div>\n\t\t\t\t<\/div>\n\t\t\t\t\t<\/div>\n\t\t<\/div>\n\t\t\t\t\t<\/div>\n\t\t<\/section>\n\t\t\t\t<section class=\"elementor-section elementor-top-section elementor-element elementor-element-e03159e elementor-section-boxed elementor-section-height-default elementor-section-height-default\" data-id=\"e03159e\" data-element_type=\"section\" data-e-type=\"section\">\n\t\t\t\t\t\t<div class=\"elementor-container elementor-column-gap-default\">\n\t\t\t\t\t<div class=\"elementor-column elementor-col-100 elementor-top-column elementor-element elementor-element-bebc9df\" data-id=\"bebc9df\" data-element_type=\"column\" data-e-type=\"column\">\n\t\t\t<div class=\"elementor-widget-wrap\">\n\t\t\t\t\t\t\t<\/div>\n\t\t<\/div>\n\t\t\t\t\t<\/div>\n\t\t<\/section>\n\t\t\t\t<section class=\"elementor-section elementor-top-section elementor-element elementor-element-35122bd1 elementor-section-full_width elementor-section-height-min-height elementor-section-height-default elementor-section-items-middle\" data-id=\"35122bd1\" data-element_type=\"section\" data-e-type=\"section\" data-settings=\"{&quot;background_background&quot;:&quot;classic&quot;}\">\n\t\t\t\t\t\t\t<div class=\"elementor-background-overlay\"><\/div>\n\t\t\t\t\t\t\t<div class=\"elementor-container elementor-column-gap-default\">\n\t\t\t\t\t<div class=\"elementor-column elementor-col-33 elementor-top-column elementor-element elementor-element-5b38e396\" data-id=\"5b38e396\" data-element_type=\"column\" data-e-type=\"column\">\n\t\t\t<div class=\"elementor-widget-wrap\">\n\t\t\t\t\t\t\t<\/div>\n\t\t<\/div>\n\t\t\t\t<div class=\"elementor-column elementor-col-33 elementor-top-column elementor-element elementor-element-20aa2c63\" data-id=\"20aa2c63\" data-element_type=\"column\" data-e-type=\"column\">\n\t\t\t<div class=\"elementor-widget-wrap elementor-element-populated\">\n\t\t\t\t\t\t<div class=\"elementor-element elementor-element-381609f1 elementor-widget elementor-widget-heading\" data-id=\"381609f1\" data-element_type=\"widget\" data-e-type=\"widget\" data-widget_type=\"heading.default\">\n\t\t\t\t<div class=\"elementor-widget-container\">\n\t\t\t\t\t<h2 class=\"elementor-heading-title elementor-size-default\">Informativa sulla privacy<\/h2>\t\t\t\t<\/div>\n\t\t\t\t<\/div>\n\t\t\t\t\t<\/div>\n\t\t<\/div>\n\t\t\t\t<div class=\"elementor-column elementor-col-33 elementor-top-column elementor-element elementor-element-165af53e\" data-id=\"165af53e\" data-element_type=\"column\" data-e-type=\"column\">\n\t\t\t<div class=\"elementor-widget-wrap\">\n\t\t\t\t\t\t\t<\/div>\n\t\t<\/div>\n\t\t\t\t\t<\/div>\n\t\t<\/section>\n\t\t\t\t<section class=\"elementor-section elementor-top-section elementor-element elementor-element-eef85e6 elementor-section-boxed elementor-section-height-default elementor-section-height-default\" data-id=\"eef85e6\" data-element_type=\"section\" data-e-type=\"section\" data-settings=\"{&quot;background_background&quot;:&quot;classic&quot;}\">\n\t\t\t\t\t\t<div class=\"elementor-container elementor-column-gap-default\">\n\t\t\t\t\t<div class=\"elementor-column elementor-col-100 elementor-top-column elementor-element elementor-element-352d98c\" data-id=\"352d98c\" data-element_type=\"column\" data-e-type=\"column\">\n\t\t\t<div class=\"elementor-widget-wrap elementor-element-populated\">\n\t\t\t\t\t\t<div class=\"elementor-element elementor-element-7c36d67 elementor-widget elementor-widget-spacer\" data-id=\"7c36d67\" data-element_type=\"widget\" data-e-type=\"widget\" data-widget_type=\"spacer.default\">\n\t\t\t\t<div class=\"elementor-widget-container\">\n\t\t\t\t\t\t\t<div class=\"elementor-spacer\">\n\t\t\t<div class=\"elementor-spacer-inner\"><\/div>\n\t\t<\/div>\n\t\t\t\t\t\t<\/div>\n\t\t\t\t<\/div>\n\t\t\t\t\t<\/div>\n\t\t<\/div>\n\t\t\t\t\t<\/div>\n\t\t<\/section>\n\t\t\t\t<section class=\"elementor-section elementor-top-section elementor-element elementor-element-d1ed651 elementor-section-boxed elementor-section-height-default elementor-section-height-default\" data-id=\"d1ed651\" data-element_type=\"section\" data-e-type=\"section\" data-settings=\"{&quot;background_background&quot;:&quot;classic&quot;}\">\n\t\t\t\t\t\t<div class=\"elementor-container elementor-column-gap-default\">\n\t\t\t\t\t<div class=\"elementor-column elementor-col-100 elementor-top-column elementor-element elementor-element-09c500f elementor-hidden-mobile\" data-id=\"09c500f\" data-element_type=\"column\" data-e-type=\"column\">\n\t\t\t<div class=\"elementor-widget-wrap elementor-element-populated\">\n\t\t\t\t\t\t<div class=\"elementor-element elementor-element-ae2f7e1 elementor-hidden-mobile elementor-widget elementor-widget-text-editor\" data-id=\"ae2f7e1\" data-element_type=\"widget\" data-e-type=\"widget\" data-widget_type=\"text-editor.default\">\n\t\t\t\t<div class=\"elementor-widget-container\">\n\t\t\t\t\t\t\t\t\t<p><span style=\"color: var( --e-global-color-text ); font-family: var( --e-global-typography-text-font-family ), Sans-serif; font-weight: var( --e-global-typography-text-font-weight );\">APCON rispetta la privacy dei suoi visitatori, in particolare i loro diritti relativi al trattamento automatico dei dati personali. Abbiamo pertanto formulato e attuato una politica di completa trasparenza nei confronti dei nostri clienti per quanto riguarda il trattamento dei dati personali, le finalit\u00e0 e le possibilit\u00e0 di esercitare i vostri diritti legali nel miglior modo possibile.<\/span><\/p><p>\u00a0<\/p><p>Per ulteriori informazioni sulla protezione dei dati personali, visitate il sito web dell'Autorit\u00e0 olandese per la protezione dei dati (Autoriteit Persoonsgegevens). <a href=\"https:\/\/autoriteitpersoonsgegevens.nl\/nl\">https:\/\/autoriteitpersoonsgegevens.nl\/nl<\/a><\/p><p>\u00a0<\/p><p>Finch\u00e9 l'utente non accetta l'uso dei cookie e di altri dispositivi di tracciamento, non inseriremo alcun cookie analitico e\/o di tracciamento non anonimizzato sul suo computer, telefono cellulare o tablet.<\/p><p>Continuando a visitare questo sito web, accettate le presenti condizioni d'uso e accettate l'uso dei cookie e di altri sistemi di tracciamento, a meno che non abbiamo previsto un altro metodo di accettazione dei cookie sul nostro sito web.<\/p><p>\u00a0<\/p><p>La versione attualmente disponibile di questa privacy \u00e8 l'unica che si applica durante la visita al nostro sito web fino a quando una nuova versione non sostituir\u00e0 quella attuale.<\/p><p>\u00a0<\/p><p>Articolo 1 - Definizioni<\/p><p>\u00a0<\/p><ol><li>Sito Web Grape-picking.com<\/li><\/ol><ol start=\"2\"><li>Responsabile del trattamento dei dati personali: APCON, con sede in Neutronstraat 10, 9743AM Groningen, Paesi Bassi, numero della Camera di Commercio: 7737952.<\/li><\/ol><p>Articolo 2 - Accesso al sito web<\/p><p>\u00a0<\/p><p>L'accesso e l'utilizzo del sito web sono strettamente personali. L'utente si asterr\u00e0 dall'utilizzare i dati e le informazioni di questo sito web a fini commerciali, politici o pubblicitari, nonch\u00e9 da qualsiasi offerta commerciale, in particolare offerte elettroniche non richieste.<\/p><p>\u00a0<\/p><p>Articolo 3 - Contenuto del sito web<\/p><p>\u00a0<\/p><p>Tutti i marchi, le immagini, i testi, i commenti, le illustrazioni (animate), le immagini video, i suoni e tutte le applicazioni tecniche che possono essere utilizzate per il funzionamento di questo sito e, pi\u00f9 in generale, tutti i componenti utilizzati su questo sito, sono protetti dalle leggi sulla propriet\u00e0 intellettuale. \u00c8 severamente vietata la riproduzione, la ripetizione, l'uso o la modifica, con qualsiasi mezzo, di tutto o di una parte di esso, comprese le applicazioni tecniche, senza la preventiva autorizzazione scritta del responsabile del trattamento. Il fatto che il controllore non prenda provvedimenti immediati contro eventuali violazioni non pu\u00f2 essere considerato come un tacito consenso, n\u00e9 come una rinuncia a qualsiasi diritto di perseguire la parte che ha commesso la violazione.<\/p><p>Articolo 4 - Gestione del sito web<\/p><p>\u00a0<\/p><p>Ai fini di una corretta gestione del sito, il responsabile del trattamento pu\u00f2 in qualsiasi momento:<\/p><p>\u00a0<\/p><ul><li>Sospendere, interrompere, ridurre o rifiutare l'accesso al sito web per una particolare categoria di visitatori.<\/li><li>Eliminare tutte le informazioni che possono disturbare il funzionamento del sito web o che sono in conflitto con le leggi nazionali o internazionali o che sono contrarie al galateo di Internet.<\/li><li>Rendere il sito web temporaneamente non disponibile per eseguire gli aggiornamenti.<\/li><\/ul><p>Articolo 5 - Responsabilit\u00e0<\/p><p>\u00a0<\/p><ol><li>Il controllore non \u00e8 responsabile di eventuali guasti, disturbi, difficolt\u00e0 o interruzioni nel funzionamento del sito web, che causino l'inaccessibilit\u00e0 (temporanea) del sito o di una qualsiasi delle sue funzionalit\u00e0. L'utente stesso \u00e8 responsabile del modo in cui cerca di connettersi al nostro sito web. Dovete adottare tutte le misure appropriate per proteggere le vostre apparecchiature e i vostri dati da pericoli quali gli attacchi di virus su Internet. Inoltre, siete responsabili dei siti web che visitate e delle informazioni che cercate.<\/li><li>Il responsabile del trattamento non \u00e8 responsabile di eventuali azioni legali intraprese nei vostri confronti:<\/li><\/ol><ul><li>A causa dell'utilizzo del sito web o dei servizi accessibili via Internet<\/li><li>Per aver violato i termini di questa politica sulla privacy<\/li><\/ul><ol start=\"3\"><li>Il responsabile del trattamento non \u00e8 responsabile di eventuali danni subiti dall'utente o da terzi o dalle sue apparecchiature, in conseguenza della connessione o dell'utilizzo del sito web e l'utente si asterr\u00e0 da qualsiasi azione (legale) successiva nei confronti del responsabile del trattamento.<\/li><li>Se il responsabile del trattamento \u00e8 coinvolto in una controversia a causa del vostro (ab)uso di questo sito web, ha il diritto di (ri)richiedere all'utente tutti i danni conseguenti.<\/li><\/ol><p>Articolo 6 - Raccolta dei dati<\/p><p>\u00a0<\/p><ol><li>I vostri dati personali saranno raccolti da APCON.<\/li><li>Per dati personali si intende qualsiasi informazione relativa a una persona fisica identificabile.<\/li><li>Una persona fisica identificabile \u00e8 una persona che pu\u00f2 essere identificata, direttamente o indirettamente, in particolare con riferimento a un identificativo come il nome, un numero di identificazione, dati relativi all'ubicazione, un identificativo online o a uno o pi\u00f9 fattori specifici dell'identit\u00e0 fisica, fisiologica, genetica, mentale, economica, culturale o sociale di tale persona fisica.<\/li><li>I dati personali raccolti sul sito web sono utilizzati principalmente dal responsabile del trattamento per mantenere un rapporto con voi e con gli agricoltori al fine di elaborare il vostro viaggio. Sono registrati in un registro (elettronico).<\/li><\/ol><p>Articolo 7 - Diritti dell'utente in materia di informazione<\/p><p>\u00a0<\/p><ol><li>Ai sensi dell'articolo 13, paragrafo 2, lettera b del GDPR, ogni soggetto interessato ha il diritto di ottenere informazioni sull'accesso, la rettifica, la cancellazione e la limitazione del trattamento dei propri dati personali, nonch\u00e9 il diritto di opporsi al trattamento e il diritto alla portabilit\u00e0 dei dati.<\/li><li>Potete esercitare questi diritti contattandoci all'indirizzo <a href=\"mailto:info@apcon.nl\">info@apcon.nl<\/a><\/li><li>Ogni richiesta deve essere accompagnata da una copia di un documento d'identit\u00e0 valido, su cui apporre la propria firma e indicare l'indirizzo a cui possiamo contattarvi.<\/li><li>Entro un mese dalla richiesta, riceverete una risposta da parte nostra.<\/li><li>A seconda della complessit\u00e0 e del numero di richieste, questo periodo pu\u00f2 essere esteso a due mesi.<\/li><\/ol><p>Articolo 8 - Obblighi legali<\/p><p>\u00a0<\/p><ol><li>In caso di violazione di una legge o di un regolamento, di cui si sospetta l'esistenza da parte del visitatore e per la quale le autorit\u00e0 richiedono i dati personali raccolti dal responsabile del trattamento, questi verranno forniti dopo una richiesta esplicita e motivata di tali autorit\u00e0, dopodich\u00e9 tali dati personali non rientreranno pi\u00f9 nella protezione delle disposizioni della presente informativa sulla privacy.<\/li><li>Se alcune informazioni sono necessarie per ottenere l'accesso a determinate funzionalit\u00e0 del sito web, il responsabile del trattamento indicher\u00e0 la natura obbligatoria di tali informazioni al momento della richiesta di tali dati.<\/li><\/ol><p>Articolo 9 - Dati raccolti e offerte commerciali<\/p><p>\u00a0<\/p><ol><li>Potreste ricevere offerte commerciali dal titolare del trattamento. Se non desiderate pi\u00f9 riceverle, inviateci un'e-mail al seguente indirizzo: <a href=\"mailto:info@apcon.nl\">info@apcon.nl<\/a><\/li><li>I vostri dati personali non saranno utilizzati dai nostri partner per scopi commerciali.<\/li><li>Se durante la visita al nostro sito web si incontrano dati personali di altri soggetti, \u00e8 necessario astenersi dalla raccolta, dall'uso non autorizzato o da qualsiasi altro atto che costituisca una violazione della privacy dei soggetti in questione. Il responsabile del trattamento non \u00e8 responsabile in queste circostanze.<\/li><\/ol><p>Articolo 10 - Conservazione dei dati<\/p><p>\u00a0<\/p><p>\u00a0\u00a0\u00a0\u00a0\u00a0\u00a0\u00a0\u00a0\u00a0\u00a0\u00a0 I dati raccolti vengono utilizzati e conservati per la durata stabilita dalla legge.<\/p><p>\u00a0<\/p><p>Articolo 11 - Cookie<\/p><p>\u00a0<\/p><ol><li>Quando visitate il nostro sito web, sul vostro apparecchio possono essere installati cookie del controllore e\/o di terzi.<\/li><li>Per maggiori informazioni sull'utilizzo, la gestione e la cancellazione dei cookie per ogni dispositivo elettronico, vi invitiamo a consultare il seguente link: <a href=\"https:\/\/autoriteitpersoonsgegevens.nl\/nl\/onderwerpen\/internet-telefoon-tv-en-post\/cookies#faq\">https:\/\/autoriteitpersoonsgegevens.nl\/nl\/onderwerpen\/internet-telefoon-tv-en-post\/cookies#faq<\/a><\/li><\/ol><p>Articolo 12 - Immagini e prodotti offerti<\/p><p>\u00a0<\/p><p>L'utente non pu\u00f2 trarre alcun diritto dalle immagini che accompagnano qualsiasi prodotto offerto sul nostro sito web.<\/p><p>\u00a0<\/p><p>Articolo 13. - Legge applicabile<\/p><p>\u00a0<\/p><p>Le presenti condizioni sono regolate dalla legge olandese. Il tribunale del distretto in cui ha sede il responsabile del trattamento \u00e8 l'unico competente in caso di controversie relative alle presenti condizioni, salvo eccezioni legali.<\/p><p>\u00a0<\/p><p>Articolo 14 - Contatti<\/p><p>\u00a0<\/p><p>Per domande, informazioni sui prodotti o informazioni sul sito stesso, contattare: Team APCON, <a href=\"mailto:info@apcon.nl\">info@apcon.nl<\/a><\/p><p>\u00a0<\/p><p>La presente informativa sulla privacy si applica dal 2022 fino a nuovo avviso.<\/p><p>\u00a0<\/p>\t\t\t\t\t\t\t\t<\/div>\n\t\t\t\t<\/div>\n\t\t\t\t\t<\/div>\n\t\t<\/div>\n\t\t\t\t\t<\/div>\n\t\t<\/section>\n\t\t\t\t<\/div>","protected":false},"excerpt":{"rendered":"<p>Privacy Policy Privacy policy APCON respects the privacy of its visitors, in particular their rights regarding the automatic processing of personal data. We have therefore formulated and implemented a policy on complete transparency with our costumers regarding the processing of personal data, its purpose(s) and the possibilities to exercise your [&hellip;]<\/p>\n","protected":false},"author":1,"featured_media":0,"parent":0,"menu_order":0,"comment_status":"closed","ping_status":"open","template":"","meta":{"_glsr_average":0,"_glsr_ranking":0,"_glsr_reviews":0,"footnotes":""},"class_list":["post-16013","page","type-page","status-publish","hentry"],"_links":{"self":[{"href":"https:\/\/grape-picking.com\/it\/wp-json\/wp\/v2\/pages\/16013","targetHints":{"allow":["GET"]}}],"collection":[{"href":"https:\/\/grape-picking.com\/it\/wp-json\/wp\/v2\/pages"}],"about":[{"href":"https:\/\/grape-picking.com\/it\/wp-json\/wp\/v2\/types\/page"}],"author":[{"embeddable":true,"href":"https:\/\/grape-picking.com\/it\/wp-json\/wp\/v2\/users\/1"}],"replies":[{"embeddable":true,"href":"https:\/\/grape-picking.com\/it\/wp-json\/wp\/v2\/comments?post=16013"}],"version-history":[{"count":10,"href":"https:\/\/grape-picking.com\/it\/wp-json\/wp\/v2\/pages\/16013\/revisions"}],"predecessor-version":[{"id":19690,"href":"https:\/\/grape-picking.com\/it\/wp-json\/wp\/v2\/pages\/16013\/revisions\/19690"}],"wp:attachment":[{"href":"https:\/\/grape-picking.com\/it\/wp-json\/wp\/v2\/media?parent=16013"}],"curies":[{"name":"wp","href":"https:\/\/api.w.org\/{rel}","templated":true}]}}