{"id":16013,"date":"2020-07-26T14:32:39","date_gmt":"2020-07-26T14:32:39","guid":{"rendered":"http:\/\/www.dipjeweg.nl\/?page_id=3"},"modified":"2022-06-07T20:44:37","modified_gmt":"2022-06-07T20:44:37","slug":"privacypolicy","status":"publish","type":"page","link":"https:\/\/grape-picking.com\/fr\/privacypolicy\/","title":{"rendered":"Politique de confidentialit\u00e9"},"content":{"rendered":"<div data-elementor-type=\"wp-page\" data-elementor-id=\"16013\" class=\"elementor elementor-16013\" data-elementor-post-type=\"page\">\n\t\t\t\t\t\t<section class=\"elementor-section elementor-top-section elementor-element elementor-element-6dbb9d88 elementor-section-boxed elementor-section-height-default elementor-section-height-default\" data-id=\"6dbb9d88\" data-element_type=\"section\" data-e-type=\"section\">\n\t\t\t\t\t\t<div class=\"elementor-container elementor-column-gap-default\">\n\t\t\t\t\t<div class=\"elementor-column elementor-col-100 elementor-top-column elementor-element elementor-element-3c00ffa6\" data-id=\"3c00ffa6\" data-element_type=\"column\" data-e-type=\"column\">\n\t\t\t<div class=\"elementor-widget-wrap elementor-element-populated\">\n\t\t\t\t\t\t\t<\/div>\n\t\t<\/div>\n\t\t\t\t\t<\/div>\n\t\t<\/section>\n\t\t\t\t<section class=\"elementor-section elementor-top-section elementor-element elementor-element-08db7c9 elementor-section-boxed elementor-section-height-default elementor-section-height-default\" data-id=\"08db7c9\" data-element_type=\"section\" data-e-type=\"section\">\n\t\t\t\t\t\t<div class=\"elementor-container elementor-column-gap-default\">\n\t\t\t\t\t<div class=\"elementor-column elementor-col-100 elementor-top-column elementor-element elementor-element-dc99fe9\" data-id=\"dc99fe9\" data-element_type=\"column\" data-e-type=\"column\">\n\t\t\t<div class=\"elementor-widget-wrap elementor-element-populated\">\n\t\t\t\t\t\t<div class=\"elementor-element elementor-element-c8582a3 elementor-widget elementor-widget-heading\" data-id=\"c8582a3\" data-element_type=\"widget\" data-e-type=\"widget\" data-widget_type=\"heading.default\">\n\t\t\t\t<div class=\"elementor-widget-container\">\n\t\t\t\t\t<h2 class=\"elementor-heading-title elementor-size-default\">Politique de confidentialit\u00e9<\/h2>\t\t\t\t<\/div>\n\t\t\t\t<\/div>\n\t\t\t\t\t<\/div>\n\t\t<\/div>\n\t\t\t\t\t<\/div>\n\t\t<\/section>\n\t\t\t\t<section class=\"elementor-section elementor-top-section elementor-element elementor-element-e03159e elementor-section-boxed elementor-section-height-default elementor-section-height-default\" data-id=\"e03159e\" data-element_type=\"section\" data-e-type=\"section\">\n\t\t\t\t\t\t<div class=\"elementor-container elementor-column-gap-default\">\n\t\t\t\t\t<div class=\"elementor-column elementor-col-100 elementor-top-column elementor-element elementor-element-bebc9df\" data-id=\"bebc9df\" data-element_type=\"column\" data-e-type=\"column\">\n\t\t\t<div class=\"elementor-widget-wrap\">\n\t\t\t\t\t\t\t<\/div>\n\t\t<\/div>\n\t\t\t\t\t<\/div>\n\t\t<\/section>\n\t\t\t\t<section class=\"elementor-section elementor-top-section elementor-element elementor-element-35122bd1 elementor-section-full_width elementor-section-height-min-height elementor-section-height-default elementor-section-items-middle\" data-id=\"35122bd1\" data-element_type=\"section\" data-e-type=\"section\" data-settings=\"{&quot;background_background&quot;:&quot;classic&quot;}\">\n\t\t\t\t\t\t\t<div class=\"elementor-background-overlay\"><\/div>\n\t\t\t\t\t\t\t<div class=\"elementor-container elementor-column-gap-default\">\n\t\t\t\t\t<div class=\"elementor-column elementor-col-33 elementor-top-column elementor-element elementor-element-5b38e396\" data-id=\"5b38e396\" data-element_type=\"column\" data-e-type=\"column\">\n\t\t\t<div class=\"elementor-widget-wrap\">\n\t\t\t\t\t\t\t<\/div>\n\t\t<\/div>\n\t\t\t\t<div class=\"elementor-column elementor-col-33 elementor-top-column elementor-element elementor-element-20aa2c63\" data-id=\"20aa2c63\" data-element_type=\"column\" data-e-type=\"column\">\n\t\t\t<div class=\"elementor-widget-wrap elementor-element-populated\">\n\t\t\t\t\t\t<div class=\"elementor-element elementor-element-381609f1 elementor-widget elementor-widget-heading\" data-id=\"381609f1\" data-element_type=\"widget\" data-e-type=\"widget\" data-widget_type=\"heading.default\">\n\t\t\t\t<div class=\"elementor-widget-container\">\n\t\t\t\t\t<h2 class=\"elementor-heading-title elementor-size-default\">Politique de confidentialit\u00e9<\/h2>\t\t\t\t<\/div>\n\t\t\t\t<\/div>\n\t\t\t\t\t<\/div>\n\t\t<\/div>\n\t\t\t\t<div class=\"elementor-column elementor-col-33 elementor-top-column elementor-element elementor-element-165af53e\" data-id=\"165af53e\" data-element_type=\"column\" data-e-type=\"column\">\n\t\t\t<div class=\"elementor-widget-wrap\">\n\t\t\t\t\t\t\t<\/div>\n\t\t<\/div>\n\t\t\t\t\t<\/div>\n\t\t<\/section>\n\t\t\t\t<section class=\"elementor-section elementor-top-section elementor-element elementor-element-eef85e6 elementor-section-boxed elementor-section-height-default elementor-section-height-default\" data-id=\"eef85e6\" data-element_type=\"section\" data-e-type=\"section\" data-settings=\"{&quot;background_background&quot;:&quot;classic&quot;}\">\n\t\t\t\t\t\t<div class=\"elementor-container elementor-column-gap-default\">\n\t\t\t\t\t<div class=\"elementor-column elementor-col-100 elementor-top-column elementor-element elementor-element-352d98c\" data-id=\"352d98c\" data-element_type=\"column\" data-e-type=\"column\">\n\t\t\t<div class=\"elementor-widget-wrap elementor-element-populated\">\n\t\t\t\t\t\t<div class=\"elementor-element elementor-element-7c36d67 elementor-widget elementor-widget-spacer\" data-id=\"7c36d67\" data-element_type=\"widget\" data-e-type=\"widget\" data-widget_type=\"spacer.default\">\n\t\t\t\t<div class=\"elementor-widget-container\">\n\t\t\t\t\t\t\t<div class=\"elementor-spacer\">\n\t\t\t<div class=\"elementor-spacer-inner\"><\/div>\n\t\t<\/div>\n\t\t\t\t\t\t<\/div>\n\t\t\t\t<\/div>\n\t\t\t\t\t<\/div>\n\t\t<\/div>\n\t\t\t\t\t<\/div>\n\t\t<\/section>\n\t\t\t\t<section class=\"elementor-section elementor-top-section elementor-element elementor-element-d1ed651 elementor-section-boxed elementor-section-height-default elementor-section-height-default\" data-id=\"d1ed651\" data-element_type=\"section\" data-e-type=\"section\" data-settings=\"{&quot;background_background&quot;:&quot;classic&quot;}\">\n\t\t\t\t\t\t<div class=\"elementor-container elementor-column-gap-default\">\n\t\t\t\t\t<div class=\"elementor-column elementor-col-100 elementor-top-column elementor-element elementor-element-09c500f elementor-hidden-mobile\" data-id=\"09c500f\" data-element_type=\"column\" data-e-type=\"column\">\n\t\t\t<div class=\"elementor-widget-wrap elementor-element-populated\">\n\t\t\t\t\t\t<div class=\"elementor-element elementor-element-ae2f7e1 elementor-hidden-mobile elementor-widget elementor-widget-text-editor\" data-id=\"ae2f7e1\" data-element_type=\"widget\" data-e-type=\"widget\" data-widget_type=\"text-editor.default\">\n\t\t\t\t<div class=\"elementor-widget-container\">\n\t\t\t\t\t\t\t\t\t<p><span style=\"color: var( --e-global-color-text ); font-family: var( --e-global-typography-text-font-family ), Sans-serif; font-weight: var( --e-global-typography-text-font-weight );\">APCON respecte la vie priv\u00e9e de ses visiteurs, en particulier leurs droits concernant le traitement automatique des donn\u00e9es personnelles. C'est pourquoi nous avons formul\u00e9 et mis en \u0153uvre une politique de transparence totale avec nos clients en ce qui concerne le traitement des donn\u00e9es personnelles, ses objectifs et les possibilit\u00e9s d'exercer vos droits l\u00e9gaux de la meilleure fa\u00e7on possible.<\/span><\/p><p>\u00a0<\/p><p>Si vous souhaitez obtenir des informations suppl\u00e9mentaires sur la protection des donn\u00e9es personnelles, veuillez consulter le site web de l'Autorit\u00e9 n\u00e9erlandaise de protection des donn\u00e9es (Autoriteit Persoonsgegevens). <a href=\"https:\/\/autoriteitpersoonsgegevens.nl\/nl\">https:\/\/autoriteitpersoonsgegevens.nl\/nl<\/a><\/p><p>\u00a0<\/p><p>Tant que vous n'aurez pas accept\u00e9 l'utilisation de cookies et d'autres dispositifs de suivi, nous ne placerons pas de cookies analytiques non anonymis\u00e9s et\/ou de cookies de suivi sur votre ordinateur, votre t\u00e9l\u00e9phone portable ou votre tablette.<\/p><p>En continuant \u00e0 visiter ce site web, vous acceptez ces conditions d'utilisation et vous acceptez l'utilisation de cookies et d'autres syst\u00e8mes de suivi, \u00e0 moins que nous n'ayons pr\u00e9vu une autre m\u00e9thode d'acceptation des cookies sur notre site web.<\/p><p>\u00a0<\/p><p>La version actuellement disponible de cette politique de confidentialit\u00e9 est la seule version qui s'applique lors de la visite de notre site web jusqu'\u00e0 ce qu'une nouvelle version remplace la version actuelle.<\/p><p>\u00a0<\/p><p>Article 1 - D\u00e9finitions<\/p><p>\u00a0<\/p><ol><li>Site Internet Grape-picking.com<\/li><\/ol><ol start=\"2\"><li>Responsable du traitement des donn\u00e9es personnelles : APCON, \u00e9tablie \u00e0 Neutronstraat 10, 9743AM Groningen, Pays-Bas, num\u00e9ro de chambre de commerce : 7737952.<\/li><\/ol><p>Article 2 - Acc\u00e8s au site web<\/p><p>\u00a0<\/p><p>L'acc\u00e8s et l'utilisation du site sont strictement personnels. Vous vous interdisez d'utiliser les donn\u00e9es et informations de ce site \u00e0 des fins commerciales, politiques ou publicitaires, ainsi que toute offre commerciale, en particulier les offres \u00e9lectroniques non sollicit\u00e9es.<\/p><p>\u00a0<\/p><p>Article 3 - Contenu du site web<\/p><p>\u00a0<\/p><p>Toutes les marques, images, textes, commentaires, illustrations (images anim\u00e9es), images vid\u00e9o, sons et toutes les applications techniques pouvant \u00eatre utilis\u00e9es pour faire fonctionner ce site et plus g\u00e9n\u00e9ralement tous les \u00e9l\u00e9ments utilis\u00e9s sur ce site, sont prot\u00e9g\u00e9s par les lois sur la propri\u00e9t\u00e9 intellectuelle. Toute reproduction, r\u00e9p\u00e9tition, utilisation ou modification, par quelque moyen que ce soit, de tout ou partie de celui-ci, y compris les applications techniques, sans l'autorisation \u00e9crite pr\u00e9alable du responsable du traitement, est strictement interdite. Le fait que le responsable du traitement ne prenne pas de mesures imm\u00e9diates \u00e0 l'encontre de toute infraction ne peut \u00eatre consid\u00e9r\u00e9 comme un consentement tacite, ni comme une renonciation \u00e0 poursuivre le contrevenant.<\/p><p>Article 4 - Gestion du site web<\/p><p>\u00a0<\/p><p>Aux fins d'une bonne gestion du site, le responsable du traitement peut \u00e0 tout moment :<\/p><p>\u00a0<\/p><ul><li>suspendre, interrompre, r\u00e9duire ou refuser l'acc\u00e8s au site web \u00e0 une cat\u00e9gorie particuli\u00e8re de visiteurs.<\/li><li>Supprimer toute information susceptible de perturber le fonctionnement du site web ou d'\u00eatre contraire aux lois nationales ou internationales ou \u00e0 l'\u00e9tiquette de l'internet.<\/li><li>Rendre le site web temporairement indisponible pour effectuer des mises \u00e0 jour.<\/li><\/ul><p>Article 5 - Responsabilit\u00e9s<\/p><p>\u00a0<\/p><ol><li>Le responsable du traitement n'est pas responsable des d\u00e9faillances, perturbations, difficult\u00e9s ou interruptions dans le fonctionnement du site web, entra\u00eenant l'inaccessibilit\u00e9 (temporaire) du site web ou de l'une de ses fonctionnalit\u00e9s. Vous \u00eates vous-m\u00eame responsable de la mani\u00e8re dont vous cherchez \u00e0 vous connecter \u00e0 notre site web. Vous devez prendre toutes les mesures appropri\u00e9es pour prot\u00e9ger votre \u00e9quipement et vos donn\u00e9es contre les risques tels que les attaques de virus sur l'internet. En outre, vous \u00eates responsable des sites web que vous visitez et des informations que vous recherchez.<\/li><li>Le responsable du traitement n'est pas responsable des poursuites judiciaires engag\u00e9es \u00e0 votre encontre :<\/li><\/ol><ul><li>en raison de l'utilisation du site ou des services accessibles via Internet<\/li><li>En cas de violation des dispositions de la pr\u00e9sente politique de protection de la vie priv\u00e9e<\/li><\/ul><ol start=\"3\"><li>Le contr\u00f4leur n'est pas responsable des dommages que vous, des tiers ou votre \u00e9quipement pourriez subir du fait de votre connexion au site web ou de votre utilisation de celui-ci, et vous vous abstiendrez de toute action (juridique) ult\u00e9rieure \u00e0 l'encontre du contr\u00f4leur.<\/li><li>Si le responsable du traitement est impliqu\u00e9 dans un litige en raison de votre (ab)utilisation de ce site web, il est en droit de vous (re)demander tous les dommages-int\u00e9r\u00eats subs\u00e9quents.<\/li><\/ol><p>Article 6 - Collecte des donn\u00e9es<\/p><p>\u00a0<\/p><ol><li>Vos donn\u00e9es personnelles seront collect\u00e9es par APCON.<\/li><li>On entend par donn\u00e9es \u00e0 caract\u00e8re personnel toute information concernant une personne physique identifiable.<\/li><li>Une personne physique identifiable est une personne qui peut \u00eatre identifi\u00e9e, directement ou indirectement, notamment par r\u00e9f\u00e9rence \u00e0 un identifiant tel qu'un nom, un num\u00e9ro d'identification, des donn\u00e9es de localisation, un identifiant en ligne ou \u00e0 un ou plusieurs facteurs sp\u00e9cifiques \u00e0 l'identit\u00e9 physique, physiologique, g\u00e9n\u00e9tique, mentale, \u00e9conomique, culturelle ou sociale de cette personne physique.<\/li><li>Les donn\u00e9es \u00e0 caract\u00e8re personnel collect\u00e9es sur le site web sont principalement utilis\u00e9es par le responsable du traitement pour maintenir une relation avec vous et les agriculteurs afin de traiter votre voyage. Elles sont enregistr\u00e9es dans un registre (\u00e9lectronique).<\/li><\/ol><p>Article 7 - Vos droits en mati\u00e8re d'information<\/p><p>\u00a0<\/p><ol><li>Conform\u00e9ment \u00e0 l'article 13, paragraphe 2, point b), du RGPD, chaque personne concern\u00e9e a le droit d'\u00eatre inform\u00e9e sur l'acc\u00e8s aux donn\u00e9es \u00e0 caract\u00e8re personnel la concernant et sur la rectification, l'effacement et la limitation du traitement de ces donn\u00e9es, ainsi que le droit de s'opposer au traitement et le droit \u00e0 la portabilit\u00e9 des donn\u00e9es.<\/li><li>Vous pouvez exercer ces droits en nous contactant \u00e0 l'adresse suivante <a href=\"mailto:info@apcon.nl\">info@apcon.nl<\/a><\/li><li>Chaque demande doit \u00eatre accompagn\u00e9e d'une copie d'une pi\u00e8ce d'identit\u00e9 valide, sur laquelle vous apposez votre signature et indiquez l'adresse \u00e0 laquelle nous pouvons vous contacter.<\/li><li>Vous recevrez une r\u00e9ponse de notre part dans un d\u00e9lai d'un mois \u00e0 compter de la date d'introduction de la demande.<\/li><li>En fonction de la complexit\u00e9 et du nombre de demandes, ce d\u00e9lai peut \u00eatre port\u00e9 \u00e0 deux mois.<\/li><\/ol><p>Article 8 - Obligations l\u00e9gales<\/p><p>\u00a0<\/p><ol><li>En cas de violation d'une loi ou d'un r\u00e8glement, dont un visiteur est soup\u00e7onn\u00e9 et pour laquelle les autorit\u00e9s ont besoin des donn\u00e9es \u00e0 caract\u00e8re personnel collect\u00e9es par le responsable du traitement, celles-ci seront fournies \u00e0 la demande explicite et motiv\u00e9e de ces autorit\u00e9s, apr\u00e8s quoi ces donn\u00e9es \u00e0 caract\u00e8re personnel ne tombent plus sous la protection des dispositions de la pr\u00e9sente politique en mati\u00e8re de protection de la vie priv\u00e9e.<\/li><li>Si une information est n\u00e9cessaire pour obtenir l'acc\u00e8s \u00e0 certaines fonctionnalit\u00e9s du site web, le responsable du traitement indiquera le caract\u00e8re obligatoire de cette information lorsqu'il demandera ces donn\u00e9es.<\/li><\/ol><p>Article 9 - Donn\u00e9es collect\u00e9es et offres commerciales<\/p><p>\u00a0<\/p><ol><li>Vous pouvez recevoir des offres commerciales de la part du responsable du traitement. Si vous ne souhaitez pas (plus) les recevoir, veuillez nous envoyer un courriel \u00e0 l'adresse suivante : <a href=\"mailto:info@apcon.nl\">info@apcon.nl<\/a><\/li><li>Vos donn\u00e9es personnelles ne seront pas utilis\u00e9es par nos partenaires \u00e0 des fins commerciales.<\/li><li>Si vous rencontrez des donn\u00e9es \u00e0 caract\u00e8re personnel d'autres personnes concern\u00e9es lors de votre visite sur notre site web, vous devez vous abstenir de les collecter, de les utiliser sans autorisation ou de commettre tout autre acte constituant une violation de la vie priv\u00e9e de la ou des personnes concern\u00e9es en question. Le responsable du traitement n'est pas responsable dans ces circonstances.<\/li><\/ol><p>Article 10 - Conservation des donn\u00e9es<\/p><p>\u00a0<\/p><p>\u00a0\u00a0\u00a0\u00a0\u00a0\u00a0\u00a0\u00a0\u00a0\u00a0\u00a0 Les donn\u00e9es collect\u00e9es sont utilis\u00e9es et conserv\u00e9es pendant la dur\u00e9e d\u00e9termin\u00e9e par la loi.<\/p><p>\u00a0<\/p><p>Article 11 - Cookies<\/p><p>\u00a0<\/p><ol><li>Lorsque vous visitez notre site web, des cookies du contr\u00f4leur et\/ou de tiers peuvent \u00eatre install\u00e9s sur votre \u00e9quipement.<\/li><li>Pour plus d'informations sur l'utilisation, la gestion et la suppression des cookies pour chaque appareil \u00e9lectronique, nous vous invitons \u00e0 consulter le lien suivant : <a href=\"https:\/\/autoriteitpersoonsgegevens.nl\/nl\/onderwerpen\/internet-telefoon-tv-en-post\/cookies#faq\">https:\/\/autoriteitpersoonsgegevens.nl\/nl\/onderwerpen\/internet-telefoon-tv-en-post\/cookies#faq<\/a><\/li><\/ol><p>Article 12 - Images et produits propos\u00e9s<\/p><p>\u00a0<\/p><p>Vous ne pouvez tirer aucun droit des images qui accompagnent les produits propos\u00e9s sur notre site web.<\/p><p>\u00a0<\/p><p>Article 13. - Droit applicable<\/p><p>\u00a0<\/p><p>Les pr\u00e9sentes conditions sont r\u00e9gies par le droit n\u00e9erlandais. Le tribunal de l'arrondissement o\u00f9 le responsable du traitement a son si\u00e8ge social est seul comp\u00e9tent en cas de litige concernant les pr\u00e9sentes conditions, sauf exception l\u00e9gale.<\/p><p>\u00a0<\/p><p>Article 14 - Contact<\/p><p>\u00a0<\/p><p>Pour toute question, information sur les produits ou sur le site web lui-m\u00eame, veuillez contacter : Team APCON, <a href=\"mailto:info@apcon.nl\">info@apcon.nl<\/a><\/p><p>\u00a0<\/p><p>Cette d\u00e9claration de confidentialit\u00e9 s'applique depuis 2022 jusqu'\u00e0 nouvel ordre.<\/p><p>\u00a0<\/p>\t\t\t\t\t\t\t\t<\/div>\n\t\t\t\t<\/div>\n\t\t\t\t\t<\/div>\n\t\t<\/div>\n\t\t\t\t\t<\/div>\n\t\t<\/section>\n\t\t\t\t<\/div>","protected":false},"excerpt":{"rendered":"<p>Privacy Policy Privacy policy APCON respects the privacy of its visitors, in particular their rights regarding the automatic processing of personal data. We have therefore formulated and implemented a policy on complete transparency with our costumers regarding the processing of personal data, its purpose(s) and the possibilities to exercise your [&hellip;]<\/p>\n","protected":false},"author":1,"featured_media":0,"parent":0,"menu_order":0,"comment_status":"closed","ping_status":"open","template":"","meta":{"_glsr_average":0,"_glsr_ranking":0,"_glsr_reviews":0,"footnotes":""},"class_list":["post-16013","page","type-page","status-publish","hentry"],"_links":{"self":[{"href":"https:\/\/grape-picking.com\/fr\/wp-json\/wp\/v2\/pages\/16013","targetHints":{"allow":["GET"]}}],"collection":[{"href":"https:\/\/grape-picking.com\/fr\/wp-json\/wp\/v2\/pages"}],"about":[{"href":"https:\/\/grape-picking.com\/fr\/wp-json\/wp\/v2\/types\/page"}],"author":[{"embeddable":true,"href":"https:\/\/grape-picking.com\/fr\/wp-json\/wp\/v2\/users\/1"}],"replies":[{"embeddable":true,"href":"https:\/\/grape-picking.com\/fr\/wp-json\/wp\/v2\/comments?post=16013"}],"version-history":[{"count":10,"href":"https:\/\/grape-picking.com\/fr\/wp-json\/wp\/v2\/pages\/16013\/revisions"}],"predecessor-version":[{"id":19690,"href":"https:\/\/grape-picking.com\/fr\/wp-json\/wp\/v2\/pages\/16013\/revisions\/19690"}],"wp:attachment":[{"href":"https:\/\/grape-picking.com\/fr\/wp-json\/wp\/v2\/media?parent=16013"}],"curies":[{"name":"wp","href":"https:\/\/api.w.org\/{rel}","templated":true}]}}