{"id":19722,"date":"2022-06-20T18:00:10","date_gmt":"2022-06-20T18:00:10","guid":{"rendered":"https:\/\/grape-picking.com\/?page_id=19722"},"modified":"2022-06-20T18:09:27","modified_gmt":"2022-06-20T18:09:27","slug":"algemene-voorwaarden","status":"publish","type":"page","link":"https:\/\/grape-picking.com\/es\/algemene-voorwaarden\/","title":{"rendered":"Condiciones generales"},"content":{"rendered":"<div data-elementor-type=\"wp-page\" data-elementor-id=\"19722\" class=\"elementor elementor-19722\" data-elementor-post-type=\"page\">\n\t\t\t\t\t\t<section class=\"elementor-section elementor-top-section elementor-element elementor-element-2cec084 elementor-section-boxed elementor-section-height-default elementor-section-height-default\" data-id=\"2cec084\" data-element_type=\"section\" data-e-type=\"section\">\n\t\t\t\t\t\t<div class=\"elementor-container elementor-column-gap-default\">\n\t\t\t\t\t<div class=\"elementor-column elementor-col-100 elementor-top-column elementor-element elementor-element-fbeeb53\" data-id=\"fbeeb53\" data-element_type=\"column\" data-e-type=\"column\">\n\t\t\t<div class=\"elementor-widget-wrap elementor-element-populated\">\n\t\t\t\t\t\t<div class=\"elementor-element elementor-element-6ca04d7 elementor-widget elementor-widget-heading\" data-id=\"6ca04d7\" data-element_type=\"widget\" data-e-type=\"widget\" data-widget_type=\"heading.default\">\n\t\t\t\t<div class=\"elementor-widget-container\">\n\t\t\t\t\t<h2 class=\"elementor-heading-title elementor-size-default\">A\u00f1ada aqu\u00ed su cabecera<\/h2>\t\t\t\t<\/div>\n\t\t\t\t<\/div>\n\t\t\t\t\t<\/div>\n\t\t<\/div>\n\t\t\t\t\t<\/div>\n\t\t<\/section>\n\t\t\t\t<section class=\"elementor-section elementor-top-section elementor-element elementor-element-b574b84 elementor-section-boxed elementor-section-height-default elementor-section-height-default\" data-id=\"b574b84\" data-element_type=\"section\" data-e-type=\"section\">\n\t\t\t\t\t\t<div class=\"elementor-container elementor-column-gap-default\">\n\t\t\t\t\t<div class=\"elementor-column elementor-col-100 elementor-top-column elementor-element elementor-element-276623f\" data-id=\"276623f\" data-element_type=\"column\" data-e-type=\"column\">\n\t\t\t<div class=\"elementor-widget-wrap elementor-element-populated\">\n\t\t\t\t\t\t<div class=\"elementor-element elementor-element-ace8e9d elementor-widget elementor-widget-heading\" data-id=\"ace8e9d\" data-element_type=\"widget\" data-e-type=\"widget\" data-widget_type=\"heading.default\">\n\t\t\t\t<div class=\"elementor-widget-container\">\n\t\t\t\t\t<h2 class=\"elementor-heading-title elementor-size-default\">jfhjff<\/h2>\t\t\t\t<\/div>\n\t\t\t\t<\/div>\n\t\t\t\t\t<\/div>\n\t\t<\/div>\n\t\t\t\t\t<\/div>\n\t\t<\/section>\n\t\t\t\t<section class=\"elementor-section elementor-top-section elementor-element elementor-element-715481b elementor-section-boxed elementor-section-height-default elementor-section-height-default\" data-id=\"715481b\" data-element_type=\"section\" data-e-type=\"section\">\n\t\t\t\t\t\t<div class=\"elementor-container elementor-column-gap-default\">\n\t\t\t\t\t<div class=\"elementor-column elementor-col-100 elementor-top-column elementor-element elementor-element-d50f90d\" data-id=\"d50f90d\" data-element_type=\"column\" data-e-type=\"column\">\n\t\t\t<div class=\"elementor-widget-wrap elementor-element-populated\">\n\t\t\t\t\t\t<div class=\"elementor-element elementor-element-aa62836 elementor-widget elementor-widget-spacer\" data-id=\"aa62836\" data-element_type=\"widget\" data-e-type=\"widget\" data-widget_type=\"spacer.default\">\n\t\t\t\t<div class=\"elementor-widget-container\">\n\t\t\t\t\t\t\t<div class=\"elementor-spacer\">\n\t\t\t<div class=\"elementor-spacer-inner\"><\/div>\n\t\t<\/div>\n\t\t\t\t\t\t<\/div>\n\t\t\t\t<\/div>\n\t\t\t\t\t<\/div>\n\t\t<\/div>\n\t\t\t\t\t<\/div>\n\t\t<\/section>\n\t\t\t\t<section class=\"elementor-section elementor-top-section elementor-element elementor-element-22bc020 elementor-section-boxed elementor-section-height-default elementor-section-height-default\" data-id=\"22bc020\" data-element_type=\"section\" data-e-type=\"section\">\n\t\t\t\t\t\t<div class=\"elementor-container elementor-column-gap-default\">\n\t\t\t\t\t<div class=\"elementor-column elementor-col-100 elementor-top-column elementor-element elementor-element-23cf028\" data-id=\"23cf028\" data-element_type=\"column\" data-e-type=\"column\">\n\t\t\t<div class=\"elementor-widget-wrap elementor-element-populated\">\n\t\t\t\t\t\t<div class=\"elementor-element elementor-element-7cfa94b elementor-widget elementor-widget-heading\" data-id=\"7cfa94b\" data-element_type=\"widget\" data-e-type=\"widget\" data-widget_type=\"heading.default\">\n\t\t\t\t<div class=\"elementor-widget-container\">\n\t\t\t\t\t<h2 class=\"elementor-heading-title elementor-size-default\">Condiciones generales<\/h2>\t\t\t\t<\/div>\n\t\t\t\t<\/div>\n\t\t\t\t\t<\/div>\n\t\t<\/div>\n\t\t\t\t\t<\/div>\n\t\t<\/section>\n\t\t\t\t<section class=\"elementor-section elementor-top-section elementor-element elementor-element-ce0adca elementor-section-boxed elementor-section-height-default elementor-section-height-default\" data-id=\"ce0adca\" data-element_type=\"section\" data-e-type=\"section\" data-settings=\"{&quot;background_background&quot;:&quot;classic&quot;}\">\n\t\t\t\t\t\t<div class=\"elementor-container elementor-column-gap-default\">\n\t\t\t\t\t<div class=\"elementor-column elementor-col-100 elementor-top-column elementor-element elementor-element-1752394\" data-id=\"1752394\" data-element_type=\"column\" data-e-type=\"column\">\n\t\t\t<div class=\"elementor-widget-wrap elementor-element-populated\">\n\t\t\t\t\t\t<div class=\"elementor-element elementor-element-babc99d elementor-widget elementor-widget-text-editor\" data-id=\"babc99d\" data-element_type=\"widget\" data-e-type=\"widget\" data-widget_type=\"text-editor.default\">\n\t\t\t\t<div class=\"elementor-widget-container\">\n\t\t\t\t\t\t\t\t\t<p><br \/>En esta p\u00e1gina encontrar\u00e1 las condiciones generales de APCON. En estas condiciones generales<br \/>condiciones, indicamos las condiciones en las que facilitamos la informaci\u00f3n en nuestro<br \/>sitio web.<\/p><p><br \/><strong>Propiedad intelectual<\/strong><\/p><p><br \/>El uso de la informaci\u00f3n de este sitio web es gratuito siempre que no<br \/>copiarlo, distribuirlo o utilizarlo de cualquier otro modo. No podr\u00e1 utilizar el<br \/>reutilizar la informaci\u00f3n de este sitio web \u00fanicamente de conformidad con la normativa de la<br \/>ley obligatoria.<br \/>Sin el consentimiento expreso por escrito de,<br \/>reutilizar materiales fotogr\u00e1ficos o de otro tipo de este sitio web. En<br \/>la propiedad intelectual pertenece a .<\/p><p><br \/><strong>Si procede:<\/strong><\/p><p><br \/>Para los precios que figuran en nuestro sitio web, nos esforzamos por ser lo m\u00e1s<br \/>representaci\u00f3n cuidadosa de la realidad y de los precios previstos. Errores que<br \/>derivados de los mismos y sean identificables como errores de programaci\u00f3n o mecanograf\u00eda, constituyen<br \/>nunca una raz\u00f3n para reclamar un contrato o acuerdo con<br \/>o asumir.<br \/>\u00a0se esfuerza por mantener su sitio web lo m\u00e1s actualizado posible. Si, a pesar de estos esfuerzos<br \/>la informaci\u00f3n o el contenido sean incompletos o incorrectos, podremos<br \/>no aceptamos ninguna responsabilidad al respecto.<br \/>La informaci\u00f3n y\/o los productos de este sitio web se ofrecen sin ning\u00fan tipo de garant\u00eda.<br \/>forma de garant\u00eda o reclamaci\u00f3n de exactitud. Nos reservamos el derecho a<br \/>modificar, eliminar o reenviar estos materiales sin ninguna<br \/>No se hace responsable de ninguna informaci\u00f3n<br \/>contenidas en sitios web a los que enlazamos mediante hiperv\u00ednculos.<\/p><p><br \/><strong>Cambios<\/strong><\/p><p>Si estas condiciones cambian, encontrar\u00e1 la versi\u00f3n m\u00e1s reciente.<br \/>del descargo de responsabilidad de esta p\u00e1gina.<\/p>\t\t\t\t\t\t\t\t<\/div>\n\t\t\t\t<\/div>\n\t\t\t\t\t<\/div>\n\t\t<\/div>\n\t\t\t\t\t<\/div>\n\t\t<\/section>\n\t\t\t\t<\/div>","protected":false},"excerpt":{"rendered":"<p>Voeg je header hier toe jfhjff Algemene Voorwaarden Op deze pagina vindt u de algemene voorwaarden van\u00a0APCON. In deze algemenevoorwaarden geven wij aan onder welk voorbehoud wij de informatie op onzewebsite aan u aanbieden. Intellectueel eigendom Het gebruik van de informatie op deze website is gratis zolang u deze informatie [&hellip;]<\/p>\n","protected":false},"author":1,"featured_media":0,"parent":0,"menu_order":0,"comment_status":"closed","ping_status":"closed","template":"","meta":{"_glsr_average":0,"_glsr_ranking":0,"_glsr_reviews":0,"footnotes":""},"class_list":["post-19722","page","type-page","status-publish","hentry"],"_links":{"self":[{"href":"https:\/\/grape-picking.com\/es\/wp-json\/wp\/v2\/pages\/19722","targetHints":{"allow":["GET"]}}],"collection":[{"href":"https:\/\/grape-picking.com\/es\/wp-json\/wp\/v2\/pages"}],"about":[{"href":"https:\/\/grape-picking.com\/es\/wp-json\/wp\/v2\/types\/page"}],"author":[{"embeddable":true,"href":"https:\/\/grape-picking.com\/es\/wp-json\/wp\/v2\/users\/1"}],"replies":[{"embeddable":true,"href":"https:\/\/grape-picking.com\/es\/wp-json\/wp\/v2\/comments?post=19722"}],"version-history":[{"count":4,"href":"https:\/\/grape-picking.com\/es\/wp-json\/wp\/v2\/pages\/19722\/revisions"}],"predecessor-version":[{"id":19726,"href":"https:\/\/grape-picking.com\/es\/wp-json\/wp\/v2\/pages\/19722\/revisions\/19726"}],"wp:attachment":[{"href":"https:\/\/grape-picking.com\/es\/wp-json\/wp\/v2\/media?parent=19722"}],"curies":[{"name":"wp","href":"https:\/\/api.w.org\/{rel}","templated":true}]}}