{"id":16013,"date":"2020-07-26T14:32:39","date_gmt":"2020-07-26T14:32:39","guid":{"rendered":"http:\/\/www.dipjeweg.nl\/?page_id=3"},"modified":"2022-06-07T20:44:37","modified_gmt":"2022-06-07T20:44:37","slug":"privacypolicy","status":"publish","type":"page","link":"https:\/\/grape-picking.com\/es\/privacypolicy\/","title":{"rendered":"Pol\u00edtica de privacidad"},"content":{"rendered":"<div data-elementor-type=\"wp-page\" data-elementor-id=\"16013\" class=\"elementor elementor-16013\" data-elementor-post-type=\"page\">\n\t\t\t\t\t\t<section class=\"elementor-section elementor-top-section elementor-element elementor-element-6dbb9d88 elementor-section-boxed elementor-section-height-default elementor-section-height-default\" data-id=\"6dbb9d88\" data-element_type=\"section\" data-e-type=\"section\">\n\t\t\t\t\t\t<div class=\"elementor-container elementor-column-gap-default\">\n\t\t\t\t\t<div class=\"elementor-column elementor-col-100 elementor-top-column elementor-element elementor-element-3c00ffa6\" data-id=\"3c00ffa6\" data-element_type=\"column\" data-e-type=\"column\">\n\t\t\t<div class=\"elementor-widget-wrap elementor-element-populated\">\n\t\t\t\t\t\t\t<\/div>\n\t\t<\/div>\n\t\t\t\t\t<\/div>\n\t\t<\/section>\n\t\t\t\t<section class=\"elementor-section elementor-top-section elementor-element elementor-element-08db7c9 elementor-section-boxed elementor-section-height-default elementor-section-height-default\" data-id=\"08db7c9\" data-element_type=\"section\" data-e-type=\"section\">\n\t\t\t\t\t\t<div class=\"elementor-container elementor-column-gap-default\">\n\t\t\t\t\t<div class=\"elementor-column elementor-col-100 elementor-top-column elementor-element elementor-element-dc99fe9\" data-id=\"dc99fe9\" data-element_type=\"column\" data-e-type=\"column\">\n\t\t\t<div class=\"elementor-widget-wrap elementor-element-populated\">\n\t\t\t\t\t\t<div class=\"elementor-element elementor-element-c8582a3 elementor-widget elementor-widget-heading\" data-id=\"c8582a3\" data-element_type=\"widget\" data-e-type=\"widget\" data-widget_type=\"heading.default\">\n\t\t\t\t<div class=\"elementor-widget-container\">\n\t\t\t\t\t<h2 class=\"elementor-heading-title elementor-size-default\">Pol\u00edtica de privacidad<\/h2>\t\t\t\t<\/div>\n\t\t\t\t<\/div>\n\t\t\t\t\t<\/div>\n\t\t<\/div>\n\t\t\t\t\t<\/div>\n\t\t<\/section>\n\t\t\t\t<section class=\"elementor-section elementor-top-section elementor-element elementor-element-e03159e elementor-section-boxed elementor-section-height-default elementor-section-height-default\" data-id=\"e03159e\" data-element_type=\"section\" data-e-type=\"section\">\n\t\t\t\t\t\t<div class=\"elementor-container elementor-column-gap-default\">\n\t\t\t\t\t<div class=\"elementor-column elementor-col-100 elementor-top-column elementor-element elementor-element-bebc9df\" data-id=\"bebc9df\" data-element_type=\"column\" data-e-type=\"column\">\n\t\t\t<div class=\"elementor-widget-wrap\">\n\t\t\t\t\t\t\t<\/div>\n\t\t<\/div>\n\t\t\t\t\t<\/div>\n\t\t<\/section>\n\t\t\t\t<section class=\"elementor-section elementor-top-section elementor-element elementor-element-35122bd1 elementor-section-full_width elementor-section-height-min-height elementor-section-height-default elementor-section-items-middle\" data-id=\"35122bd1\" data-element_type=\"section\" data-e-type=\"section\" data-settings=\"{&quot;background_background&quot;:&quot;classic&quot;}\">\n\t\t\t\t\t\t\t<div class=\"elementor-background-overlay\"><\/div>\n\t\t\t\t\t\t\t<div class=\"elementor-container elementor-column-gap-default\">\n\t\t\t\t\t<div class=\"elementor-column elementor-col-33 elementor-top-column elementor-element elementor-element-5b38e396\" data-id=\"5b38e396\" data-element_type=\"column\" data-e-type=\"column\">\n\t\t\t<div class=\"elementor-widget-wrap\">\n\t\t\t\t\t\t\t<\/div>\n\t\t<\/div>\n\t\t\t\t<div class=\"elementor-column elementor-col-33 elementor-top-column elementor-element elementor-element-20aa2c63\" data-id=\"20aa2c63\" data-element_type=\"column\" data-e-type=\"column\">\n\t\t\t<div class=\"elementor-widget-wrap elementor-element-populated\">\n\t\t\t\t\t\t<div class=\"elementor-element elementor-element-381609f1 elementor-widget elementor-widget-heading\" data-id=\"381609f1\" data-element_type=\"widget\" data-e-type=\"widget\" data-widget_type=\"heading.default\">\n\t\t\t\t<div class=\"elementor-widget-container\">\n\t\t\t\t\t<h2 class=\"elementor-heading-title elementor-size-default\">Pol\u00edtica de privacidad<\/h2>\t\t\t\t<\/div>\n\t\t\t\t<\/div>\n\t\t\t\t\t<\/div>\n\t\t<\/div>\n\t\t\t\t<div class=\"elementor-column elementor-col-33 elementor-top-column elementor-element elementor-element-165af53e\" data-id=\"165af53e\" data-element_type=\"column\" data-e-type=\"column\">\n\t\t\t<div class=\"elementor-widget-wrap\">\n\t\t\t\t\t\t\t<\/div>\n\t\t<\/div>\n\t\t\t\t\t<\/div>\n\t\t<\/section>\n\t\t\t\t<section class=\"elementor-section elementor-top-section elementor-element elementor-element-eef85e6 elementor-section-boxed elementor-section-height-default elementor-section-height-default\" data-id=\"eef85e6\" data-element_type=\"section\" data-e-type=\"section\" data-settings=\"{&quot;background_background&quot;:&quot;classic&quot;}\">\n\t\t\t\t\t\t<div class=\"elementor-container elementor-column-gap-default\">\n\t\t\t\t\t<div class=\"elementor-column elementor-col-100 elementor-top-column elementor-element elementor-element-352d98c\" data-id=\"352d98c\" data-element_type=\"column\" data-e-type=\"column\">\n\t\t\t<div class=\"elementor-widget-wrap elementor-element-populated\">\n\t\t\t\t\t\t<div class=\"elementor-element elementor-element-7c36d67 elementor-widget elementor-widget-spacer\" data-id=\"7c36d67\" data-element_type=\"widget\" data-e-type=\"widget\" data-widget_type=\"spacer.default\">\n\t\t\t\t<div class=\"elementor-widget-container\">\n\t\t\t\t\t\t\t<div class=\"elementor-spacer\">\n\t\t\t<div class=\"elementor-spacer-inner\"><\/div>\n\t\t<\/div>\n\t\t\t\t\t\t<\/div>\n\t\t\t\t<\/div>\n\t\t\t\t\t<\/div>\n\t\t<\/div>\n\t\t\t\t\t<\/div>\n\t\t<\/section>\n\t\t\t\t<section class=\"elementor-section elementor-top-section elementor-element elementor-element-d1ed651 elementor-section-boxed elementor-section-height-default elementor-section-height-default\" data-id=\"d1ed651\" data-element_type=\"section\" data-e-type=\"section\" data-settings=\"{&quot;background_background&quot;:&quot;classic&quot;}\">\n\t\t\t\t\t\t<div class=\"elementor-container elementor-column-gap-default\">\n\t\t\t\t\t<div class=\"elementor-column elementor-col-100 elementor-top-column elementor-element elementor-element-09c500f elementor-hidden-mobile\" data-id=\"09c500f\" data-element_type=\"column\" data-e-type=\"column\">\n\t\t\t<div class=\"elementor-widget-wrap elementor-element-populated\">\n\t\t\t\t\t\t<div class=\"elementor-element elementor-element-ae2f7e1 elementor-hidden-mobile elementor-widget elementor-widget-text-editor\" data-id=\"ae2f7e1\" data-element_type=\"widget\" data-e-type=\"widget\" data-widget_type=\"text-editor.default\">\n\t\t\t\t<div class=\"elementor-widget-container\">\n\t\t\t\t\t\t\t\t\t<p><span style=\"color: var( --e-global-color-text ); font-family: var( --e-global-typography-text-font-family ), Sans-serif; font-weight: var( --e-global-typography-text-font-weight );\">APCON respeta la privacidad de sus visitantes, en particular sus derechos en relaci\u00f3n con el tratamiento automatizado de datos de car\u00e1cter personal. Por ello, hemos formulado y aplicado una pol\u00edtica de total transparencia con nuestros clientes en relaci\u00f3n con el tratamiento de datos personales, su finalidad o finalidades y las posibilidades de ejercer sus derechos legales de la mejor manera posible.<\/span><\/p><p>\u00a0<\/p><p>Si desea m\u00e1s informaci\u00f3n sobre la protecci\u00f3n de datos personales, visite el sitio web de la Autoridad Neerlandesa de Protecci\u00f3n de Datos (Autoriteit Persoonsgegevens). <a href=\"https:\/\/autoriteitpersoonsgegevens.nl\/nl\">https:\/\/autoriteitpersoonsgegevens.nl\/nl<\/a><\/p><p>\u00a0<\/p><p>Hasta que no acepte el uso de cookies y otros dispositivos de seguimiento, no colocaremos cookies anal\u00edticas y\/o cookies de seguimiento no anonimizadas en su ordenador, tel\u00e9fono m\u00f3vil o tableta.<\/p><p>Con la visita continuada de este sitio web usted acepta estas condiciones de uso y acepta el uso de cookies y otros sistemas de seguimiento, a menos que hayamos previsto otro m\u00e9todo de aceptaci\u00f3n de cookies en nuestro sitio web.<\/p><p>\u00a0<\/p><p>La versi\u00f3n actualmente disponible de esta pol\u00edtica de privacidad es la \u00fanica que se aplica al visitar nuestro sitio web hasta que una nueva versi\u00f3n sustituya a la actual.<\/p><p>\u00a0<\/p><p>Art\u00edculo 1 - Definiciones<\/p><p>\u00a0<\/p><ol><li>Sitio web Grape-picking.com<\/li><\/ol><ol start=\"2\"><li>Responsable del tratamiento de los datos personales APCON, con domicilio social en Neutronstraat 10, 9743AM Groningen, Pa\u00edses Bajos, C\u00e1mara de Comercio n\u00famero: 7737952.<\/li><\/ol><p>Art\u00edculo 2 - Acceso al sitio web<\/p><p>\u00a0<\/p><p>El acceso al sitio web y su uso son estrictamente personales. Usted se abstendr\u00e1 de utilizar los datos y la informaci\u00f3n de este sitio web para fines comerciales, pol\u00edticos o publicitarios propios, as\u00ed como cualquier oferta comercial, en particular ofertas electr\u00f3nicas no solicitadas.<\/p><p>\u00a0<\/p><p>Art\u00edculo 3 - Contenido del sitio web<\/p><p>\u00a0<\/p><p>Todas las marcas, im\u00e1genes, textos, comentarios, ilustraciones (animadas) im\u00e1genes, im\u00e1genes de v\u00eddeo, sonidos y todas las aplicaciones t\u00e9cnicas que pueden utilizarse para el funcionamiento de este sitio web y, m\u00e1s en general, todos los componentes utilizados en este sitio web, est\u00e1n protegidos por las leyes sobre propiedad intelectual. Queda estrictamente prohibida cualquier reproducci\u00f3n, repetici\u00f3n, utilizaci\u00f3n o modificaci\u00f3n, por cualquier medio, de todo o parte del mismo, incluidas las aplicaciones t\u00e9cnicas, sin la autorizaci\u00f3n previa por escrito del responsable del tratamiento. El hecho de que el responsable del tratamiento no tome medidas inmediatas contra cualquier infracci\u00f3n no puede considerarse un consentimiento t\u00e1cito ni una renuncia al derecho de perseguir al infractor.<\/p><p>Art\u00edculo 4 - Gesti\u00f3n del sitio web<\/p><p>\u00a0<\/p><p>A efectos de la correcta gesti\u00f3n del sitio, el responsable del tratamiento podr\u00e1, en cualquier momento:<\/p><p>\u00a0<\/p><ul><li>Suspender, interrumpir, reducir o denegar el acceso al sitio web a una determinada categor\u00eda de visitantes.<\/li><li>Eliminar toda la informaci\u00f3n que pueda perturbar el funcionamiento del sitio web o que entre en conflicto con la legislaci\u00f3n nacional o internacional o sea contraria a la etiqueta de Internet.<\/li><li>Hacer que el sitio web no est\u00e9 disponible temporalmente para realizar actualizaciones.<\/li><\/ul><p>Art\u00edculo 5 - Responsabilidades<\/p><p>\u00a0<\/p><ol><li>El responsable del tratamiento no se hace responsable de los fallos, perturbaciones, dificultades o interrupciones en el funcionamiento del sitio web que provoquen la inaccesibilidad (temporal) del sitio web o de alguna de sus funcionalidades. Usted mismo es responsable de la forma en que busca conectarse a nuestro sitio web. Debe tomar todas las medidas adecuadas para proteger su equipo y sus datos contra peligros como los ataques de virus en Internet. Adem\u00e1s, usted es responsable de los sitios web que visita y de la informaci\u00f3n que busca.<\/li><li>El responsable del tratamiento no ser\u00e1 responsable de los procedimientos judiciales que se emprendan contra usted:<\/li><\/ol><ul><li>Por el uso del sitio web o de los servicios accesibles a trav\u00e9s de Internet<\/li><li>Por infringir los t\u00e9rminos de esta pol\u00edtica de privacidad<\/li><\/ul><ol start=\"3\"><li>El controlador no se hace responsable de los da\u00f1os que usted o terceros o su equipo sufran como consecuencia de su conexi\u00f3n o uso del sitio web y usted se abstendr\u00e1 de emprender cualquier acci\u00f3n (legal) posterior contra el controlador.<\/li><li>Si el responsable del tratamiento se ve envuelto en un litigio a causa de su (ab)uso de este sitio web, tendr\u00e1 derecho a (re)reclamarle todos los da\u00f1os y perjuicios subsiguientes.<\/li><\/ol><p>Art\u00edculo 6 - Recogida de datos<\/p><p>\u00a0<\/p><ol><li>Sus datos personales ser\u00e1n recogidos por APCON.<\/li><li>Por datos personales se entiende cualquier informaci\u00f3n relativa a una persona f\u00edsica identificable.<\/li><li>Una persona f\u00edsica identificable es aquella que puede ser identificada, directa o indirectamente, en particular por referencia a un identificador como el nombre, un n\u00famero de identificaci\u00f3n, datos de localizaci\u00f3n, un identificador en l\u00ednea o a uno o m\u00e1s factores espec\u00edficos de la identidad f\u00edsica, fisiol\u00f3gica, gen\u00e9tica, mental, econ\u00f3mica, cultural o social de dicha persona f\u00edsica.<\/li><li>Los datos personales que se recogen en el sitio web son utilizados principalmente por el responsable del tratamiento con el fin de mantener una relaci\u00f3n con usted y los agricultores con el fin de procesar su viaje. Se inscriben en un registro (electr\u00f3nico).<\/li><\/ol><p>Art\u00edculo 7 - Sus derechos de informaci\u00f3n<\/p><p>\u00a0<\/p><ol><li>De conformidad con el art\u00edculo 13, apartado 2, letra b), del RGPD, todo interesado tiene derecho a recibir informaci\u00f3n sobre el acceso a sus datos personales, a rectificarlos, suprimirlos y limitar su tratamiento, as\u00ed como a oponerse a dicho tratamiento y a la portabilidad de los datos.<\/li><li>Puede ejercer estos derechos poni\u00e9ndose en contacto con nosotros en <a href=\"mailto:info@apcon.nl\">info@apcon.nl<\/a><\/li><li>Cada solicitud debe ir acompa\u00f1ada de una copia de un documento de identidad v\u00e1lido, en el que ponga su firma e indique la direcci\u00f3n en la que podemos ponernos en contacto con usted.<\/li><li>En el plazo de un mes a partir de la presentaci\u00f3n de la solicitud, recibir\u00e1 nuestra respuesta.<\/li><li>En funci\u00f3n de la complejidad y el n\u00famero de solicitudes, este plazo puede ampliarse a dos meses.<\/li><\/ol><p>Art\u00edculo 8 - Obligaciones jur\u00eddicas<\/p><p>\u00a0<\/p><ol><li>En caso de infracci\u00f3n de cualquier ley o reglamento, que un visitante es sospechoso y para que las autoridades requieren los datos personales recogidos por el controlador, que se proporcionar\u00e1 a la despu\u00e9s de una solicitud expl\u00edcita y razonada de dichas autoridades, despu\u00e9s de lo cual estos datos personales no caen m\u00e1s bajo la protecci\u00f3n de las disposiciones de esta pol\u00edtica de privacidad.<\/li><li>Si alguna informaci\u00f3n es necesaria para obtener acceso a determinadas funciones del sitio web, el responsable del tratamiento indicar\u00e1 el car\u00e1cter obligatorio de esta informaci\u00f3n al solicitar estos datos.<\/li><\/ol><p>Art\u00edculo 9 - Datos recogidos y ofertas comerciales<\/p><p>\u00a0<\/p><ol><li>Es posible que reciba ofertas comerciales del responsable del tratamiento. Si no desea recibirlas (nunca m\u00e1s), env\u00edenos un correo electr\u00f3nico a la siguiente direcci\u00f3n: <a href=\"mailto:info@apcon.nl\">info@apcon.nl<\/a><\/li><li>Sus datos personales no ser\u00e1n utilizados por nuestros socios con fines comerciales.<\/li><li>Si encuentra datos personales de otros interesados mientras visita nuestro sitio web, debe abstenerse de recopilarlos, de utilizarlos sin autorizaci\u00f3n o de cualquier otro acto que constituya una violaci\u00f3n de la intimidad del interesado o interesados en cuesti\u00f3n. El responsable del tratamiento no es responsable en estas circunstancias.<\/li><\/ol><p>Art\u00edculo 10 - Conservaci\u00f3n de datos<\/p><p>\u00a0<\/p><p>\u00a0\u00a0\u00a0\u00a0\u00a0\u00a0\u00a0\u00a0\u00a0\u00a0\u00a0 Los datos recogidos se utilizan y conservan durante el tiempo que determina la ley.<\/p><p>\u00a0<\/p><p>Art\u00edculo 11 - Cookies<\/p><p>\u00a0<\/p><ol><li>Cuando visita nuestro sitio web, pueden instalarse en su equipo cookies del responsable del tratamiento y\/o de terceros.<\/li><li>Para m\u00e1s informaci\u00f3n sobre el uso, la gesti\u00f3n y la eliminaci\u00f3n de las cookies de cada dispositivo electr\u00f3nico, le invitamos a consultar el siguiente enlace: <a href=\"https:\/\/autoriteitpersoonsgegevens.nl\/nl\/onderwerpen\/internet-telefoon-tv-en-post\/cookies#faq\">https:\/\/autoriteitpersoonsgegevens.nl\/nl\/onderwerpen\/internet-telefoon-tv-en-post\/cookies#faq<\/a><\/li><\/ol><p>Art\u00edculo 12 - Im\u00e1genes y productos ofrecidos<\/p><p>\u00a0<\/p><p>Usted no puede derivar ning\u00fan derecho de las im\u00e1genes que acompa\u00f1an a cualquier producto ofrecido en nuestro sitio web.<\/p><p>\u00a0<\/p><p>Art\u00edculo 13. Legislaci\u00f3n aplicable - Legislaci\u00f3n aplicable<\/p><p>\u00a0<\/p><p>Estas condiciones se rigen por la legislaci\u00f3n neerlandesa. El tribunal del distrito en el que el responsable del tratamiento tenga su domicilio social ser\u00e1 el \u00fanico competente en caso de que surja cualquier litigio relacionado con estas condiciones, salvo excepci\u00f3n legal.<\/p><p>\u00a0<\/p><p>Art\u00edculo 14 - Contacto<\/p><p>\u00a0<\/p><p>Para preguntas, informaci\u00f3n sobre productos o sobre el propio sitio web, p\u00f3ngase en contacto con Equipo APCON, <a href=\"mailto:info@apcon.nl\">info@apcon.nl<\/a><\/p><p>\u00a0<\/p><p>Esta declaraci\u00f3n de privacidad se aplica desde 2022 hasta nuevo aviso.<\/p><p>\u00a0<\/p>\t\t\t\t\t\t\t\t<\/div>\n\t\t\t\t<\/div>\n\t\t\t\t\t<\/div>\n\t\t<\/div>\n\t\t\t\t\t<\/div>\n\t\t<\/section>\n\t\t\t\t<\/div>","protected":false},"excerpt":{"rendered":"<p>Privacy Policy Privacy policy APCON respects the privacy of its visitors, in particular their rights regarding the automatic processing of personal data. We have therefore formulated and implemented a policy on complete transparency with our costumers regarding the processing of personal data, its purpose(s) and the possibilities to exercise your [&hellip;]<\/p>\n","protected":false},"author":1,"featured_media":0,"parent":0,"menu_order":0,"comment_status":"closed","ping_status":"open","template":"","meta":{"_glsr_average":0,"_glsr_ranking":0,"_glsr_reviews":0,"footnotes":""},"class_list":["post-16013","page","type-page","status-publish","hentry"],"_links":{"self":[{"href":"https:\/\/grape-picking.com\/es\/wp-json\/wp\/v2\/pages\/16013","targetHints":{"allow":["GET"]}}],"collection":[{"href":"https:\/\/grape-picking.com\/es\/wp-json\/wp\/v2\/pages"}],"about":[{"href":"https:\/\/grape-picking.com\/es\/wp-json\/wp\/v2\/types\/page"}],"author":[{"embeddable":true,"href":"https:\/\/grape-picking.com\/es\/wp-json\/wp\/v2\/users\/1"}],"replies":[{"embeddable":true,"href":"https:\/\/grape-picking.com\/es\/wp-json\/wp\/v2\/comments?post=16013"}],"version-history":[{"count":10,"href":"https:\/\/grape-picking.com\/es\/wp-json\/wp\/v2\/pages\/16013\/revisions"}],"predecessor-version":[{"id":19690,"href":"https:\/\/grape-picking.com\/es\/wp-json\/wp\/v2\/pages\/16013\/revisions\/19690"}],"wp:attachment":[{"href":"https:\/\/grape-picking.com\/es\/wp-json\/wp\/v2\/media?parent=16013"}],"curies":[{"name":"wp","href":"https:\/\/api.w.org\/{rel}","templated":true}]}}