{"id":19722,"date":"2022-06-20T18:00:10","date_gmt":"2022-06-20T18:00:10","guid":{"rendered":"https:\/\/grape-picking.com\/?page_id=19722"},"modified":"2022-06-20T18:09:27","modified_gmt":"2022-06-20T18:09:27","slug":"algemene-voorwaarden","status":"publish","type":"page","link":"https:\/\/grape-picking.com\/de\/algemene-voorwaarden\/","title":{"rendered":"Allgemeine Bedingungen und Konditionen"},"content":{"rendered":"<div data-elementor-type=\"wp-page\" data-elementor-id=\"19722\" class=\"elementor elementor-19722\" data-elementor-post-type=\"page\">\n\t\t\t\t\t\t<section class=\"elementor-section elementor-top-section elementor-element elementor-element-2cec084 elementor-section-boxed elementor-section-height-default elementor-section-height-default\" data-id=\"2cec084\" data-element_type=\"section\" data-e-type=\"section\">\n\t\t\t\t\t\t<div class=\"elementor-container elementor-column-gap-default\">\n\t\t\t\t\t<div class=\"elementor-column elementor-col-100 elementor-top-column elementor-element elementor-element-fbeeb53\" data-id=\"fbeeb53\" data-element_type=\"column\" data-e-type=\"column\">\n\t\t\t<div class=\"elementor-widget-wrap elementor-element-populated\">\n\t\t\t\t\t\t<div class=\"elementor-element elementor-element-6ca04d7 elementor-widget elementor-widget-heading\" data-id=\"6ca04d7\" data-element_type=\"widget\" data-e-type=\"widget\" data-widget_type=\"heading.default\">\n\t\t\t\t<div class=\"elementor-widget-container\">\n\t\t\t\t\t<h2 class=\"elementor-heading-title elementor-size-default\">F\u00fcgen Sie hier Ihre \u00dcberschrift ein<\/h2>\t\t\t\t<\/div>\n\t\t\t\t<\/div>\n\t\t\t\t\t<\/div>\n\t\t<\/div>\n\t\t\t\t\t<\/div>\n\t\t<\/section>\n\t\t\t\t<section class=\"elementor-section elementor-top-section elementor-element elementor-element-b574b84 elementor-section-boxed elementor-section-height-default elementor-section-height-default\" data-id=\"b574b84\" data-element_type=\"section\" data-e-type=\"section\">\n\t\t\t\t\t\t<div class=\"elementor-container elementor-column-gap-default\">\n\t\t\t\t\t<div class=\"elementor-column elementor-col-100 elementor-top-column elementor-element elementor-element-276623f\" data-id=\"276623f\" data-element_type=\"column\" data-e-type=\"column\">\n\t\t\t<div class=\"elementor-widget-wrap elementor-element-populated\">\n\t\t\t\t\t\t<div class=\"elementor-element elementor-element-ace8e9d elementor-widget elementor-widget-heading\" data-id=\"ace8e9d\" data-element_type=\"widget\" data-e-type=\"widget\" data-widget_type=\"heading.default\">\n\t\t\t\t<div class=\"elementor-widget-container\">\n\t\t\t\t\t<h2 class=\"elementor-heading-title elementor-size-default\">jfhjff<\/h2>\t\t\t\t<\/div>\n\t\t\t\t<\/div>\n\t\t\t\t\t<\/div>\n\t\t<\/div>\n\t\t\t\t\t<\/div>\n\t\t<\/section>\n\t\t\t\t<section class=\"elementor-section elementor-top-section elementor-element elementor-element-715481b elementor-section-boxed elementor-section-height-default elementor-section-height-default\" data-id=\"715481b\" data-element_type=\"section\" data-e-type=\"section\">\n\t\t\t\t\t\t<div class=\"elementor-container elementor-column-gap-default\">\n\t\t\t\t\t<div class=\"elementor-column elementor-col-100 elementor-top-column elementor-element elementor-element-d50f90d\" data-id=\"d50f90d\" data-element_type=\"column\" data-e-type=\"column\">\n\t\t\t<div class=\"elementor-widget-wrap elementor-element-populated\">\n\t\t\t\t\t\t<div class=\"elementor-element elementor-element-aa62836 elementor-widget elementor-widget-spacer\" data-id=\"aa62836\" data-element_type=\"widget\" data-e-type=\"widget\" data-widget_type=\"spacer.default\">\n\t\t\t\t<div class=\"elementor-widget-container\">\n\t\t\t\t\t\t\t<div class=\"elementor-spacer\">\n\t\t\t<div class=\"elementor-spacer-inner\"><\/div>\n\t\t<\/div>\n\t\t\t\t\t\t<\/div>\n\t\t\t\t<\/div>\n\t\t\t\t\t<\/div>\n\t\t<\/div>\n\t\t\t\t\t<\/div>\n\t\t<\/section>\n\t\t\t\t<section class=\"elementor-section elementor-top-section elementor-element elementor-element-22bc020 elementor-section-boxed elementor-section-height-default elementor-section-height-default\" data-id=\"22bc020\" data-element_type=\"section\" data-e-type=\"section\">\n\t\t\t\t\t\t<div class=\"elementor-container elementor-column-gap-default\">\n\t\t\t\t\t<div class=\"elementor-column elementor-col-100 elementor-top-column elementor-element elementor-element-23cf028\" data-id=\"23cf028\" data-element_type=\"column\" data-e-type=\"column\">\n\t\t\t<div class=\"elementor-widget-wrap elementor-element-populated\">\n\t\t\t\t\t\t<div class=\"elementor-element elementor-element-7cfa94b elementor-widget elementor-widget-heading\" data-id=\"7cfa94b\" data-element_type=\"widget\" data-e-type=\"widget\" data-widget_type=\"heading.default\">\n\t\t\t\t<div class=\"elementor-widget-container\">\n\t\t\t\t\t<h2 class=\"elementor-heading-title elementor-size-default\">Allgemeine Bedingungen und Konditionen<\/h2>\t\t\t\t<\/div>\n\t\t\t\t<\/div>\n\t\t\t\t\t<\/div>\n\t\t<\/div>\n\t\t\t\t\t<\/div>\n\t\t<\/section>\n\t\t\t\t<section class=\"elementor-section elementor-top-section elementor-element elementor-element-ce0adca elementor-section-boxed elementor-section-height-default elementor-section-height-default\" data-id=\"ce0adca\" data-element_type=\"section\" data-e-type=\"section\" data-settings=\"{&quot;background_background&quot;:&quot;classic&quot;}\">\n\t\t\t\t\t\t<div class=\"elementor-container elementor-column-gap-default\">\n\t\t\t\t\t<div class=\"elementor-column elementor-col-100 elementor-top-column elementor-element elementor-element-1752394\" data-id=\"1752394\" data-element_type=\"column\" data-e-type=\"column\">\n\t\t\t<div class=\"elementor-widget-wrap elementor-element-populated\">\n\t\t\t\t\t\t<div class=\"elementor-element elementor-element-babc99d elementor-widget elementor-widget-text-editor\" data-id=\"babc99d\" data-element_type=\"widget\" data-e-type=\"widget\" data-widget_type=\"text-editor.default\">\n\t\t\t\t<div class=\"elementor-widget-container\">\n\t\t\t\t\t\t\t\t\t<p><br \/>Auf dieser Seite finden Sie die allgemeinen Gesch\u00e4ftsbedingungen von APCON. In diesen allgemeinen<br \/>Bedingungen, geben wir die Bedingungen an, unter denen wir die Informationen auf unserer Website bereitstellen.<br \/>Website f\u00fcr Sie.<\/p><p><br \/><strong>Geistiges Eigentum<\/strong><\/p><p><br \/>Die Nutzung der Informationen auf dieser Website ist kostenlos, solange Sie nicht<br \/>zu kopieren, zu verbreiten oder anderweitig zu nutzen oder zu missbrauchen. Sie d\u00fcrfen nicht verwenden die<br \/>Wiederverwendung von Informationen auf dieser Website nur in \u00dcbereinstimmung mit den Bestimmungen der<br \/>zwingendes Recht.<br \/>Ohne die ausdr\u00fcckliche schriftliche Zustimmung von,<br \/>die Wiederverwendung von fotografischem oder anderem Material auf dieser Website. Die<br \/>das geistige Eigentum geh\u00f6rt der .<\/p><p><br \/><strong>Falls zutreffend:<\/strong><\/p><p><br \/>F\u00fcr die auf unserer Website angegebenen Preise bem\u00fchen wir uns, so g\u00fcnstig wie m\u00f6glich zu sein.<br \/>sorgf\u00e4ltige Darstellung der Realit\u00e4t und der beabsichtigten Preise. Irrt\u00fcmer, die<br \/>die sich daraus ergeben und als Programmier- oder Tippfehler zu erkennen sind, stellen<br \/>nie ein Grund, sich auf einen Vertrag oder eine Vereinbarung mit<br \/>oder zu vermuten.<br \/>\u00a0ist bestrebt, seine Website so aktuell wie m\u00f6glich zu halten. Sollten trotz dieser Bem\u00fchungen<br \/>die Informationen oder der Inhalt auf unvollst\u00e4ndig und oder falsch sind, k\u00f6nnen wir<br \/>\u00fcbernehmen daf\u00fcr keine Haftung.<br \/>Die Informationen und\/oder Produkte auf dieser Website werden ohne jegliche Gew\u00e4hr angeboten.<br \/>Form der Gew\u00e4hrleistung und des Anspruchs auf Richtigkeit. Wir behalten uns das Recht vor<br \/>zu \u00e4ndern, zu entfernen oder neu zu ver\u00f6ffentlichen, ohne<br \/>\u00fcbernimmt keine Haftung f\u00fcr die Informationen, die sie erh\u00e4lt.<br \/>die auf Websites enthalten sind, auf die wir \u00fcber Hyperlinks verweisen.<\/p><p><br \/><strong>\u00c4nderungen<\/strong><\/p><p>Sollten sich diese Bedingungen \u00e4ndern, so finden Sie die neueste Version<br \/>des Haftungsausschlusses auf dieser Seite.<\/p>\t\t\t\t\t\t\t\t<\/div>\n\t\t\t\t<\/div>\n\t\t\t\t\t<\/div>\n\t\t<\/div>\n\t\t\t\t\t<\/div>\n\t\t<\/section>\n\t\t\t\t<\/div>","protected":false},"excerpt":{"rendered":"<p>Voeg je header hier toe jfhjff Algemene Voorwaarden Op deze pagina vindt u de algemene voorwaarden van\u00a0APCON. In deze algemenevoorwaarden geven wij aan onder welk voorbehoud wij de informatie op onzewebsite aan u aanbieden. Intellectueel eigendom Het gebruik van de informatie op deze website is gratis zolang u deze informatie [&hellip;]<\/p>\n","protected":false},"author":1,"featured_media":0,"parent":0,"menu_order":0,"comment_status":"closed","ping_status":"closed","template":"","meta":{"_glsr_average":0,"_glsr_ranking":0,"_glsr_reviews":0,"footnotes":""},"class_list":["post-19722","page","type-page","status-publish","hentry"],"_links":{"self":[{"href":"https:\/\/grape-picking.com\/de\/wp-json\/wp\/v2\/pages\/19722","targetHints":{"allow":["GET"]}}],"collection":[{"href":"https:\/\/grape-picking.com\/de\/wp-json\/wp\/v2\/pages"}],"about":[{"href":"https:\/\/grape-picking.com\/de\/wp-json\/wp\/v2\/types\/page"}],"author":[{"embeddable":true,"href":"https:\/\/grape-picking.com\/de\/wp-json\/wp\/v2\/users\/1"}],"replies":[{"embeddable":true,"href":"https:\/\/grape-picking.com\/de\/wp-json\/wp\/v2\/comments?post=19722"}],"version-history":[{"count":4,"href":"https:\/\/grape-picking.com\/de\/wp-json\/wp\/v2\/pages\/19722\/revisions"}],"predecessor-version":[{"id":19726,"href":"https:\/\/grape-picking.com\/de\/wp-json\/wp\/v2\/pages\/19722\/revisions\/19726"}],"wp:attachment":[{"href":"https:\/\/grape-picking.com\/de\/wp-json\/wp\/v2\/media?parent=19722"}],"curies":[{"name":"wp","href":"https:\/\/api.w.org\/{rel}","templated":true}]}}