{"id":16013,"date":"2020-07-26T14:32:39","date_gmt":"2020-07-26T14:32:39","guid":{"rendered":"http:\/\/www.dipjeweg.nl\/?page_id=3"},"modified":"2022-06-07T20:44:37","modified_gmt":"2022-06-07T20:44:37","slug":"privacypolicy","status":"publish","type":"page","link":"https:\/\/grape-picking.com\/de\/privacypolicy\/","title":{"rendered":"Datenschutzrichtlinie"},"content":{"rendered":"<div data-elementor-type=\"wp-page\" data-elementor-id=\"16013\" class=\"elementor elementor-16013\" data-elementor-post-type=\"page\">\n\t\t\t\t\t\t<section class=\"elementor-section elementor-top-section elementor-element elementor-element-6dbb9d88 elementor-section-boxed elementor-section-height-default elementor-section-height-default\" data-id=\"6dbb9d88\" data-element_type=\"section\" data-e-type=\"section\">\n\t\t\t\t\t\t<div class=\"elementor-container elementor-column-gap-default\">\n\t\t\t\t\t<div class=\"elementor-column elementor-col-100 elementor-top-column elementor-element elementor-element-3c00ffa6\" data-id=\"3c00ffa6\" data-element_type=\"column\" data-e-type=\"column\">\n\t\t\t<div class=\"elementor-widget-wrap elementor-element-populated\">\n\t\t\t\t\t\t\t<\/div>\n\t\t<\/div>\n\t\t\t\t\t<\/div>\n\t\t<\/section>\n\t\t\t\t<section class=\"elementor-section elementor-top-section elementor-element elementor-element-08db7c9 elementor-section-boxed elementor-section-height-default elementor-section-height-default\" data-id=\"08db7c9\" data-element_type=\"section\" data-e-type=\"section\">\n\t\t\t\t\t\t<div class=\"elementor-container elementor-column-gap-default\">\n\t\t\t\t\t<div class=\"elementor-column elementor-col-100 elementor-top-column elementor-element elementor-element-dc99fe9\" data-id=\"dc99fe9\" data-element_type=\"column\" data-e-type=\"column\">\n\t\t\t<div class=\"elementor-widget-wrap elementor-element-populated\">\n\t\t\t\t\t\t<div class=\"elementor-element elementor-element-c8582a3 elementor-widget elementor-widget-heading\" data-id=\"c8582a3\" data-element_type=\"widget\" data-e-type=\"widget\" data-widget_type=\"heading.default\">\n\t\t\t\t<div class=\"elementor-widget-container\">\n\t\t\t\t\t<h2 class=\"elementor-heading-title elementor-size-default\">Datenschutzbestimmungen<\/h2>\t\t\t\t<\/div>\n\t\t\t\t<\/div>\n\t\t\t\t\t<\/div>\n\t\t<\/div>\n\t\t\t\t\t<\/div>\n\t\t<\/section>\n\t\t\t\t<section class=\"elementor-section elementor-top-section elementor-element elementor-element-e03159e elementor-section-boxed elementor-section-height-default elementor-section-height-default\" data-id=\"e03159e\" data-element_type=\"section\" data-e-type=\"section\">\n\t\t\t\t\t\t<div class=\"elementor-container elementor-column-gap-default\">\n\t\t\t\t\t<div class=\"elementor-column elementor-col-100 elementor-top-column elementor-element elementor-element-bebc9df\" data-id=\"bebc9df\" data-element_type=\"column\" data-e-type=\"column\">\n\t\t\t<div class=\"elementor-widget-wrap\">\n\t\t\t\t\t\t\t<\/div>\n\t\t<\/div>\n\t\t\t\t\t<\/div>\n\t\t<\/section>\n\t\t\t\t<section class=\"elementor-section elementor-top-section elementor-element elementor-element-35122bd1 elementor-section-full_width elementor-section-height-min-height elementor-section-height-default elementor-section-items-middle\" data-id=\"35122bd1\" data-element_type=\"section\" data-e-type=\"section\" data-settings=\"{&quot;background_background&quot;:&quot;classic&quot;}\">\n\t\t\t\t\t\t\t<div class=\"elementor-background-overlay\"><\/div>\n\t\t\t\t\t\t\t<div class=\"elementor-container elementor-column-gap-default\">\n\t\t\t\t\t<div class=\"elementor-column elementor-col-33 elementor-top-column elementor-element elementor-element-5b38e396\" data-id=\"5b38e396\" data-element_type=\"column\" data-e-type=\"column\">\n\t\t\t<div class=\"elementor-widget-wrap\">\n\t\t\t\t\t\t\t<\/div>\n\t\t<\/div>\n\t\t\t\t<div class=\"elementor-column elementor-col-33 elementor-top-column elementor-element elementor-element-20aa2c63\" data-id=\"20aa2c63\" data-element_type=\"column\" data-e-type=\"column\">\n\t\t\t<div class=\"elementor-widget-wrap elementor-element-populated\">\n\t\t\t\t\t\t<div class=\"elementor-element elementor-element-381609f1 elementor-widget elementor-widget-heading\" data-id=\"381609f1\" data-element_type=\"widget\" data-e-type=\"widget\" data-widget_type=\"heading.default\">\n\t\t\t\t<div class=\"elementor-widget-container\">\n\t\t\t\t\t<h2 class=\"elementor-heading-title elementor-size-default\">Datenschutzbestimmungen<\/h2>\t\t\t\t<\/div>\n\t\t\t\t<\/div>\n\t\t\t\t\t<\/div>\n\t\t<\/div>\n\t\t\t\t<div class=\"elementor-column elementor-col-33 elementor-top-column elementor-element elementor-element-165af53e\" data-id=\"165af53e\" data-element_type=\"column\" data-e-type=\"column\">\n\t\t\t<div class=\"elementor-widget-wrap\">\n\t\t\t\t\t\t\t<\/div>\n\t\t<\/div>\n\t\t\t\t\t<\/div>\n\t\t<\/section>\n\t\t\t\t<section class=\"elementor-section elementor-top-section elementor-element elementor-element-eef85e6 elementor-section-boxed elementor-section-height-default elementor-section-height-default\" data-id=\"eef85e6\" data-element_type=\"section\" data-e-type=\"section\" data-settings=\"{&quot;background_background&quot;:&quot;classic&quot;}\">\n\t\t\t\t\t\t<div class=\"elementor-container elementor-column-gap-default\">\n\t\t\t\t\t<div class=\"elementor-column elementor-col-100 elementor-top-column elementor-element elementor-element-352d98c\" data-id=\"352d98c\" data-element_type=\"column\" data-e-type=\"column\">\n\t\t\t<div class=\"elementor-widget-wrap elementor-element-populated\">\n\t\t\t\t\t\t<div class=\"elementor-element elementor-element-7c36d67 elementor-widget elementor-widget-spacer\" data-id=\"7c36d67\" data-element_type=\"widget\" data-e-type=\"widget\" data-widget_type=\"spacer.default\">\n\t\t\t\t<div class=\"elementor-widget-container\">\n\t\t\t\t\t\t\t<div class=\"elementor-spacer\">\n\t\t\t<div class=\"elementor-spacer-inner\"><\/div>\n\t\t<\/div>\n\t\t\t\t\t\t<\/div>\n\t\t\t\t<\/div>\n\t\t\t\t\t<\/div>\n\t\t<\/div>\n\t\t\t\t\t<\/div>\n\t\t<\/section>\n\t\t\t\t<section class=\"elementor-section elementor-top-section elementor-element elementor-element-d1ed651 elementor-section-boxed elementor-section-height-default elementor-section-height-default\" data-id=\"d1ed651\" data-element_type=\"section\" data-e-type=\"section\" data-settings=\"{&quot;background_background&quot;:&quot;classic&quot;}\">\n\t\t\t\t\t\t<div class=\"elementor-container elementor-column-gap-default\">\n\t\t\t\t\t<div class=\"elementor-column elementor-col-100 elementor-top-column elementor-element elementor-element-09c500f elementor-hidden-mobile\" data-id=\"09c500f\" data-element_type=\"column\" data-e-type=\"column\">\n\t\t\t<div class=\"elementor-widget-wrap elementor-element-populated\">\n\t\t\t\t\t\t<div class=\"elementor-element elementor-element-ae2f7e1 elementor-hidden-mobile elementor-widget elementor-widget-text-editor\" data-id=\"ae2f7e1\" data-element_type=\"widget\" data-e-type=\"widget\" data-widget_type=\"text-editor.default\">\n\t\t\t\t<div class=\"elementor-widget-container\">\n\t\t\t\t\t\t\t\t\t<p><span style=\"color: var( --e-global-color-text ); font-family: var( --e-global-typography-text-font-family ), Sans-serif; font-weight: var( --e-global-typography-text-font-weight );\">APCON respektiert die Privatsph\u00e4re seiner Besucher, insbesondere deren Rechte in Bezug auf die automatische Verarbeitung personenbezogener Daten. Wir haben daher eine Politik der vollst\u00e4ndigen Transparenz gegen\u00fcber unseren Kunden in Bezug auf die Verarbeitung personenbezogener Daten, deren Zweck(e) und die M\u00f6glichkeiten zur bestm\u00f6glichen Aus\u00fcbung ihrer gesetzlichen Rechte formuliert und umgesetzt.<\/span><\/p><p>\u00a0<\/p><p>Wenn Sie weitere Informationen \u00fcber den Schutz personenbezogener Daten w\u00fcnschen, besuchen Sie bitte die Website der niederl\u00e4ndischen Datenschutzbeh\u00f6rde (Autoriteit Persoonsgegevens) <a href=\"https:\/\/autoriteitpersoonsgegevens.nl\/nl\">https:\/\/autoriteitpersoonsgegevens.nl\/nl<\/a><\/p><p>\u00a0<\/p><p>Solange Sie die Verwendung von Cookies und anderen Tracking-Ger\u00e4ten nicht akzeptieren, werden wir keine nicht-anonymisierten analytischen Cookies und\/oder Tracking-Cookies auf Ihrem Computer, Mobiltelefon oder Tablet platzieren.<\/p><p>Mit dem weiteren Besuch dieser Website akzeptieren Sie diese Nutzungsbedingungen und stimmen der Verwendung von Cookies und anderen Tracking-Systemen zu, es sei denn, wir haben auf unserer Website eine andere Methode zur Annahme von Cookies vorgesehen.<\/p><p>\u00a0<\/p><p>Die aktuell verf\u00fcgbare Version dieses Datenschutzes ist die einzige Version, die beim Besuch unserer Website gilt, bis eine neue Version die aktuelle Version ersetzt.<\/p><p>\u00a0<\/p><p>Artikel 1 - Begriffsbestimmungen<\/p><p>\u00a0<\/p><ol><li>Website Weinlese.com<\/li><\/ol><ol start=\"2\"><li>Verantwortlicher f\u00fcr die Verarbeitung personenbezogener Daten: APCON, mit Sitz in der Neutronstraat 10, 9743AM Groningen, Niederlande, Handelskammernummer: 7737952.<\/li><\/ol><p>Artikel 2 - Zugang zur Website<\/p><p>\u00a0<\/p><p>Der Zugang zu und die Nutzung der Website sind rein pers\u00f6nlich. Sie unterlassen es, die Daten und Informationen dieser Website f\u00fcr eigene kommerzielle, politische oder werbliche Zwecke sowie f\u00fcr kommerzielle Angebote, insbesondere unaufgeforderte elektronische Angebote, zu nutzen.<\/p><p>\u00a0<\/p><p>Artikel 3 - Inhalt der Website<\/p><p>\u00a0<\/p><p>Alle Marken, Bilder, Texte, Kommentare, Illustrationen (animierte) Bilder, Videobilder, T\u00f6ne und alle technischen Anwendungen, die f\u00fcr den Betrieb dieser Website verwendet werden k\u00f6nnen, sowie generell alle auf dieser Website verwendeten Komponenten sind durch Gesetze zum Schutz des geistigen Eigentums gesch\u00fctzt. Jegliche Vervielf\u00e4ltigung, Wiederholung, Nutzung oder \u00c4nderung, gleich mit welchen Mitteln, der Gesamtheit oder eines Teils davon, einschlie\u00dflich der technischen Anwendungen, ist ohne vorherige schriftliche Genehmigung des f\u00fcr die Verarbeitung Verantwortlichen strengstens untersagt. Die Tatsache, dass der f\u00fcr die Verarbeitung Verantwortliche keine unmittelbaren Ma\u00dfnahmen gegen Verst\u00f6\u00dfe ergreift, kann weder als stillschweigende Zustimmung noch als Verzicht auf die Verfolgung des Rechtsverletzers angesehen werden.<\/p><p>Artikel 4 - Verwaltung der Website<\/p><p>\u00a0<\/p><p>Zum Zweck der ordnungsgem\u00e4\u00dfen Verwaltung der Website kann der f\u00fcr die Verarbeitung Verantwortliche jederzeit:<\/p><p>\u00a0<\/p><ul><li>den Zugang zur Website f\u00fcr eine bestimmte Kategorie von Besuchern auszusetzen, zu unterbrechen, einzuschr\u00e4nken oder zu verweigern.<\/li><li>L\u00f6schen Sie alle Informationen, die das Funktionieren der Website st\u00f6ren k\u00f6nnten oder gegen nationale oder internationale Gesetze oder die Internet-Etikette versto\u00dfen.<\/li><li>Machen Sie die Website vor\u00fcbergehend nicht verf\u00fcgbar, um Aktualisierungen durchzuf\u00fchren.<\/li><\/ul><p>Artikel 5 - Zust\u00e4ndigkeiten<\/p><p>\u00a0<\/p><ol><li>Der f\u00fcr die Verarbeitung Verantwortliche haftet nicht f\u00fcr Ausf\u00e4lle, St\u00f6rungen, Schwierigkeiten oder Unterbrechungen in der Funktionsweise der Website, die die (vor\u00fcbergehende) Unzug\u00e4nglichkeit der Website oder einer ihrer Funktionen verursachen. Sie selbst sind f\u00fcr die Art und Weise, wie Sie eine Verbindung zu unserer Website herstellen, verantwortlich. Sie m\u00fcssen alle geeigneten Ma\u00dfnahmen ergreifen, um Ihre Ger\u00e4te und Daten vor Gefahren wie Virenangriffen im Internet zu sch\u00fctzen. Au\u00dferdem sind Sie daf\u00fcr verantwortlich, welche Websites Sie besuchen und welche Informationen Sie suchen.<\/li><li>Der f\u00fcr die Verarbeitung Verantwortliche haftet nicht f\u00fcr rechtliche Schritte, die gegen Sie eingeleitet werden:<\/li><\/ol><ul><li>aufgrund der Nutzung der Website oder der \u00fcber das Internet zug\u00e4nglichen Dienste<\/li><li>f\u00fcr die Verletzung der Bestimmungen dieser Datenschutzrichtlinie<\/li><\/ul><ol start=\"3\"><li>Der f\u00fcr die Verarbeitung Verantwortliche haftet nicht f\u00fcr Sch\u00e4den, die Ihnen oder Dritten oder Ihrer Ausr\u00fcstung infolge Ihrer Verbindung mit der Website oder deren Nutzung entstehen, und Sie verzichten auf jegliche weitere (rechtliche) Schritte gegen den f\u00fcr die Verarbeitung Verantwortlichen.<\/li><li>Wenn der f\u00fcr die Verarbeitung Verantwortliche in einen Rechtsstreit aufgrund Ihrer (missbr\u00e4uchlichen) Nutzung dieser Website verwickelt wird, hat er das Recht, alle nachfolgenden Sch\u00e4den von Ihnen (zur\u00fcck)zuverlangen.<\/li><\/ol><p>Artikel 6 - Erhebung von Daten<\/p><p>\u00a0<\/p><ol><li>Ihre pers\u00f6nlichen Daten werden von APCON erfasst.<\/li><li>Personenbezogene Daten sind alle Informationen, die sich auf eine identifizierbare nat\u00fcrliche Person beziehen.<\/li><li>Als identifizierbar wird eine nat\u00fcrliche Person angesehen, die direkt oder indirekt identifiziert werden kann, insbesondere durch Zuordnung zu einer Kennung wie einem Namen, zu einer Kennnummer, zu Standortdaten, zu einer Online-Kennung oder zu einem oder mehreren besonderen Merkmalen, die Ausdruck der physischen, physiologischen, genetischen, psychischen, wirtschaftlichen, kulturellen oder sozialen Identit\u00e4t dieser nat\u00fcrlichen Person sind.<\/li><li>Die auf der Website erhobenen personenbezogenen Daten werden von dem f\u00fcr die Verarbeitung Verantwortlichen haupts\u00e4chlich dazu verwendet, eine Beziehung zu Ihnen und den Landwirten zu unterhalten, um Ihre Reise zu bearbeiten. Sie werden in einem (elektronischen) Register erfasst.<\/li><\/ol><p>Artikel 7 - Ihre Rechte in Bezug auf Informationen<\/p><p>\u00a0<\/p><ol><li>Gem\u00e4\u00df Artikel 13 Absatz 2 Buchstabe b DSGVO hat jede betroffene Person das Recht auf Auskunft, Berichtigung, L\u00f6schung und Einschr\u00e4nkung der Verarbeitung ihrer personenbezogenen Daten sowie das Recht, Widerspruch gegen die Verarbeitung einzulegen und das Recht auf Daten\u00fcbertragbarkeit.<\/li><li>Sie k\u00f6nnen diese Rechte aus\u00fcben, indem Sie sich mit uns in Verbindung setzen <a href=\"mailto:info@apcon.nl\">info@apcon.nl<\/a><\/li><li>Jedem Antrag muss eine Kopie eines g\u00fcltigen Ausweises beigef\u00fcgt werden, auf dem Sie Ihre Unterschrift leisten und die Adresse angeben, unter der wir Sie erreichen k\u00f6nnen.<\/li><li>Innerhalb eines Monats nach Einreichung des Antrags erhalten Sie von uns eine Antwort.<\/li><li>Je nach Komplexit\u00e4t und Anzahl der Anfragen kann diese Frist auf zwei Monate verl\u00e4ngert werden.<\/li><\/ol><p>Artikel 8 - Rechtliche Verpflichtungen<\/p><p>\u00a0<\/p><ol><li>Im Falle eines Versto\u00dfes gegen ein Gesetz oder eine Verordnung, dessen ein Besucher verd\u00e4chtigt wird und f\u00fcr den die Beh\u00f6rden die vom f\u00fcr die Verarbeitung Verantwortlichen gesammelten personenbezogenen Daten ben\u00f6tigen, werden diese nach einer ausdr\u00fccklichen und begr\u00fcndeten Aufforderung dieser Beh\u00f6rden zur Verf\u00fcgung gestellt, wonach diese personenbezogenen Daten nicht mehr unter den Schutz der Bestimmungen dieser Datenschutzerkl\u00e4rung fallen.<\/li><li>Wenn Informationen erforderlich sind, um Zugang zu bestimmten Funktionen der Website zu erhalten, wird der f\u00fcr die Verarbeitung Verantwortliche bei der Anforderung dieser Daten darauf hinweisen, dass diese Informationen obligatorisch sind.<\/li><\/ol><p>Artikel 9 - Gesammelte Daten und kommerzielle Angebote<\/p><p>\u00a0<\/p><ol><li>Sie k\u00f6nnen von dem f\u00fcr die Verarbeitung Verantwortlichen kommerzielle Angebote erhalten. Wenn Sie diese nicht (mehr) erhalten m\u00f6chten, senden Sie uns bitte eine E-Mail an die folgende Adresse: <a href=\"mailto:info@apcon.nl\">info@apcon.nl<\/a><\/li><li>Ihre pers\u00f6nlichen Daten werden von unseren Partnern nicht zu kommerziellen Zwecken verwendet.<\/li><li>Wenn Sie beim Besuch unserer Website auf personenbezogene Daten anderer Personen sto\u00dfen, m\u00fcssen Sie von der Erhebung, der unbefugten Nutzung oder jeder anderen Handlung absehen, die eine Verletzung der Privatsph\u00e4re der betroffenen Person(en) darstellt. Der f\u00fcr die Verarbeitung Verantwortliche ist unter diesen Umst\u00e4nden nicht verantwortlich.<\/li><\/ol><p>Artikel 10 - Datenspeicherung<\/p><p>\u00a0<\/p><p>\u00a0\u00a0\u00a0\u00a0\u00a0\u00a0\u00a0\u00a0\u00a0\u00a0\u00a0 Die erhobenen Daten werden f\u00fcr die gesetzlich festgelegte Dauer verwendet und aufbewahrt.<\/p><p>\u00a0<\/p><p>Artikel 11 - Cookies<\/p><p>\u00a0<\/p><ol><li>Wenn Sie unsere Website besuchen, k\u00f6nnen Cookies vom f\u00fcr die Verarbeitung Verantwortlichen und\/oder von Dritten auf Ihrem Ger\u00e4t installiert werden.<\/li><li>Weitere Informationen \u00fcber die Verwendung, Verwaltung und L\u00f6schung von Cookies f\u00fcr jedes elektronische Ger\u00e4t finden Sie unter folgendem Link: <a href=\"https:\/\/autoriteitpersoonsgegevens.nl\/nl\/onderwerpen\/internet-telefoon-tv-en-post\/cookies#faq\">https:\/\/autoriteitpersoonsgegevens.nl\/nl\/onderwerpen\/internet-telefoon-tv-en-post\/cookies#faq<\/a><\/li><\/ol><p>Artikel 12 - Bildmaterial und angebotene Erzeugnisse<\/p><p>\u00a0<\/p><p>Sie k\u00f6nnen aus den Bildern, die ein auf unserer Website angebotenes Produkt begleiten, keinerlei Rechte ableiten.<\/p><p>\u00a0<\/p><p>Artikel 13. - Anwendbares Recht<\/p><p>\u00a0<\/p><p>Diese Bedingungen unterliegen dem niederl\u00e4ndischen Recht. Das Gericht in dem Bezirk, in dem der f\u00fcr die Verarbeitung Verantwortliche seinen Gesch\u00e4ftssitz hat, ist der alleinige Gerichtsstand f\u00fcr alle Streitigkeiten in Bezug auf diese Bedingungen, es sei denn, es gilt eine gesetzliche Ausnahme.<\/p><p>\u00a0<\/p><p>Artikel 14 - Kontakt<\/p><p>\u00a0<\/p><p>F\u00fcr Fragen, Produktinformationen oder Informationen \u00fcber die Website selbst, wenden Sie sich bitte an: Team APCON, <a href=\"mailto:info@apcon.nl\">info@apcon.nl<\/a><\/p><p>\u00a0<\/p><p>Diese Datenschutzerkl\u00e4rung gilt seit 2022 bis auf Weiteres.<\/p><p>\u00a0<\/p>\t\t\t\t\t\t\t\t<\/div>\n\t\t\t\t<\/div>\n\t\t\t\t\t<\/div>\n\t\t<\/div>\n\t\t\t\t\t<\/div>\n\t\t<\/section>\n\t\t\t\t<\/div>","protected":false},"excerpt":{"rendered":"<p>Privacy Policy Privacy policy APCON respects the privacy of its visitors, in particular their rights regarding the automatic processing of personal data. We have therefore formulated and implemented a policy on complete transparency with our costumers regarding the processing of personal data, its purpose(s) and the possibilities to exercise your [&hellip;]<\/p>\n","protected":false},"author":1,"featured_media":0,"parent":0,"menu_order":0,"comment_status":"closed","ping_status":"open","template":"","meta":{"_glsr_average":0,"_glsr_ranking":0,"_glsr_reviews":0,"footnotes":""},"class_list":["post-16013","page","type-page","status-publish","hentry"],"_links":{"self":[{"href":"https:\/\/grape-picking.com\/de\/wp-json\/wp\/v2\/pages\/16013","targetHints":{"allow":["GET"]}}],"collection":[{"href":"https:\/\/grape-picking.com\/de\/wp-json\/wp\/v2\/pages"}],"about":[{"href":"https:\/\/grape-picking.com\/de\/wp-json\/wp\/v2\/types\/page"}],"author":[{"embeddable":true,"href":"https:\/\/grape-picking.com\/de\/wp-json\/wp\/v2\/users\/1"}],"replies":[{"embeddable":true,"href":"https:\/\/grape-picking.com\/de\/wp-json\/wp\/v2\/comments?post=16013"}],"version-history":[{"count":10,"href":"https:\/\/grape-picking.com\/de\/wp-json\/wp\/v2\/pages\/16013\/revisions"}],"predecessor-version":[{"id":19690,"href":"https:\/\/grape-picking.com\/de\/wp-json\/wp\/v2\/pages\/16013\/revisions\/19690"}],"wp:attachment":[{"href":"https:\/\/grape-picking.com\/de\/wp-json\/wp\/v2\/media?parent=16013"}],"curies":[{"name":"wp","href":"https:\/\/api.w.org\/{rel}","templated":true}]}}