{"id":16013,"date":"2020-07-26T14:32:39","date_gmt":"2020-07-26T14:32:39","guid":{"rendered":"http:\/\/www.dipjeweg.nl\/?page_id=3"},"modified":"2022-06-07T20:44:37","modified_gmt":"2022-06-07T20:44:37","slug":"privacypolicy","status":"publish","type":"page","link":"https:\/\/grape-picking.com\/da\/privacypolicy\/","title":{"rendered":"Privacybeleid"},"content":{"rendered":"<div data-elementor-type=\"wp-page\" data-elementor-id=\"16013\" class=\"elementor elementor-16013\" data-elementor-post-type=\"page\">\n\t\t\t\t\t\t<section class=\"elementor-section elementor-top-section elementor-element elementor-element-6dbb9d88 elementor-section-boxed elementor-section-height-default elementor-section-height-default\" data-id=\"6dbb9d88\" data-element_type=\"section\" data-e-type=\"section\">\n\t\t\t\t\t\t<div class=\"elementor-container elementor-column-gap-default\">\n\t\t\t\t\t<div class=\"elementor-column elementor-col-100 elementor-top-column elementor-element elementor-element-3c00ffa6\" data-id=\"3c00ffa6\" data-element_type=\"column\" data-e-type=\"column\">\n\t\t\t<div class=\"elementor-widget-wrap elementor-element-populated\">\n\t\t\t\t\t\t\t<\/div>\n\t\t<\/div>\n\t\t\t\t\t<\/div>\n\t\t<\/section>\n\t\t\t\t<section class=\"elementor-section elementor-top-section elementor-element elementor-element-08db7c9 elementor-section-boxed elementor-section-height-default elementor-section-height-default\" data-id=\"08db7c9\" data-element_type=\"section\" data-e-type=\"section\">\n\t\t\t\t\t\t<div class=\"elementor-container elementor-column-gap-default\">\n\t\t\t\t\t<div class=\"elementor-column elementor-col-100 elementor-top-column elementor-element elementor-element-dc99fe9\" data-id=\"dc99fe9\" data-element_type=\"column\" data-e-type=\"column\">\n\t\t\t<div class=\"elementor-widget-wrap elementor-element-populated\">\n\t\t\t\t\t\t<div class=\"elementor-element elementor-element-c8582a3 elementor-widget elementor-widget-heading\" data-id=\"c8582a3\" data-element_type=\"widget\" data-e-type=\"widget\" data-widget_type=\"heading.default\">\n\t\t\t\t<div class=\"elementor-widget-container\">\n\t\t\t\t\t<h2 class=\"elementor-heading-title elementor-size-default\">Fortrolighedspolitik<\/h2>\t\t\t\t<\/div>\n\t\t\t\t<\/div>\n\t\t\t\t\t<\/div>\n\t\t<\/div>\n\t\t\t\t\t<\/div>\n\t\t<\/section>\n\t\t\t\t<section class=\"elementor-section elementor-top-section elementor-element elementor-element-e03159e elementor-section-boxed elementor-section-height-default elementor-section-height-default\" data-id=\"e03159e\" data-element_type=\"section\" data-e-type=\"section\">\n\t\t\t\t\t\t<div class=\"elementor-container elementor-column-gap-default\">\n\t\t\t\t\t<div class=\"elementor-column elementor-col-100 elementor-top-column elementor-element elementor-element-bebc9df\" data-id=\"bebc9df\" data-element_type=\"column\" data-e-type=\"column\">\n\t\t\t<div class=\"elementor-widget-wrap\">\n\t\t\t\t\t\t\t<\/div>\n\t\t<\/div>\n\t\t\t\t\t<\/div>\n\t\t<\/section>\n\t\t\t\t<section class=\"elementor-section elementor-top-section elementor-element elementor-element-35122bd1 elementor-section-full_width elementor-section-height-min-height elementor-section-height-default elementor-section-items-middle\" data-id=\"35122bd1\" data-element_type=\"section\" data-e-type=\"section\" data-settings=\"{&quot;background_background&quot;:&quot;classic&quot;}\">\n\t\t\t\t\t\t\t<div class=\"elementor-background-overlay\"><\/div>\n\t\t\t\t\t\t\t<div class=\"elementor-container elementor-column-gap-default\">\n\t\t\t\t\t<div class=\"elementor-column elementor-col-33 elementor-top-column elementor-element elementor-element-5b38e396\" data-id=\"5b38e396\" data-element_type=\"column\" data-e-type=\"column\">\n\t\t\t<div class=\"elementor-widget-wrap\">\n\t\t\t\t\t\t\t<\/div>\n\t\t<\/div>\n\t\t\t\t<div class=\"elementor-column elementor-col-33 elementor-top-column elementor-element elementor-element-20aa2c63\" data-id=\"20aa2c63\" data-element_type=\"column\" data-e-type=\"column\">\n\t\t\t<div class=\"elementor-widget-wrap elementor-element-populated\">\n\t\t\t\t\t\t<div class=\"elementor-element elementor-element-381609f1 elementor-widget elementor-widget-heading\" data-id=\"381609f1\" data-element_type=\"widget\" data-e-type=\"widget\" data-widget_type=\"heading.default\">\n\t\t\t\t<div class=\"elementor-widget-container\">\n\t\t\t\t\t<h2 class=\"elementor-heading-title elementor-size-default\">Fortrolighedspolitik<\/h2>\t\t\t\t<\/div>\n\t\t\t\t<\/div>\n\t\t\t\t\t<\/div>\n\t\t<\/div>\n\t\t\t\t<div class=\"elementor-column elementor-col-33 elementor-top-column elementor-element elementor-element-165af53e\" data-id=\"165af53e\" data-element_type=\"column\" data-e-type=\"column\">\n\t\t\t<div class=\"elementor-widget-wrap\">\n\t\t\t\t\t\t\t<\/div>\n\t\t<\/div>\n\t\t\t\t\t<\/div>\n\t\t<\/section>\n\t\t\t\t<section class=\"elementor-section elementor-top-section elementor-element elementor-element-eef85e6 elementor-section-boxed elementor-section-height-default elementor-section-height-default\" data-id=\"eef85e6\" data-element_type=\"section\" data-e-type=\"section\" data-settings=\"{&quot;background_background&quot;:&quot;classic&quot;}\">\n\t\t\t\t\t\t<div class=\"elementor-container elementor-column-gap-default\">\n\t\t\t\t\t<div class=\"elementor-column elementor-col-100 elementor-top-column elementor-element elementor-element-352d98c\" data-id=\"352d98c\" data-element_type=\"column\" data-e-type=\"column\">\n\t\t\t<div class=\"elementor-widget-wrap elementor-element-populated\">\n\t\t\t\t\t\t<div class=\"elementor-element elementor-element-7c36d67 elementor-widget elementor-widget-spacer\" data-id=\"7c36d67\" data-element_type=\"widget\" data-e-type=\"widget\" data-widget_type=\"spacer.default\">\n\t\t\t\t<div class=\"elementor-widget-container\">\n\t\t\t\t\t\t\t<div class=\"elementor-spacer\">\n\t\t\t<div class=\"elementor-spacer-inner\"><\/div>\n\t\t<\/div>\n\t\t\t\t\t\t<\/div>\n\t\t\t\t<\/div>\n\t\t\t\t\t<\/div>\n\t\t<\/div>\n\t\t\t\t\t<\/div>\n\t\t<\/section>\n\t\t\t\t<section class=\"elementor-section elementor-top-section elementor-element elementor-element-d1ed651 elementor-section-boxed elementor-section-height-default elementor-section-height-default\" data-id=\"d1ed651\" data-element_type=\"section\" data-e-type=\"section\" data-settings=\"{&quot;background_background&quot;:&quot;classic&quot;}\">\n\t\t\t\t\t\t<div class=\"elementor-container elementor-column-gap-default\">\n\t\t\t\t\t<div class=\"elementor-column elementor-col-100 elementor-top-column elementor-element elementor-element-09c500f elementor-hidden-mobile\" data-id=\"09c500f\" data-element_type=\"column\" data-e-type=\"column\">\n\t\t\t<div class=\"elementor-widget-wrap elementor-element-populated\">\n\t\t\t\t\t\t<div class=\"elementor-element elementor-element-ae2f7e1 elementor-hidden-mobile elementor-widget elementor-widget-text-editor\" data-id=\"ae2f7e1\" data-element_type=\"widget\" data-e-type=\"widget\" data-widget_type=\"text-editor.default\">\n\t\t\t\t<div class=\"elementor-widget-container\">\n\t\t\t\t\t\t\t\t\t<p><span style=\"color: var( --e-global-color-text ); font-family: var( --e-global-typography-text-font-family ), Sans-serif; font-weight: var( --e-global-typography-text-font-weight );\">APCON respekterer sine bes\u00f8gendes privatliv, is\u00e6r deres rettigheder i forbindelse med automatisk behandling af personoplysninger. Vi har derfor formuleret og implementeret en politik om fuldst\u00e6ndig gennemsigtighed over for vores kunder med hensyn til behandling af personoplysninger, deres form\u00e5l og mulighederne for at ud\u00f8ve deres juridiske rettigheder p\u00e5 den bedst mulige m\u00e5de.<\/span><\/p><p>\u00a0<\/p><p>Hvis du har brug for yderligere oplysninger om beskyttelse af personoplysninger, kan du bes\u00f8ge webstedet for den hollandske databeskyttelsesmyndighed (Autoriteit Persoonsgegevens). <a href=\"https:\/\/autoriteitpersoonsgegevens.nl\/nl\">https:\/\/autoriteitpersoonsgegevens.nl\/nl<\/a><\/p><p>\u00a0<\/p><p>Indtil du accepterer brugen af cookies og andre sporingsenheder, vil vi ikke placere nogen ikke-anonymiserede analytiske cookies og\/eller sporingscookies p\u00e5 din computer, mobiltelefon eller tablet.<\/p><p>N\u00e5r du forts\u00e6tter med at bes\u00f8ge dette websted, accepterer du disse brugsbetingelser, og du accepterer brugen af cookies og andre sporingssystemer, medmindre vi har angivet en anden metode til at acceptere cookies p\u00e5 vores websted.<\/p><p>\u00a0<\/p><p>Den aktuelt tilg\u00e6ngelige version af dette privatliv er den eneste version, der g\u00e6lder, n\u00e5r du bes\u00f8ger vores websted, indtil en ny version erstatter den aktuelle version.<\/p><p>\u00a0<\/p><p>Artikel 1 - Definitioner<\/p><p>\u00a0<\/p><ol><li>Hjemmeside Grape-picking.com<\/li><\/ol><ol start=\"2\"><li>Ansvarlig for behandling af personoplysninger: APCON, etableret p\u00e5 Neutronstraat 10, 9743AM Groningen, Holland, handelskammernummer: 7737952.<\/li><\/ol><p>Artikel 2 - Adgang til webstedet<\/p><p>\u00a0<\/p><p>Adgang til og brug af hjemmesiden er strengt personlig. Du skal afst\u00e5 fra at bruge data og oplysninger p\u00e5 dette websted til dine egne kommercielle, politiske eller reklamem\u00e6ssige form\u00e5l samt eventuelle kommercielle tilbud, is\u00e6r uopfordrede elektroniske tilbud.<\/p><p>\u00a0<\/p><p>Artikel 3 - Hjemmesideindhold<\/p><p>\u00a0<\/p><p>Alle m\u00e6rker, billeder, tekster, kommentarer, illustrationer (animerede) billeder, videobilleder, lyde og alle de tekniske applikationer, der kan bruges til at drive dette websted og mere generelt alle de komponenter, der bruges p\u00e5 dette websted, er beskyttet af love om intellektuel ejendomsret. Enhver reproduktion, gentagelse, brug eller \u00e6ndring, p\u00e5 nogen m\u00e5de, af hele eller dele af det, herunder tekniske applikationer, uden forudg\u00e5ende skriftlig tilladelse fra den dataansvarlige, er strengt forbudt. Det forhold, at den dataansvarlige ikke umiddelbart griber ind over for en eventuel overtr\u00e6delse, kan ikke betragtes som et stiltiende samtykke eller som et afkald p\u00e5 retten til at retsforf\u00f8lge den part, der har beg\u00e5et overtr\u00e6delsen.<\/p><p>Artikel 4 - Administration af webstedet<\/p><p>\u00a0<\/p><p>Med henblik p\u00e5 korrekt administration af webstedet kan den dataansvarlige til enhver tid:<\/p><p>\u00a0<\/p><ul><li>Suspendere, afbryde, reducere eller afvise adgangen til hjemmesiden for en bestemt kategori af bes\u00f8gende.<\/li><li>Slet alle oplysninger, der kan forstyrre webstedets funktion eller er i strid med nationale eller internationale love eller er i strid med internetetikette.<\/li><li>G\u00f8r hjemmesiden midlertidigt utilg\u00e6ngelig for at udf\u00f8re opdateringer.<\/li><\/ul><p>Artikel 5 - Ansvarsomr\u00e5der<\/p><p>\u00a0<\/p><ol><li>Den dataansvarlige er ikke ansvarlig for eventuelle fejl, forstyrrelser, vanskeligheder eller afbrydelser i webstedets funktion, der for\u00e5rsager (midlertidig) utilg\u00e6ngelighed af webstedet eller af nogen af dets funktioner. Du er selv ansvarlig for den m\u00e5de, du s\u00f8ger forbindelse til vores hjemmeside p\u00e5. Du skal tage alle passende skridt til at beskytte dit udstyr og dine data mod farer som f.eks. virusangreb p\u00e5 internettet. Desuden er du ansvarlig for, hvilke hjemmesider du bes\u00f8ger, og hvilke oplysninger du s\u00f8ger.<\/li><li>Den dataansvarlige er ikke ansvarlig for eventuelle retssager, der anl\u00e6gges mod dig:<\/li><\/ol><ul><li>P\u00e5 grund af brugen af hjemmesiden eller tjenester, der er tilg\u00e6ngelige via internettet<\/li><li>For overtr\u00e6delse af vilk\u00e5rene i denne privatlivspolitik<\/li><\/ul><ol start=\"3\"><li>Den dataansvarlige er ikke ansvarlig for eventuelle skader, der opst\u00e5r for dig eller tredjeparter eller dit udstyr som f\u00f8lge af din forbindelse til eller brug af webstedet, og du vil afst\u00e5 fra enhver efterf\u00f8lgende (juridisk) handling mod den dataansvarlige.<\/li><li>Hvis den dataansvarlige er involveret i en tvist p\u00e5 grund af din (mis)brug af dette websted, har han ret til at (gen)kr\u00e6ve alle efterf\u00f8lgende skader fra dig.<\/li><\/ol><p>Artikel 6 - Indsamling af data<\/p><p>\u00a0<\/p><ol><li>Dine personlige data vil blive indsamlet af APCON.<\/li><li>Personoplysninger betyder alle oplysninger om en identificerbar fysisk person.<\/li><li>En identificerbar fysisk person er en person, der direkte eller indirekte kan identificeres, navnlig ved henvisning til en identifikator som f.eks. et navn, et identifikationsnummer, lokaliseringsdata, en onlineidentifikator eller en eller flere faktorer, der er specifikke for den fysiske persons fysiske, fysiologiske, genetiske, mentale, \u00f8konomiske, kulturelle eller sociale identitet.<\/li><li>De personoplysninger, der indsamles p\u00e5 webstedet, bruges hovedsageligt af den dataansvarlige til at opretholde et forhold til dig og landm\u00e6ndene med henblik p\u00e5 at behandle din rejse. De registreres i et (elektronisk) register.<\/li><\/ol><p>Artikel 7 - Dine rettigheder vedr\u00f8rende information<\/p><p>\u00a0<\/p><ol><li>I henhold til artikel 13, stk. 2, litra b, i GDPR har hver registreret ret til information om adgang til og berigtigelse, sletning og begr\u00e6nsning af behandlingen af sine personoplysninger samt ret til at g\u00f8re indsigelse mod behandlingen og ret til dataportabilitet.<\/li><li>Du kan ud\u00f8ve disse rettigheder ved at kontakte os p\u00e5 <a href=\"mailto:info@apcon.nl\">info@apcon.nl<\/a><\/li><li>Hver anmodning skal ledsages af en kopi af et gyldigt ID, hvor du s\u00e6tter din underskrift og angiver den adresse, hvor vi kan kontakte dig.<\/li><li>Inden for en m\u00e5ned efter den indsendte anmodning vil du modtage et svar fra os.<\/li><li>Afh\u00e6ngigt af kompleksiteten og antallet af anmodninger kan denne periode forl\u00e6nges til to m\u00e5neder.<\/li><\/ol><p>Artikel 8 - Juridiske forpligtelser<\/p><p>\u00a0<\/p><ol><li>I tilf\u00e6lde af overtr\u00e6delse af love eller bestemmelser, som en bes\u00f8gende mist\u00e6nkes for, og hvor myndighederne har brug for de personoplysninger, der er indsamlet af den dataansvarlige, vil de blive udleveret efter en udtrykkelig og begrundet anmodning fra disse myndigheder, hvorefter disse personoplysninger ikke l\u00e6ngere falder ind under beskyttelsen af bestemmelserne i denne privatlivspolitik.<\/li><li>Hvis nogen oplysninger er n\u00f8dvendige for at f\u00e5 adgang til visse funktioner p\u00e5 webstedet, vil den dataansvarlige angive, at disse oplysninger er obligatoriske, n\u00e5r der anmodes om disse data.<\/li><\/ol><p>Artikel 9 - Indsamlede data og kommercielle tilbud<\/p><p>\u00a0<\/p><ol><li>Du kan modtage kommercielle tilbud fra den dataansvarlige. Hvis du ikke (l\u00e6ngere) \u00f8nsker at modtage dem, bedes du sende os en e-mail til f\u00f8lgende adresse: <a href=\"mailto:info@apcon.nl\">info@apcon.nl<\/a><\/li><li>Dine personlige data vil ikke blive brugt af vores partnere til kommercielle form\u00e5l.<\/li><li>Hvis du st\u00f8der p\u00e5 personoplysninger fra andre registrerede, n\u00e5r du bes\u00f8ger vores websted, skal du afst\u00e5 fra indsamling, uautoriseret brug eller enhver anden handling, der udg\u00f8r en kr\u00e6nkelse af den eller de p\u00e5g\u00e6ldende registreredes privatliv. Den dataansvarlige er ikke ansvarlig under disse omst\u00e6ndigheder.<\/li><\/ol><p>Artikel 10 - Opbevaring af data<\/p><p>\u00a0<\/p><p>\u00a0\u00a0\u00a0\u00a0\u00a0\u00a0\u00a0\u00a0\u00a0\u00a0\u00a0 De indsamlede data anvendes og opbevares i det tidsrum, der er fastsat ved lov.<\/p><p>\u00a0<\/p><p>Artikel 11 - Cookies<\/p><p>\u00a0<\/p><ol><li>N\u00e5r du bes\u00f8ger vores hjemmeside, kan cookies fra den dataansvarlige og\/eller tredjeparter blive installeret p\u00e5 dit udstyr.<\/li><li>For at f\u00e5 flere oplysninger om brug, h\u00e5ndtering og sletning af cookies p\u00e5 alle elektroniske enheder, opfordrer vi dig til at l\u00e6se f\u00f8lgende link: <a href=\"https:\/\/autoriteitpersoonsgegevens.nl\/nl\/onderwerpen\/internet-telefoon-tv-en-post\/cookies#faq\">https:\/\/autoriteitpersoonsgegevens.nl\/nl\/onderwerpen\/internet-telefoon-tv-en-post\/cookies#faq<\/a><\/li><\/ol><p>Artikel 12 - Billedmateriale og tilbudte produkter<\/p><p>\u00a0<\/p><p>Du kan ikke udlede nogen rettigheder fra de billeder, der ledsager ethvert tilbudt produkt p\u00e5 vores hjemmeside.<\/p><p>\u00a0<\/p><p>Artikel 13. - G\u00e6ldende lov<\/p><p>\u00a0<\/p><p>Disse betingelser er underlagt hollandsk lov. Retten i det distrikt, hvor den dataansvarlige har sit forretningssted, har enekompetence, hvis der opst\u00e5r en tvist vedr\u00f8rende disse betingelser, medmindre der g\u00e6lder en juridisk undtagelse.<\/p><p>\u00a0<\/p><p>Artikel 14 - Kontakt<\/p><p>\u00a0<\/p><p>For sp\u00f8rgsm\u00e5l, produktinformation eller information om selve hjemmesiden, kontakt venligst: Team APCON, <a href=\"mailto:info@apcon.nl\">info@apcon.nl<\/a><\/p><p>\u00a0<\/p><p>Denne fortrolighedserkl\u00e6ring g\u00e6lder fra 2022 og indtil videre.<\/p><p>\u00a0<\/p>\t\t\t\t\t\t\t\t<\/div>\n\t\t\t\t<\/div>\n\t\t\t\t\t<\/div>\n\t\t<\/div>\n\t\t\t\t\t<\/div>\n\t\t<\/section>\n\t\t\t\t<\/div>","protected":false},"excerpt":{"rendered":"<p>Privacy Policy Privacy policy APCON respects the privacy of its visitors, in particular their rights regarding the automatic processing of personal data. We have therefore formulated and implemented a policy on complete transparency with our costumers regarding the processing of personal data, its purpose(s) and the possibilities to exercise your [&hellip;]<\/p>\n","protected":false},"author":1,"featured_media":0,"parent":0,"menu_order":0,"comment_status":"closed","ping_status":"open","template":"","meta":{"_glsr_average":0,"_glsr_ranking":0,"_glsr_reviews":0,"footnotes":""},"class_list":["post-16013","page","type-page","status-publish","hentry"],"_links":{"self":[{"href":"https:\/\/grape-picking.com\/da\/wp-json\/wp\/v2\/pages\/16013","targetHints":{"allow":["GET"]}}],"collection":[{"href":"https:\/\/grape-picking.com\/da\/wp-json\/wp\/v2\/pages"}],"about":[{"href":"https:\/\/grape-picking.com\/da\/wp-json\/wp\/v2\/types\/page"}],"author":[{"embeddable":true,"href":"https:\/\/grape-picking.com\/da\/wp-json\/wp\/v2\/users\/1"}],"replies":[{"embeddable":true,"href":"https:\/\/grape-picking.com\/da\/wp-json\/wp\/v2\/comments?post=16013"}],"version-history":[{"count":10,"href":"https:\/\/grape-picking.com\/da\/wp-json\/wp\/v2\/pages\/16013\/revisions"}],"predecessor-version":[{"id":19690,"href":"https:\/\/grape-picking.com\/da\/wp-json\/wp\/v2\/pages\/16013\/revisions\/19690"}],"wp:attachment":[{"href":"https:\/\/grape-picking.com\/da\/wp-json\/wp\/v2\/media?parent=16013"}],"curies":[{"name":"wp","href":"https:\/\/api.w.org\/{rel}","templated":true}]}}