{"id":19722,"date":"2022-06-20T18:00:10","date_gmt":"2022-06-20T18:00:10","guid":{"rendered":"https:\/\/grape-picking.com\/?page_id=19722"},"modified":"2022-06-20T18:09:27","modified_gmt":"2022-06-20T18:09:27","slug":"algemene-voorwaarden","status":"publish","type":"page","link":"https:\/\/grape-picking.com\/cs\/algemene-voorwaarden\/","title":{"rendered":"V\u0161eobecn\u00e9 podm\u00ednky"},"content":{"rendered":"<div data-elementor-type=\"wp-page\" data-elementor-id=\"19722\" class=\"elementor elementor-19722\" data-elementor-post-type=\"page\">\n\t\t\t\t\t\t<section class=\"elementor-section elementor-top-section elementor-element elementor-element-2cec084 elementor-section-boxed elementor-section-height-default elementor-section-height-default\" data-id=\"2cec084\" data-element_type=\"section\" data-e-type=\"section\">\n\t\t\t\t\t\t<div class=\"elementor-container elementor-column-gap-default\">\n\t\t\t\t\t<div class=\"elementor-column elementor-col-100 elementor-top-column elementor-element elementor-element-fbeeb53\" data-id=\"fbeeb53\" data-element_type=\"column\" data-e-type=\"column\">\n\t\t\t<div class=\"elementor-widget-wrap elementor-element-populated\">\n\t\t\t\t\t\t<div class=\"elementor-element elementor-element-6ca04d7 elementor-widget elementor-widget-heading\" data-id=\"6ca04d7\" data-element_type=\"widget\" data-e-type=\"widget\" data-widget_type=\"heading.default\">\n\t\t\t\t<div class=\"elementor-widget-container\">\n\t\t\t\t\t<h2 class=\"elementor-heading-title elementor-size-default\">P\u0159idejte sem sv\u00e9 z\u00e1hlav\u00ed<\/h2>\t\t\t\t<\/div>\n\t\t\t\t<\/div>\n\t\t\t\t\t<\/div>\n\t\t<\/div>\n\t\t\t\t\t<\/div>\n\t\t<\/section>\n\t\t\t\t<section class=\"elementor-section elementor-top-section elementor-element elementor-element-b574b84 elementor-section-boxed elementor-section-height-default elementor-section-height-default\" data-id=\"b574b84\" data-element_type=\"section\" data-e-type=\"section\">\n\t\t\t\t\t\t<div class=\"elementor-container elementor-column-gap-default\">\n\t\t\t\t\t<div class=\"elementor-column elementor-col-100 elementor-top-column elementor-element elementor-element-276623f\" data-id=\"276623f\" data-element_type=\"column\" data-e-type=\"column\">\n\t\t\t<div class=\"elementor-widget-wrap elementor-element-populated\">\n\t\t\t\t\t\t<div class=\"elementor-element elementor-element-ace8e9d elementor-widget elementor-widget-heading\" data-id=\"ace8e9d\" data-element_type=\"widget\" data-e-type=\"widget\" data-widget_type=\"heading.default\">\n\t\t\t\t<div class=\"elementor-widget-container\">\n\t\t\t\t\t<h2 class=\"elementor-heading-title elementor-size-default\">jfhjff<\/h2>\t\t\t\t<\/div>\n\t\t\t\t<\/div>\n\t\t\t\t\t<\/div>\n\t\t<\/div>\n\t\t\t\t\t<\/div>\n\t\t<\/section>\n\t\t\t\t<section class=\"elementor-section elementor-top-section elementor-element elementor-element-715481b elementor-section-boxed elementor-section-height-default elementor-section-height-default\" data-id=\"715481b\" data-element_type=\"section\" data-e-type=\"section\">\n\t\t\t\t\t\t<div class=\"elementor-container elementor-column-gap-default\">\n\t\t\t\t\t<div class=\"elementor-column elementor-col-100 elementor-top-column elementor-element elementor-element-d50f90d\" data-id=\"d50f90d\" data-element_type=\"column\" data-e-type=\"column\">\n\t\t\t<div class=\"elementor-widget-wrap elementor-element-populated\">\n\t\t\t\t\t\t<div class=\"elementor-element elementor-element-aa62836 elementor-widget elementor-widget-spacer\" data-id=\"aa62836\" data-element_type=\"widget\" data-e-type=\"widget\" data-widget_type=\"spacer.default\">\n\t\t\t\t<div class=\"elementor-widget-container\">\n\t\t\t\t\t\t\t<div class=\"elementor-spacer\">\n\t\t\t<div class=\"elementor-spacer-inner\"><\/div>\n\t\t<\/div>\n\t\t\t\t\t\t<\/div>\n\t\t\t\t<\/div>\n\t\t\t\t\t<\/div>\n\t\t<\/div>\n\t\t\t\t\t<\/div>\n\t\t<\/section>\n\t\t\t\t<section class=\"elementor-section elementor-top-section elementor-element elementor-element-22bc020 elementor-section-boxed elementor-section-height-default elementor-section-height-default\" data-id=\"22bc020\" data-element_type=\"section\" data-e-type=\"section\">\n\t\t\t\t\t\t<div class=\"elementor-container elementor-column-gap-default\">\n\t\t\t\t\t<div class=\"elementor-column elementor-col-100 elementor-top-column elementor-element elementor-element-23cf028\" data-id=\"23cf028\" data-element_type=\"column\" data-e-type=\"column\">\n\t\t\t<div class=\"elementor-widget-wrap elementor-element-populated\">\n\t\t\t\t\t\t<div class=\"elementor-element elementor-element-7cfa94b elementor-widget elementor-widget-heading\" data-id=\"7cfa94b\" data-element_type=\"widget\" data-e-type=\"widget\" data-widget_type=\"heading.default\">\n\t\t\t\t<div class=\"elementor-widget-container\">\n\t\t\t\t\t<h2 class=\"elementor-heading-title elementor-size-default\">V\u0161eobecn\u00e9 podm\u00ednky<\/h2>\t\t\t\t<\/div>\n\t\t\t\t<\/div>\n\t\t\t\t\t<\/div>\n\t\t<\/div>\n\t\t\t\t\t<\/div>\n\t\t<\/section>\n\t\t\t\t<section class=\"elementor-section elementor-top-section elementor-element elementor-element-ce0adca elementor-section-boxed elementor-section-height-default elementor-section-height-default\" data-id=\"ce0adca\" data-element_type=\"section\" data-e-type=\"section\" data-settings=\"{&quot;background_background&quot;:&quot;classic&quot;}\">\n\t\t\t\t\t\t<div class=\"elementor-container elementor-column-gap-default\">\n\t\t\t\t\t<div class=\"elementor-column elementor-col-100 elementor-top-column elementor-element elementor-element-1752394\" data-id=\"1752394\" data-element_type=\"column\" data-e-type=\"column\">\n\t\t\t<div class=\"elementor-widget-wrap elementor-element-populated\">\n\t\t\t\t\t\t<div class=\"elementor-element elementor-element-babc99d elementor-widget elementor-widget-text-editor\" data-id=\"babc99d\" data-element_type=\"widget\" data-e-type=\"widget\" data-widget_type=\"text-editor.default\">\n\t\t\t\t<div class=\"elementor-widget-container\">\n\t\t\t\t\t\t\t\t\t<p><br \/>Na t\u00e9to str\u00e1nce najdete v\u0161eobecn\u00e9 obchodn\u00ed podm\u00ednky spole\u010dnosti APCON. V t\u011bchto v\u0161eobecn\u00fdch<br \/>podm\u00ednky, uv\u00e1d\u00edme podm\u00ednky, za kter\u00fdch poskytujeme informace o na\u0161ich<br \/>webov\u00e9 str\u00e1nky pro v\u00e1s.<\/p><p><br \/><strong>Du\u0161evn\u00ed vlastnictv\u00ed<\/strong><\/p><p><br \/>Pou\u017e\u00edv\u00e1n\u00ed informac\u00ed na t\u011bchto webov\u00fdch str\u00e1nk\u00e1ch je bezplatn\u00e9, pokud neud\u011bl\u00e1te<br \/>kop\u00edrovat, distribuovat nebo jinak pou\u017e\u00edvat \u010di zneu\u017e\u00edvat. Nesm\u00edte pou\u017e\u00edvat<br \/>znovu pou\u017e\u00edt informace na t\u011bchto webov\u00fdch str\u00e1nk\u00e1ch pouze v souladu s p\u0159edpisy o<br \/>z\u00e1vazn\u00e9 pr\u00e1vo.<br \/>Bez v\u00fdslovn\u00e9ho p\u00edsemn\u00e9ho souhlasu,<br \/>opakovan\u011b pou\u017e\u00edvat fotografick\u00e9 nebo jin\u00e9 materi\u00e1ly na t\u011bchto webov\u00fdch str\u00e1nk\u00e1ch. Na<br \/>du\u0161evn\u00ed vlastnictv\u00ed pat\u0159\u00ed .<\/p><p><br \/><strong>P\u0159\u00edpadn\u011b:<\/strong><\/p><p><br \/>Za ceny uveden\u00e9 na na\u0161ich webov\u00fdch str\u00e1nk\u00e1ch se sna\u017e\u00edme b\u00fdt co nejni\u017e\u0161\u00ed.<br \/>pe\u010dliv\u00e9 zobrazen\u00ed skute\u010dnosti a zam\u00fd\u0161len\u00fdch cen. Chyby, kter\u00e9<br \/>z nich vypl\u00fdvaj\u00ed a jsou identifikovateln\u00e9 jako program\u00e1torsk\u00e9 nebo tiskov\u00e9 chyby, p\u0159edstavuj\u00ed<br \/>nikdy nen\u00ed d\u016fvod tvrdit, \u017ee smlouva nebo dohoda s<br \/>nebo p\u0159edpokl\u00e1dat.<br \/>\u00a0se sna\u017e\u00ed udr\u017eovat sv\u00e9 webov\u00e9 str\u00e1nky co nejaktu\u00e1ln\u011bj\u0161\u00ed. Pokud by i p\u0159es tuto snahu<br \/>informace nebo obsah jsou ne\u00fapln\u00e9 nebo nespr\u00e1vn\u00e9, m\u016f\u017eeme.<br \/>za to neneseme \u017e\u00e1dnou odpov\u011bdnost.<br \/>Informace a\/nebo produkty na t\u011bchto webov\u00fdch str\u00e1nk\u00e1ch jsou nab\u00edzeny bez jak\u00e9hokoli<br \/>forma z\u00e1ruky nebo n\u00e1roku na p\u0159esnost. Vyhrazujeme si pr\u00e1vo<br \/>upravovat, odstra\u0148ovat nebo znovu zve\u0159ej\u0148ovat tyto materi\u00e1ly bez jak\u00e9hokoli<br \/>nep\u0159eb\u00edr\u00e1 \u017e\u00e1dnou odpov\u011bdnost za jak\u00e9koli informace.<br \/>obsa\u017een\u00e9 na webov\u00fdch str\u00e1nk\u00e1ch, na kter\u00e9 odkazujeme prost\u0159ednictv\u00edm hypertextov\u00fdch odkaz\u016f.<\/p><p><br \/><strong>Zm\u011bny<\/strong><\/p><p>Pokud se tyto podm\u00ednky zm\u011bn\u00ed, najdete nejnov\u011bj\u0161\u00ed verzi.<br \/>z\u0159eknut\u00ed se odpov\u011bdnosti na t\u00e9to str\u00e1nce.<\/p>\t\t\t\t\t\t\t\t<\/div>\n\t\t\t\t<\/div>\n\t\t\t\t\t<\/div>\n\t\t<\/div>\n\t\t\t\t\t<\/div>\n\t\t<\/section>\n\t\t\t\t<\/div>","protected":false},"excerpt":{"rendered":"<p>Voeg je header hier toe jfhjff Algemene Voorwaarden Op deze pagina vindt u de algemene voorwaarden van\u00a0APCON. In deze algemenevoorwaarden geven wij aan onder welk voorbehoud wij de informatie op onzewebsite aan u aanbieden. Intellectueel eigendom Het gebruik van de informatie op deze website is gratis zolang u deze informatie [&hellip;]<\/p>\n","protected":false},"author":1,"featured_media":0,"parent":0,"menu_order":0,"comment_status":"closed","ping_status":"closed","template":"","meta":{"_glsr_average":0,"_glsr_ranking":0,"_glsr_reviews":0,"footnotes":""},"class_list":["post-19722","page","type-page","status-publish","hentry"],"_links":{"self":[{"href":"https:\/\/grape-picking.com\/cs\/wp-json\/wp\/v2\/pages\/19722","targetHints":{"allow":["GET"]}}],"collection":[{"href":"https:\/\/grape-picking.com\/cs\/wp-json\/wp\/v2\/pages"}],"about":[{"href":"https:\/\/grape-picking.com\/cs\/wp-json\/wp\/v2\/types\/page"}],"author":[{"embeddable":true,"href":"https:\/\/grape-picking.com\/cs\/wp-json\/wp\/v2\/users\/1"}],"replies":[{"embeddable":true,"href":"https:\/\/grape-picking.com\/cs\/wp-json\/wp\/v2\/comments?post=19722"}],"version-history":[{"count":4,"href":"https:\/\/grape-picking.com\/cs\/wp-json\/wp\/v2\/pages\/19722\/revisions"}],"predecessor-version":[{"id":19726,"href":"https:\/\/grape-picking.com\/cs\/wp-json\/wp\/v2\/pages\/19722\/revisions\/19726"}],"wp:attachment":[{"href":"https:\/\/grape-picking.com\/cs\/wp-json\/wp\/v2\/media?parent=19722"}],"curies":[{"name":"wp","href":"https:\/\/api.w.org\/{rel}","templated":true}]}}